{"id":21408,"date":"2025-09-16T10:57:36","date_gmt":"2025-09-16T08:57:36","guid":{"rendered":"https:\/\/poppersparadise.eu\/?post_type=product&#038;p=21408"},"modified":"2026-03-29T23:23:21","modified_gmt":"2026-03-29T21:23:21","slug":"el-radikal-de-rush-30ml-poppers","status":"publish","type":"product","link":"https:\/\/poppersparadise.eu\/es\/product\/the-radikal-by-rush-30ml-poppers\/","title":{"rendered":"Radikal Rush 30ml"},"content":{"rendered":"<h2 class=\"wp-block-heading\">Radikal Rush 30ml Poppers: potencia en una botella met\u00e1lica<\/h2>\n\n\n\n<p>Radikal Rush 30ml Poppers es un difusor de fragancias dise\u00f1ado para la difusi\u00f3n instant\u00e1nea e intensa de fragancias. Este producto de primera calidad responde perfectamente a las expectativas de los usuarios que buscan potencia y eficacia inmediata.<\/p>\n\n\n\n<p>Gracias a su gran tama\u00f1o, es una opci\u00f3n ideal para los clientes que desean combinar un potente difusor de fragancias con facilidad de uso y portabilidad.<\/p>\n\n\n\n<h3 class=\"wp-block-heading\">\u00bfPor qu\u00e9 elegir Radikal Rush 30ml Poppers?<\/h3>\n\n\n\n<ul class=\"wp-block-list\">\n<li><strong>Efecto directo:<\/strong>&nbsp;Desarrollado para una difusi\u00f3n r\u00e1pida e intensa de la fragancia.<\/li>\n\n\n\n<li><strong>Gran formato:<\/strong>&nbsp;Pr\u00e1ctico y m\u00e1s fresco durante m\u00e1s tiempo gracias al envase met\u00e1lico.<\/li>\n\n\n\n<li><strong>Calidad superior:<\/strong>&nbsp;Especialmente dise\u00f1ado para usuarios muy exigentes con su difusor de fragancias.<\/li>\n<\/ul>\n\n\n\n<h3 class=\"wp-block-heading\">Informaci\u00f3n importante para el usuario<\/h3>\n\n\n\n<ul class=\"wp-block-list\">\n<li>Este producto est\u00e1 destinado a utilizarse \u00fanicamente como difusor de fragancias o disolvente de limpieza.<\/li>\n\n\n\n<li>No es apto para el consumo humano ni para la inhalaci\u00f3n.<\/li>\n\n\n\n<li>Evitar el contacto directo con la piel debido a sus propiedades c\u00e1usticas.<\/li>\n\n\n\n<li>Gu\u00e1rdelo en un lugar fresco y oscuro y cierre bien el frasco despu\u00e9s de usarlo.<\/li>\n<\/ul>\n\n\n\n<h3 class=\"wp-block-heading\">Advertencias<\/h3>\n\n\n\n<ul class=\"wp-block-list\">\n<li>L\u00edquido y vapores f\u00e1cilmente inflamables (H225).<\/li>\n\n\n\n<li>Provoca irritaci\u00f3n cut\u00e1nea y ocular (H315\/H319).<\/li>\n\n\n\n<li>T\u00f3xico por inhalaci\u00f3n (H331).<\/li>\n\n\n\n<li>No es un medicamento ni un producto m\u00e9dico.<\/li>\n\n\n\n<li>Utilizar s\u00f3lo seg\u00fan las indicaciones.<\/li>\n<\/ul>\n\n\n\n<h3 class=\"wp-block-heading\">Almacenamiento<\/h3>\n\n\n\n<ul class=\"wp-block-list\">\n<li>Conservar en lugar fresco y seco.<\/li>\n\n\n\n<li>Mantener fuera del alcance de los ni\u00f1os.<\/li>\n<\/ul>\n\n\n\n<h3 class=\"wp-block-heading\">Pa\u00eds de origen<\/h3>\n\n\n\n<p>Francia<\/p>\n\n\n\n<h3 class=\"wp-block-heading\">\u00bfPor qu\u00e9 elegir Radikal Rush 30ml Poppers?<\/h3>\n\n\n\n<p>Radikal Rush 30ml Poppers combina una potente difusi\u00f3n de fragancias con un dise\u00f1o met\u00e1lico y pr\u00e1ctico. Perfecto para clientes que buscan un difusor de fragancias de alta calidad con efecto instant\u00e1neo.<\/p>\n\n\n\n<p>Pida hoy mismo su botella de Radikal Rush 30ml Poppers y descubra por qu\u00e9 este producto es uno de los favoritos entre los usuarios de difusores de aromas.<\/p>\n\n\n\n<p><\/p>","protected":false},"excerpt":{"rendered":"<p><strong><br \/>ACCESORIOS COMPATIBLES:<\/strong><\/p>\n<ul>\n<li><a href=\"https:\/\/poppersparadise.eu\/es\/categoria-de-productos\/accesorios\/olfateadores-pequenos\/\">Olfateadores Peque\u00f1os<\/a><\/li>\n<\/ul>","protected":false},"featured_media":21409,"comment_status":"open","ping_status":"closed","template":"","meta":{"_acf_changed":false},"product_brand":[751],"product_cat":[35],"product_tag":[],"class_list":{"0":"post-21408","1":"product","2":"type-product","3":"status-publish","4":"has-post-thumbnail","6":"product_brand-rush","7":"product_cat-grote-flesjes-poppers","9":"first","10":"instock","11":"taxable","12":"shipping-taxable","13":"purchasable","14":"product-type-simple"},"acf":[],"df_price":7.95,"df_sale_price":"","df_regular_price":7.95,"df_image_link":"https:\/\/poppersparadise.eu\/wp-content\/uploads\/2025\/09\/radikal-by-rush-30ml-300x300.jpg","_links":{"self":[{"href":"https:\/\/poppersparadise.eu\/es\/wp-json\/wp\/v2\/product\/21408","targetHints":{"allow":["GET"]}}],"collection":[{"href":"https:\/\/poppersparadise.eu\/es\/wp-json\/wp\/v2\/product"}],"about":[{"href":"https:\/\/poppersparadise.eu\/es\/wp-json\/wp\/v2\/types\/product"}],"replies":[{"embeddable":true,"href":"https:\/\/poppersparadise.eu\/es\/wp-json\/wp\/v2\/comments?post=21408"}],"wp:featuredmedia":[{"embeddable":true,"href":"https:\/\/poppersparadise.eu\/es\/wp-json\/wp\/v2\/media\/21409"}],"wp:attachment":[{"href":"https:\/\/poppersparadise.eu\/es\/wp-json\/wp\/v2\/media?parent=21408"}],"wp:term":[{"taxonomy":"product_brand","embeddable":true,"href":"https:\/\/poppersparadise.eu\/es\/wp-json\/wp\/v2\/product_brand?post=21408"},{"taxonomy":"product_cat","embeddable":true,"href":"https:\/\/poppersparadise.eu\/es\/wp-json\/wp\/v2\/product_cat?post=21408"},{"taxonomy":"product_tag","embeddable":true,"href":"https:\/\/poppersparadise.eu\/es\/wp-json\/wp\/v2\/product_tag?post=21408"}],"curies":[{"name":"wp","href":"https:\/\/api.w.org\/{rel}","templated":true}]}}