{"id":20681,"date":"2025-08-20T15:26:21","date_gmt":"2025-08-20T13:26:21","guid":{"rendered":"https:\/\/poppersparadise.eu\/?post_type=product&#038;p=20681"},"modified":"2026-04-09T12:22:16","modified_gmt":"2026-04-09T10:22:16","slug":"fuck-me-25ml-poppers","status":"publish","type":"product","link":"https:\/\/poppersparadise.eu\/es\/product\/fuck-me-25ml-poppers\/","title":{"rendered":"Fuck Me 25ml"},"content":{"rendered":"<h2 class=\"wp-block-heading\">Fuck Me 25ml Poppers - Para una experiencia olfativa intensa<\/h2>\n\n\n\n<p>Descubra una nueva dimensi\u00f3n de experiencia olfativa con el Fuck Me 25ml Poppers. Esta potente f\u00f3rmula se ha desarrollado especialmente para los amantes que buscan una experiencia \u00fanica e intensa. Perfectamente envasado en un frasco compacto de 25 ml, este producto es ideal para viajar o para un uso discreto.<\/p>\n\n\n\n<h3 class=\"wp-block-heading\">Caracter\u00edsticas principales<\/h3>\n\n\n\n<ul class=\"wp-block-list\">\n<li><strong>Potente f\u00f3rmula<\/strong>: Contiene nitrito de isopropilo, elaborado con ingredientes de alta calidad para una experiencia de fragancia intensa.<\/li>\n\n\n\n<li><strong>Compacto y pr\u00e1ctico<\/strong>: El formato de 25 ml es c\u00f3modo de llevar y f\u00e1cil de usar.<\/li>\n\n\n\n<li><strong>Efecto directo<\/strong>: Crea un ambiente \u00fanico y libera inhibiciones.<\/li>\n\n\n\n<li><strong>Uso vers\u00e1til<\/strong>Ideal para momentos especiales y ocasiones sociales.<\/li>\n\n\n\n<li><strong>Atractivos descuentos por volumen<\/strong>: Ahorre m\u00e1s al comprar varias botellas.<\/li>\n<\/ul>\n\n\n\n<h3 class=\"wp-block-heading\">\u00bfC\u00f3mo utilizar Fuck Me 25ml Poppers?<\/h3>\n\n\n\n<p>Utilice estos poppers \u00fanicamente como difusores de fragancias o disolventes de limpieza. No son aptos para el consumo humano y no deben inhalarse. Guarde el frasco en un lugar fresco y oscuro para preservar su calidad y ci\u00e9rrelo herm\u00e9ticamente despu\u00e9s de usarlo.<\/p>\n\n\n\n<h3 class=\"wp-block-heading\">\u00bfPor qu\u00e9 elegir Fuck Me 25ml Poppers?<\/h3>\n\n\n\n<p>Con su potente f\u00f3rmula, pr\u00e1ctico envase y acci\u00f3n instant\u00e1nea, Fuck Me 25ml es uno de los favoritos entre los amantes de las experiencias arom\u00e1ticas intensas. Perfecto para compartir con amigos o disfrutar solo en ocasiones especiales.<\/p>\n\n\n\n<h3 class=\"wp-block-heading\">Advertencias<\/h3>\n\n\n\n<ul class=\"wp-block-list\">\n<li>L\u00edquido y vapores f\u00e1cilmente inflamables (H225).<\/li>\n\n\n\n<li>Provoca irritaci\u00f3n cut\u00e1nea y ocular (H315\/H319).<\/li>\n\n\n\n<li>T\u00f3xico por inhalaci\u00f3n (H331).<\/li>\n\n\n\n<li>No es un medicamento. Util\u00edcelo bajo su propia responsabilidad.<\/li>\n<\/ul>\n\n\n\n<h3 class=\"wp-block-heading\">Utilice<\/h3>\n\n\n\n<ul class=\"wp-block-list\">\n<li>S\u00f3lo se utiliza como difusor de fragancias o disolvente de limpieza.<\/li>\n\n\n\n<li>No es apto para el consumo humano y no debe inhalarse.<\/li>\n<\/ul>\n\n\n\n<h3 class=\"wp-block-heading\">Almacenamiento<\/h3>\n\n\n\n<ul class=\"wp-block-list\">\n<li>Conservar en lugar fresco y seco.<\/li>\n\n\n\n<li>Mantener fuera del alcance de los ni\u00f1os.<\/li>\n<\/ul>\n\n\n\n<h3 class=\"wp-block-heading\">Pa\u00eds de origen<\/h3>\n\n\n\n<ul class=\"wp-block-list\">\n<li>Francia<\/li>\n<\/ul>\n\n\n\n<p>Pida hoy mismo su Fuck Me 25ml Poppers y descubra por qu\u00e9 este producto es tan apreciado por los amantes de las experiencias arom\u00e1ticas intensas.<\/p>\n\n\n\n<p><\/p>","protected":false},"excerpt":{"rendered":"<p><strong><br \/>ACCESORIOS COMPATIBLES:<\/strong><\/p>\n<ul>\n<li><a href=\"https:\/\/poppersparadise.eu\/es\/categoria-de-productos\/accesorios\/olfateadores-grandes\/\">Olfateadores Grandes<\/a><\/li>\n<li><a href=\"https:\/\/poppersparadise.eu\/es\/producto\/xtrm-poppers-holder-grande-2\/\">XTRM Poppers Soporte grande<\/a><\/li>\n<li><a href=\"https:\/\/poppersparadise.eu\/es\/producto\/xtrm-poppers-keeper-grande-24ml-2\/\">XTRM Poppers Guardi\u00e1n grande<\/a><\/li>\n<\/ul>","protected":false},"featured_media":20682,"comment_status":"open","ping_status":"closed","template":"","meta":{"_acf_changed":false},"product_brand":[],"product_cat":[35],"product_tag":[],"class_list":{"0":"post-20681","1":"product","2":"type-product","3":"status-publish","4":"has-post-thumbnail","6":"product_cat-grote-flesjes-poppers","8":"first","9":"instock","10":"taxable","11":"shipping-taxable","12":"purchasable","13":"product-type-simple"},"acf":[],"df_price":6.95,"df_sale_price":"","df_regular_price":6.95,"df_image_link":"https:\/\/poppersparadise.eu\/wp-content\/uploads\/2025\/08\/fuck-me-25ml-300x300.jpg","_links":{"self":[{"href":"https:\/\/poppersparadise.eu\/es\/wp-json\/wp\/v2\/product\/20681","targetHints":{"allow":["GET"]}}],"collection":[{"href":"https:\/\/poppersparadise.eu\/es\/wp-json\/wp\/v2\/product"}],"about":[{"href":"https:\/\/poppersparadise.eu\/es\/wp-json\/wp\/v2\/types\/product"}],"replies":[{"embeddable":true,"href":"https:\/\/poppersparadise.eu\/es\/wp-json\/wp\/v2\/comments?post=20681"}],"wp:featuredmedia":[{"embeddable":true,"href":"https:\/\/poppersparadise.eu\/es\/wp-json\/wp\/v2\/media\/20682"}],"wp:attachment":[{"href":"https:\/\/poppersparadise.eu\/es\/wp-json\/wp\/v2\/media?parent=20681"}],"wp:term":[{"taxonomy":"product_brand","embeddable":true,"href":"https:\/\/poppersparadise.eu\/es\/wp-json\/wp\/v2\/product_brand?post=20681"},{"taxonomy":"product_cat","embeddable":true,"href":"https:\/\/poppersparadise.eu\/es\/wp-json\/wp\/v2\/product_cat?post=20681"},{"taxonomy":"product_tag","embeddable":true,"href":"https:\/\/poppersparadise.eu\/es\/wp-json\/wp\/v2\/product_tag?post=20681"}],"curies":[{"name":"wp","href":"https:\/\/api.w.org\/{rel}","templated":true}]}}