{"id":20113,"date":"2025-07-25T17:04:05","date_gmt":"2025-07-25T15:04:05","guid":{"rendered":"https:\/\/poppersparadise.eu\/?post_type=product&#038;p=20113"},"modified":"2026-04-21T13:14:19","modified_gmt":"2026-04-21T11:14:19","slug":"locker-room-jungle-juice-black-label-extreme-10ml-poppers","status":"publish","type":"product","link":"https:\/\/poppersparadise.eu\/es\/product\/lockerroom-jungle-juice-black-label-extreme-10ml-poppers\/","title":{"rendered":"Jungle Juice Black Label Extreme Formula 10ml (JJ)"},"content":{"rendered":"<h2 class=\"wp-block-heading\">Lockerroom Jungle Juice Black Label F\u00f3rmula Extrema 10ml poppers - potente cl\u00e1sico<\/h2>\n\n\n\n<p>Jungle Juice Black Label Extreme Formula es un difusor de fragancias ic\u00f3nico conocido por su composici\u00f3n potente y fiable. Desarrollado con la cl\u00e1sica f\u00f3rmula base de Pentyl, este producto ofrece una intensa experiencia de fragancia amada por usuarios de todo el mundo. Perfecto para quienes buscan un difusor de fragancias de alta calidad en un tama\u00f1o compacto.<\/p>\n\n\n\n<h3 class=\"wp-block-heading\">Caracter\u00edsticas principales de Jungle Juice Etiqueta Negra F\u00f3rmula Extrema<\/h3>\n\n\n\n<p>El frasco tiene una capacidad de 10 ml y contiene una composici\u00f3n de nitrito de pentilo di-sec butilcarbinol y 1 pentanol (n\u00ba CAS: 463-04-7, n\u00ba CE: 207-332-7). Esta f\u00f3rmula cuidadosamente desarrollada ofrece una experiencia de fragancia duradera y potente. El producto lo fabrica Lockerroom Canada, un reconocido fabricante de difusores de fragancias de alta calidad.<\/p>\n\n\n\n<h3 class=\"wp-block-heading\">\u00bfC\u00f3mo se utiliza Jungle Juice Etiqueta Negra F\u00f3rmula Extrema?<\/h3>\n\n\n\n<p>Utilice Jungle Juice Etiqueta Negra F\u00f3rmula Extrema s\u00f3lo como difusor de fragancias o disolvente de limpieza. No es apto para el consumo humano y no debe inhalarse. Almacene el producto en un lugar fresco y oscuro para preservar su calidad y cierre bien la botella despu\u00e9s de su uso debido a la naturaleza vol\u00e1til del producto.<\/p>\n\n\n\n<h3 class=\"wp-block-heading\">Por qu\u00e9 Jungle Juice Etiqueta Negra F\u00f3rmula Extrema es un favorito<\/h3>\n\n\n\n<p>Jungle Juice Black Label Extreme Formula es un cl\u00e1sico entre los difusores de fragancias. Su potente f\u00f3rmula a base de pentilo y su rendimiento fiable hacen de este producto uno de los favoritos de los entusiastas que buscan una experiencia de fragancia intensa.<\/p>\n\n\n\n<h3 class=\"wp-block-heading\">Advertencias<\/h3>\n\n\n\n<p>L\u00edquido y vapores f\u00e1cilmente inflamables (H225).<br>Provoca irritaci\u00f3n cut\u00e1nea y ocular (H315\/H319).<br>T\u00f3xico por inhalaci\u00f3n (H331).<br>No es un medicamento. Util\u00edcelo bajo su propia responsabilidad.<\/p>\n\n\n\n<h3 class=\"wp-block-heading\">Utilice<\/h3>\n\n\n\n<p>S\u00f3lo se utiliza como difusor de fragancias o disolvente de limpieza.<br>No es apto para el consumo humano y no debe inhalarse.<\/p>\n\n\n\n<h3 class=\"wp-block-heading\">Almacenamiento<\/h3>\n\n\n\n<p>Conservar en lugar fresco y seco. Mantener fuera del alcance de los ni\u00f1os.<\/p>\n\n\n\n<h3 class=\"wp-block-heading\">Pa\u00eds de origen<\/h3>\n\n\n\n<p>Canad\u00e1.<\/p>\n\n\n\n<p><\/p>","protected":false},"excerpt":{"rendered":"<p>Lockerroom Jungle Juice Black Label Extreme Formula 10ml poppers \u2013 krachtige klassieker Jungle Juice Black Label Extreme Formula is een iconische geurverspreider die bekend staat om zijn krachtige en betrouwbare samenstelling. Ontwikkeld met de klassieke Pentyl-basis formule, biedt dit product een intense geurervaring die geliefd is bij gebruikers wereldwijd. Perfect voor wie op zoek is [&hellip;]<\/p>\n","protected":false},"featured_media":20114,"comment_status":"open","ping_status":"closed","template":"","meta":{"_acf_changed":false},"product_brand":[745,772],"product_cat":[34],"product_tag":[],"class_list":{"0":"post-20113","1":"product","2":"type-product","3":"status-publish","4":"has-post-thumbnail","6":"product_brand-jungle-juice","7":"product_brand-lockerroom-jj","8":"product_cat-kleine-flesjes-poppers","10":"first","11":"instock","12":"taxable","13":"shipping-taxable","14":"purchasable","15":"product-type-simple"},"acf":[],"df_price":5.75,"df_sale_price":"","df_regular_price":5.75,"df_image_link":"https:\/\/poppersparadise.eu\/wp-content\/uploads\/2025\/07\/JJ-black-label-extreme-10ml-300x300.jpg","_links":{"self":[{"href":"https:\/\/poppersparadise.eu\/es\/wp-json\/wp\/v2\/product\/20113","targetHints":{"allow":["GET"]}}],"collection":[{"href":"https:\/\/poppersparadise.eu\/es\/wp-json\/wp\/v2\/product"}],"about":[{"href":"https:\/\/poppersparadise.eu\/es\/wp-json\/wp\/v2\/types\/product"}],"replies":[{"embeddable":true,"href":"https:\/\/poppersparadise.eu\/es\/wp-json\/wp\/v2\/comments?post=20113"}],"wp:featuredmedia":[{"embeddable":true,"href":"https:\/\/poppersparadise.eu\/es\/wp-json\/wp\/v2\/media\/20114"}],"wp:attachment":[{"href":"https:\/\/poppersparadise.eu\/es\/wp-json\/wp\/v2\/media?parent=20113"}],"wp:term":[{"taxonomy":"product_brand","embeddable":true,"href":"https:\/\/poppersparadise.eu\/es\/wp-json\/wp\/v2\/product_brand?post=20113"},{"taxonomy":"product_cat","embeddable":true,"href":"https:\/\/poppersparadise.eu\/es\/wp-json\/wp\/v2\/product_cat?post=20113"},{"taxonomy":"product_tag","embeddable":true,"href":"https:\/\/poppersparadise.eu\/es\/wp-json\/wp\/v2\/product_tag?post=20113"}],"curies":[{"name":"wp","href":"https:\/\/api.w.org\/{rel}","templated":true}]}}