{"id":20078,"date":"2025-07-24T20:59:52","date_gmt":"2025-07-24T18:59:52","guid":{"rendered":"https:\/\/poppersparadise.eu\/?post_type=product&#038;p=20078"},"modified":"2026-04-10T07:12:47","modified_gmt":"2026-04-10T05:12:47","slug":"lockerroom-jungle-juice-plus-extreme-formula-30ml-poppers","status":"publish","type":"product","link":"https:\/\/poppersparadise.eu\/es\/product\/lockerroom-jungle-juice-plus-extreme-formula-30ml-poppers\/","title":{"rendered":"Jungle Juice Plus Extreme Formula 30ml (JJ)"},"content":{"rendered":"<h2 class=\"wp-block-heading\">Lockerroom Jungle Juice Plus Extreme Formula 30ml poppers - cl\u00e1sico actualizado<\/h2>\n\n\n\n<p>Jungle Juice Plus Extreme Formula recupera la nostalgia del cl\u00e1sico Lockerroom Poppers, ahora en una formulaci\u00f3n actualizada y potente. Con un aroma \u00fanico y afrutado, este producto ofrece una experiencia de fragancia intensa perfecta para los amantes de los difusores de fragancias de alta calidad. El frasco grande de 30 ml es ideal para un uso prolongado.<\/p>\n\n\n\n<h3 class=\"wp-block-heading\">Caracter\u00edsticas principales de Jungle Juice Plus Extreme Formula<\/h3>\n\n\n\n<p>El frasco tiene una capacidad de 30 ml y contiene una mezcla cuidadosamente compuesta de ingredientes activos, incluida una masa de reacci\u00f3n de 1-pentanol, 2-metil-1-butanol, nitrito de 2-metilbutilo y nitrito de pentilo. Esta f\u00f3rmula \u00fanica garantiza una experiencia de fragancia duradera y potente. El producto lo fabrica Lockerroom Canada, uno de los principales fabricantes de difusores de fragancias.<\/p>\n\n\n\n<h3 class=\"wp-block-heading\">\u00bfC\u00f3mo se utiliza Jungle Juice Plus F\u00f3rmula Extrema?<\/h3>\n\n\n\n<p>Utilice Jungle Juice Plus Extreme Formula s\u00f3lo como dispersante de fragancias o disolvente de limpieza. No es apto para el consumo humano y no debe inhalarse. Almacene el producto en un lugar fresco y oscuro para preservar su calidad y cierre bien la botella despu\u00e9s de su uso debido a la naturaleza vol\u00e1til del producto.<\/p>\n\n\n\n<h3 class=\"wp-block-heading\">Por qu\u00e9 Jungle Juice Plus Extreme Formula es uno de los favoritos<\/h3>\n\n\n\n<p>Jungle Juice Plus Extreme Formula es un cl\u00e1sico actualizado que gusta a usuarios de todo el mundo. Su exclusiva fragancia afrutada y su potente composici\u00f3n hacen de este producto una elecci\u00f3n fiable para disfrutar de una intensa experiencia arom\u00e1tica.<\/p>\n\n\n\n<h3 class=\"wp-block-heading\">Advertencias<\/h3>\n\n\n\n<p>L\u00edquido y vapores f\u00e1cilmente inflamables (H225).<br>Provoca irritaci\u00f3n cut\u00e1nea y ocular (H315\/H319).<br>T\u00f3xico por inhalaci\u00f3n (H331).<br>No es un medicamento. Util\u00edcelo bajo su propia responsabilidad.<\/p>\n\n\n\n<h3 class=\"wp-block-heading\">Utilice<\/h3>\n\n\n\n<p>S\u00f3lo se utiliza como difusor de fragancias o disolvente de limpieza.<br>No es apto para el consumo humano y no debe inhalarse.<\/p>\n\n\n\n<h3 class=\"wp-block-heading\">Almacenamiento<\/h3>\n\n\n\n<p>Conservar en lugar fresco y seco. Mantener fuera del alcance de los ni\u00f1os.<\/p>\n\n\n\n<h3 class=\"wp-block-heading\">Pa\u00eds de origen<\/h3>\n\n\n\n<p>Canad\u00e1.<\/p>","protected":false},"excerpt":{"rendered":"<p>Lockerroom Jungle Juice Plus Extreme Formula 30ml poppers \u2013 vernieuwde klassieker Jungle Juice Plus Extreme Formula brengt de nostalgie van de klassieke Lockerroom Poppers terug, nu in een vernieuwde en krachtige samenstelling. Met een unieke, fruitige geur biedt dit product een intense geurervaring die perfect is voor liefhebbers van hoogwaardige geurverspreiders. De grote 30ml fles [&hellip;]<\/p>\n","protected":false},"featured_media":20079,"comment_status":"open","ping_status":"closed","template":"","meta":{"_acf_changed":false},"product_brand":[745,772],"product_cat":[35],"product_tag":[705],"class_list":{"0":"post-20078","1":"product","2":"type-product","3":"status-publish","4":"has-post-thumbnail","6":"product_brand-jungle-juice","7":"product_brand-lockerroom-jj","8":"product_cat-grote-flesjes-poppers","9":"product_tag-tube","11":"first","12":"instock","13":"taxable","14":"shipping-taxable","15":"purchasable","16":"product-type-simple"},"acf":[],"df_price":8.75,"df_sale_price":"","df_regular_price":8.75,"df_image_link":"https:\/\/poppersparadise.eu\/wp-content\/uploads\/2025\/07\/JJ-Plus-Extreme-Formula-300x300.jpg","_links":{"self":[{"href":"https:\/\/poppersparadise.eu\/es\/wp-json\/wp\/v2\/product\/20078","targetHints":{"allow":["GET"]}}],"collection":[{"href":"https:\/\/poppersparadise.eu\/es\/wp-json\/wp\/v2\/product"}],"about":[{"href":"https:\/\/poppersparadise.eu\/es\/wp-json\/wp\/v2\/types\/product"}],"replies":[{"embeddable":true,"href":"https:\/\/poppersparadise.eu\/es\/wp-json\/wp\/v2\/comments?post=20078"}],"wp:featuredmedia":[{"embeddable":true,"href":"https:\/\/poppersparadise.eu\/es\/wp-json\/wp\/v2\/media\/20079"}],"wp:attachment":[{"href":"https:\/\/poppersparadise.eu\/es\/wp-json\/wp\/v2\/media?parent=20078"}],"wp:term":[{"taxonomy":"product_brand","embeddable":true,"href":"https:\/\/poppersparadise.eu\/es\/wp-json\/wp\/v2\/product_brand?post=20078"},{"taxonomy":"product_cat","embeddable":true,"href":"https:\/\/poppersparadise.eu\/es\/wp-json\/wp\/v2\/product_cat?post=20078"},{"taxonomy":"product_tag","embeddable":true,"href":"https:\/\/poppersparadise.eu\/es\/wp-json\/wp\/v2\/product_tag?post=20078"}],"curies":[{"name":"wp","href":"https:\/\/api.w.org\/{rel}","templated":true}]}}