{"id":20030,"date":"2025-07-24T18:49:17","date_gmt":"2025-07-24T16:49:17","guid":{"rendered":"https:\/\/poppersparadise.eu\/?post_type=product&#038;p=20030"},"modified":"2026-02-26T12:36:59","modified_gmt":"2026-02-26T11:36:59","slug":"los-irrompibles-y-ultra-resistentes-poppers-de-amilo-de-10-ml","status":"publish","type":"product","link":"https:\/\/poppersparadise.eu\/es\/product\/the-unbreakable-ultra-strong-amyl-10ml-poppers\/","title":{"rendered":"The Unbreakable Ultra Strong Amyl 10ml"},"content":{"rendered":"<h2 class=\"wp-block-heading\">The Unbreakable Ultra Strong Amyl 10ml poppers: potencia y durabilidad en uno<\/h2>\n\n\n\n<p>Los poppers The Unbreakable Ultra Strong Amyl 10ml combinan una potente experiencia de fragancia con un innovador dise\u00f1o de botella irrompible. Ideal para aplicaciones intensas, aventuras de viaje y fiestas, sin preocuparse por roturas o fugas. Este difusor de fragancia ofrece una experiencia de fragancia duradera y robusta, perfecta para quienes buscan calidad y fiabilidad.<\/p>\n\n\n\n<h3 class=\"wp-block-heading\">Caracter\u00edsticas principales de The Unbreakable Ultra Strong Amyl<\/h3>\n\n\n\n<ul class=\"wp-block-list\">\n<li><strong>Botella irrompible<\/strong>Sin cristal, sin preocupaciones. Perfecto para viajar o para un uso intensivo.<\/li>\n\n\n\n<li><strong>F\u00f3rmula de amilo puro<\/strong>: Cuidadosamente formulado para una experiencia de fragancia potente y duradera.<\/li>\n\n\n\n<li><strong>Dise\u00f1o duradero<\/strong>: Mantiene el contenido fresco durante m\u00e1s tiempo y evita las fugas.<\/li>\n<\/ul>\n\n\n\n<h3 class=\"wp-block-heading\">\u00bfC\u00f3mo se utiliza The Unbreakable Ultra Strong Amyl?<\/h3>\n\n\n\n<p>Utilice The Unbreakable Ultra Strong Amyl \u00fanicamente como difusor de fragancias o disolvente de limpieza. No es apto para el consumo humano y no debe inhalarse. Guarde el producto en un lugar fresco y oscuro para preservar su calidad y cierre bien el frasco despu\u00e9s de usarlo.<\/p>\n\n\n\n<h3 class=\"wp-block-heading\">Por qu\u00e9 The Unbreakable Ultra Strong Amyl es uno de los favoritos<\/h3>\n\n\n\n<p>El Unbreakable Ultra Strong Amyl es una elecci\u00f3n \u00fanica entre los difusores de fragancias. Su dise\u00f1o robusto y seguro, combinado con su potente f\u00f3rmula de amilo, hacen de este producto el favorito de los aficionados que buscan una experiencia de fragancia intensa y duradera.<\/p>\n\n\n\n<h3 class=\"wp-block-heading\">Advertencias<\/h3>\n\n\n\n<p>L\u00edquido y vapores f\u00e1cilmente inflamables (H225).<br>Provoca irritaci\u00f3n cut\u00e1nea y ocular (H315\/H319).<br>T\u00f3xico por inhalaci\u00f3n (H331).<br>No es un medicamento. Util\u00edcelo bajo su propia responsabilidad.<\/p>\n\n\n\n<h3 class=\"wp-block-heading\">Utilice<\/h3>\n\n\n\n<p>S\u00f3lo se utiliza como difusor de fragancias o disolvente de limpieza.<br>No es apto para el consumo humano y no debe inhalarse.<\/p>\n\n\n\n<h3 class=\"wp-block-heading\">Almacenamiento<\/h3>\n\n\n\n<p>Conservar en lugar fresco y seco. Mantener fuera del alcance de los ni\u00f1os.<\/p>\n\n\n\n<h3 class=\"wp-block-heading\">Pa\u00eds de origen<\/h3>\n\n\n\n<p>UE.<\/p>\n\n\n\n<p><\/p>","protected":false},"excerpt":{"rendered":"<p><strong><br \/>ACCESORIOS COMPATIBLES:<\/strong><\/p>\n<ul>\n<li><a href=\"https:\/\/poppersparadise.eu\/es\/categoria-de-productos\/accesorios\/olfateadores-pequenos\/\">Olfateadores Peque\u00f1os<\/a><\/li>\n<li><a href=\"https:\/\/poppersparadise.eu\/es\/producto\/xtrm-poppers-houder-zwart-small\/\">XTRM Poppers Soporte Peque\u00f1o<\/a><\/li>\n<li><a href=\"https:\/\/poppersparadise.eu\/es\/producto\/xtrm-poppers-keeper-pequeno-10ml\/\">XTRM Poppers Guardi\u00e1n peque\u00f1o<\/a><\/li>\n<\/ul>","protected":false},"featured_media":20032,"comment_status":"open","ping_status":"closed","template":"","meta":{"_acf_changed":false},"product_brand":[736],"product_cat":[34],"product_tag":[],"class_list":{"0":"post-20030","1":"product","2":"type-product","3":"status-publish","4":"has-post-thumbnail","6":"product_brand-amyl","7":"product_cat-kleine-flesjes-poppers","9":"first","10":"instock","11":"taxable","12":"shipping-taxable","13":"purchasable","14":"product-type-simple"},"acf":[],"df_price":5.75,"df_sale_price":"","df_regular_price":5.75,"df_image_link":"https:\/\/poppersparadise.eu\/wp-content\/uploads\/2025\/07\/Unbreakable-10ml-1-300x300.jpg","_links":{"self":[{"href":"https:\/\/poppersparadise.eu\/es\/wp-json\/wp\/v2\/product\/20030","targetHints":{"allow":["GET"]}}],"collection":[{"href":"https:\/\/poppersparadise.eu\/es\/wp-json\/wp\/v2\/product"}],"about":[{"href":"https:\/\/poppersparadise.eu\/es\/wp-json\/wp\/v2\/types\/product"}],"replies":[{"embeddable":true,"href":"https:\/\/poppersparadise.eu\/es\/wp-json\/wp\/v2\/comments?post=20030"}],"wp:featuredmedia":[{"embeddable":true,"href":"https:\/\/poppersparadise.eu\/es\/wp-json\/wp\/v2\/media\/20032"}],"wp:attachment":[{"href":"https:\/\/poppersparadise.eu\/es\/wp-json\/wp\/v2\/media?parent=20030"}],"wp:term":[{"taxonomy":"product_brand","embeddable":true,"href":"https:\/\/poppersparadise.eu\/es\/wp-json\/wp\/v2\/product_brand?post=20030"},{"taxonomy":"product_cat","embeddable":true,"href":"https:\/\/poppersparadise.eu\/es\/wp-json\/wp\/v2\/product_cat?post=20030"},{"taxonomy":"product_tag","embeddable":true,"href":"https:\/\/poppersparadise.eu\/es\/wp-json\/wp\/v2\/product_tag?post=20030"}],"curies":[{"name":"wp","href":"https:\/\/api.w.org\/{rel}","templated":true}]}}