{"id":18023,"date":"2025-06-05T10:31:04","date_gmt":"2025-06-05T08:31:04","guid":{"rendered":"https:\/\/poppersparadise.eu\/?post_type=product&#038;p=18023"},"modified":"2026-02-26T12:36:27","modified_gmt":"2026-02-26T11:36:27","slug":"colores-liquidos-oxigeno-24ml-poppers","status":"publish","type":"product","link":"https:\/\/poppersparadise.eu\/es\/product\/liquid-colors-oxygen-24ml-poppers\/","title":{"rendered":"Liquid Colors Oxygen 24ml"},"content":{"rendered":"<h2 class=\"wp-block-heading\">Liquid Colors Oxygen 24ml poppers: elegancia e intensidad en uno<\/h2>\n\n\n\n<p>Liquid Colors Oxygen 24ml poppers es una sofisticada creaci\u00f3n de fabricaci\u00f3n francesa dise\u00f1ada para quienes buscan una experiencia de fragancia \u00fanica y potente. Con una mezcla exclusiva de nitritos de amilo y propilo y un dise\u00f1o elegante, este producto ofrece una experiencia de fragancia duradera y lujosa. Perfecto para momentos especiales, a solas o en pareja.<\/p>\n\n\n\n<h3 class=\"wp-block-heading\">Caracter\u00edsticas principales de Liquid Colors Oxygen<\/h3>\n\n\n\n<ul class=\"wp-block-list\">\n<li><strong>Composici\u00f3n exclusiva<\/strong>Nitritos de amilo y propilo: Una mezcla \u00fanica de nitritos de amilo y propilo para una experiencia de fragancia intensa.<\/li>\n\n\n\n<li><strong>Gran capacidad<\/strong>Frasco de 24 ml, ideal para un uso prolongado.<\/li>\n\n\n\n<li><strong>Lujo franc\u00e9s<\/strong>: Producido por una marca francesa de renombre, con atenci\u00f3n a la calidad y la elegancia.<\/li>\n\n\n\n<li><strong>Dise\u00f1o inspirador<\/strong>Inspirado en el ox\u00edgeno, s\u00edmbolo de la esencia y el infinito.<\/li>\n\n\n\n<li><strong>Coleccionable<\/strong>Botella elegante, perfecta para guardar.<\/li>\n<\/ul>\n\n\n\n<h3 class=\"wp-block-heading\">\u00bfC\u00f3mo se utiliza Liquid Colors Oxygen?<\/h3>\n\n\n\n<p>Utilice Liquid Colors Oxygen \u00fanicamente como difusor de fragancias o disolvente de limpieza. No es apto para el consumo humano y no debe inhalarse. Guarde el producto en un lugar fresco y oscuro para preservar su calidad y cierre bien el frasco despu\u00e9s de usarlo.<\/p>\n\n\n\n<h3 class=\"wp-block-heading\">Por qu\u00e9 Liquid Colors Oxygen es uno de los favoritos<\/h3>\n\n\n\n<p>Liquid Colors Oxygen es una elecci\u00f3n popular entre los difusores de fragancias. Su exclusiva composici\u00f3n, amplio contenido y elegante presentaci\u00f3n hacen de este producto uno de los favoritos para quienes buscan una experiencia de fragancia lujosa y fiable.<\/p>\n\n\n\n<h3 class=\"wp-block-heading\">Advertencias<\/h3>\n\n\n\n<p>L\u00edquido y vapores f\u00e1cilmente inflamables (H225).<br>Provoca irritaci\u00f3n cut\u00e1nea y ocular (H315\/H319).<br>T\u00f3xico por inhalaci\u00f3n (H331).<br>No es un medicamento. Util\u00edcelo bajo su propia responsabilidad.<\/p>\n\n\n\n<h3 class=\"wp-block-heading\">Utilice<\/h3>\n\n\n\n<p>S\u00f3lo se utiliza como difusor de fragancias o disolvente de limpieza.<br>No es apto para el consumo humano y no debe inhalarse.<\/p>\n\n\n\n<h3 class=\"wp-block-heading\">Almacenamiento<\/h3>\n\n\n\n<p>Conservar en lugar fresco y seco. Mantener fuera del alcance de los ni\u00f1os.<\/p>\n\n\n\n<h3 class=\"wp-block-heading\">Pa\u00eds de origen<\/h3>\n\n\n\n<p>Francia.<\/p>\n\n\n\n<p><\/p>","protected":false},"excerpt":{"rendered":"<p><strong><br \/>ACCESORIOS COMPATIBLES:<\/strong><\/p>\n<ul>\n<li><a href=\"https:\/\/poppersparadise.eu\/es\/categoria-de-productos\/accesorios\/olfateadores-pequenos\/\">Olfateadores Peque\u00f1os<\/a><\/li>\n<\/ul>","protected":false},"featured_media":18024,"comment_status":"open","ping_status":"closed","template":"","meta":{"_acf_changed":false},"product_brand":[754],"product_cat":[35],"product_tag":[],"class_list":{"0":"post-18023","1":"product","2":"type-product","3":"status-publish","4":"has-post-thumbnail","6":"product_brand-doctor-colors","7":"product_cat-grote-flesjes-poppers","9":"first","10":"instock","11":"taxable","12":"shipping-taxable","13":"purchasable","14":"product-type-simple"},"acf":[],"df_price":7.5,"df_sale_price":"","df_regular_price":7.5,"df_image_link":"https:\/\/poppersparadise.eu\/wp-content\/uploads\/2025\/06\/Liquid-colors-oxygen-300x270.jpg","_links":{"self":[{"href":"https:\/\/poppersparadise.eu\/es\/wp-json\/wp\/v2\/product\/18023","targetHints":{"allow":["GET"]}}],"collection":[{"href":"https:\/\/poppersparadise.eu\/es\/wp-json\/wp\/v2\/product"}],"about":[{"href":"https:\/\/poppersparadise.eu\/es\/wp-json\/wp\/v2\/types\/product"}],"replies":[{"embeddable":true,"href":"https:\/\/poppersparadise.eu\/es\/wp-json\/wp\/v2\/comments?post=18023"}],"wp:featuredmedia":[{"embeddable":true,"href":"https:\/\/poppersparadise.eu\/es\/wp-json\/wp\/v2\/media\/18024"}],"wp:attachment":[{"href":"https:\/\/poppersparadise.eu\/es\/wp-json\/wp\/v2\/media?parent=18023"}],"wp:term":[{"taxonomy":"product_brand","embeddable":true,"href":"https:\/\/poppersparadise.eu\/es\/wp-json\/wp\/v2\/product_brand?post=18023"},{"taxonomy":"product_cat","embeddable":true,"href":"https:\/\/poppersparadise.eu\/es\/wp-json\/wp\/v2\/product_cat?post=18023"},{"taxonomy":"product_tag","embeddable":true,"href":"https:\/\/poppersparadise.eu\/es\/wp-json\/wp\/v2\/product_tag?post=18023"}],"curies":[{"name":"wp","href":"https:\/\/api.w.org\/{rel}","templated":true}]}}