{"id":18019,"date":"2025-06-05T10:12:51","date_gmt":"2025-06-05T08:12:51","guid":{"rendered":"https:\/\/poppersparadise.eu\/?post_type=product&#038;p=18019"},"modified":"2026-03-26T17:08:38","modified_gmt":"2026-03-26T16:08:38","slug":"colores-liquidos-titanio-24ml-poppers","status":"publish","type":"product","link":"https:\/\/poppersparadise.eu\/es\/product\/liquid-colors-titanium-24ml-poppers\/","title":{"rendered":"Liquid Colors Titanium 24ml"},"content":{"rendered":"<h2 class=\"wp-block-heading\">Liquid Colors Titanium 24ml poppers: intensidad para un placer inolvidable<\/h2>\n\n\n\n<p>Liquid Colors Titanium 24ml poppers est\u00e1 especialmente dise\u00f1ado para quienes buscan una experiencia de fragancia potente y vibrante. Con un aroma intenso y un elegante dise\u00f1o de botella alargada, este producto es perfecto para ocasiones festivas. Creado por Doctor Colors, ofrece una combinaci\u00f3n \u00fanica de calidad e innovaci\u00f3n.<\/p>\n\n\n\n<h3 class=\"wp-block-heading\">Caracter\u00edsticas principales de Liquid Colors Titanium<\/h3>\n\n\n\n<ul class=\"wp-block-list\">\n<li><strong>Aroma intenso<\/strong>: Ideal para un ambiente en\u00e9rgico y animado.<\/li>\n\n\n\n<li><strong>Calidad francesa<\/strong>: Fabricado en Francia, con atenci\u00f3n a la artesan\u00eda y la fiabilidad.<\/li>\n\n\n\n<li><strong>Botella de colecci\u00f3n<\/strong>Dise\u00f1o alargado \u00fanico que destaca.<\/li>\n\n\n\n<li><strong>Composici\u00f3n exclusiva<\/strong>: Contiene nitrito de amilo para una potente experiencia arom\u00e1tica.<\/li>\n<\/ul>\n\n\n\n<h3 class=\"wp-block-heading\">\u00bfC\u00f3mo se utiliza Liquid Colors Titanium?<\/h3>\n\n\n\n<p>Utilice Liquid Colors Titanium \u00fanicamente como difusor de fragancias o disolvente de limpieza. No es apto para el consumo humano y no debe inhalarse. Guarde el producto en un lugar fresco y oscuro para preservar su calidad y cierre bien el frasco despu\u00e9s de usarlo.<\/p>\n\n\n\n<h3 class=\"wp-block-heading\">Por qu\u00e9 Liquid Colors Titanium es uno de los favoritos<\/h3>\n\n\n\n<p>Liquid Colors Titanium es una elecci\u00f3n popular entre los difusores de fragancias. Su intenso aroma, su elegante dise\u00f1o y su calidad francesa hacen de este producto uno de los favoritos de quienes buscan una experiencia de fragancia en\u00e9rgica y fiable.<\/p>\n\n\n\n<h3 class=\"wp-block-heading\">Advertencias<\/h3>\n\n\n\n<p>L\u00edquido y vapores f\u00e1cilmente inflamables (H225).<br>Provoca irritaci\u00f3n cut\u00e1nea y ocular (H315\/H319).<br>T\u00f3xico por inhalaci\u00f3n (H331).<br>No es un medicamento. Util\u00edcelo bajo su propia responsabilidad.<\/p>\n\n\n\n<h3 class=\"wp-block-heading\">Utilice<\/h3>\n\n\n\n<p>S\u00f3lo se utiliza como difusor de fragancias o disolvente de limpieza.<br>No es apto para el consumo humano y no debe inhalarse.<\/p>\n\n\n\n<h3 class=\"wp-block-heading\">Almacenamiento<\/h3>\n\n\n\n<p>Conservar en lugar fresco y seco. Mantener fuera del alcance de los ni\u00f1os.<\/p>\n\n\n\n<h3 class=\"wp-block-heading\">Pa\u00eds de origen<\/h3>\n\n\n\n<p>Francia.<\/p>\n\n\n\n<p><\/p>","protected":false},"excerpt":{"rendered":"<p><strong><br \/>ACCESORIOS COMPATIBLES:<\/strong><\/p>\n<ul>\n<li><a href=\"https:\/\/poppersparadise.eu\/es\/categoria-de-productos\/accesorios\/olfateadores-pequenos\/\">Olfateadores Peque\u00f1os<\/a><\/li>\n<\/ul>","protected":false},"featured_media":18020,"comment_status":"open","ping_status":"closed","template":"","meta":{"_acf_changed":false},"product_brand":[754],"product_cat":[35],"product_tag":[],"class_list":{"0":"post-18019","1":"product","2":"type-product","3":"status-publish","4":"has-post-thumbnail","6":"product_brand-doctor-colors","7":"product_cat-grote-flesjes-poppers","9":"first","10":"instock","11":"taxable","12":"shipping-taxable","13":"purchasable","14":"product-type-simple"},"acf":[],"df_price":7.5,"df_sale_price":"","df_regular_price":7.5,"df_image_link":"https:\/\/poppersparadise.eu\/wp-content\/uploads\/2025\/06\/Liquid-colors-titanium-300x270.jpg","_links":{"self":[{"href":"https:\/\/poppersparadise.eu\/es\/wp-json\/wp\/v2\/product\/18019","targetHints":{"allow":["GET"]}}],"collection":[{"href":"https:\/\/poppersparadise.eu\/es\/wp-json\/wp\/v2\/product"}],"about":[{"href":"https:\/\/poppersparadise.eu\/es\/wp-json\/wp\/v2\/types\/product"}],"replies":[{"embeddable":true,"href":"https:\/\/poppersparadise.eu\/es\/wp-json\/wp\/v2\/comments?post=18019"}],"wp:featuredmedia":[{"embeddable":true,"href":"https:\/\/poppersparadise.eu\/es\/wp-json\/wp\/v2\/media\/18020"}],"wp:attachment":[{"href":"https:\/\/poppersparadise.eu\/es\/wp-json\/wp\/v2\/media?parent=18019"}],"wp:term":[{"taxonomy":"product_brand","embeddable":true,"href":"https:\/\/poppersparadise.eu\/es\/wp-json\/wp\/v2\/product_brand?post=18019"},{"taxonomy":"product_cat","embeddable":true,"href":"https:\/\/poppersparadise.eu\/es\/wp-json\/wp\/v2\/product_cat?post=18019"},{"taxonomy":"product_tag","embeddable":true,"href":"https:\/\/poppersparadise.eu\/es\/wp-json\/wp\/v2\/product_tag?post=18019"}],"curies":[{"name":"wp","href":"https:\/\/api.w.org\/{rel}","templated":true}]}}