{"id":18015,"date":"2025-06-05T08:09:42","date_gmt":"2025-06-05T06:09:42","guid":{"rendered":"https:\/\/poppersparadise.eu\/?post_type=product&#038;p=18015"},"modified":"2026-04-14T21:51:48","modified_gmt":"2026-04-14T19:51:48","slug":"amyl-30ml-poppers","status":"publish","type":"product","link":"https:\/\/poppersparadise.eu\/es\/product\/amyl-30ml-poppers\/","title":{"rendered":"Amyl 30ml"},"content":{"rendered":"<h2 class=\"wp-block-heading\">Amyl 30ml poppers: intensidad y calidad en una botella generosa<\/h2>\n\n\n\n<p>Amyl 30ml poppers est\u00e1 dise\u00f1ado para quienes buscan una experiencia de fragancia potente y duradera. Con una f\u00f3rmula intensiva y un generoso frasco de cristal, este producto ofrece una experiencia de fragancia fiable y de alta calidad. Perfecto para momentos especiales y noches aventureras.<\/p>\n\n\n\n<h3 class=\"wp-block-heading\">Caracter\u00edsticas principales de Amyl 30ml<\/h3>\n\n\n\n<ul class=\"wp-block-list\">\n<li><strong>Potente f\u00f3rmula<\/strong>Para una experiencia olfativa intensa y \u00fanica.<\/li>\n\n\n\n<li><strong>Efecto duradero<\/strong>: Dise\u00f1ado para aprovechar al m\u00e1ximo la velada.<\/li>\n\n\n\n<li><strong>Contenido generoso<\/strong>Frasco de vidrio de 30 ml para una frescura y calidad \u00f3ptimas.<\/li>\n\n\n\n<li><strong>Calidad francesa<\/strong>Fabricado con la m\u00e1xima fiabilidad y calidad.<\/li>\n<\/ul>\n\n\n\n<h3 class=\"wp-block-heading\">\u00bfC\u00f3mo se utiliza Amyl 30ml?<\/h3>\n\n\n\n<p>Utilice Amyl 30ml \u00fanicamente como difusor de fragancias o disolvente de limpieza. No es apto para el consumo humano y no debe inhalarse. Guarde el producto en un lugar fresco y oscuro para preservar su calidad y cierre bien el frasco despu\u00e9s de usarlo.<\/p>\n\n\n\n<h3 class=\"wp-block-heading\">Por qu\u00e9 Amyl 30ml es un favorito<\/h3>\n\n\n\n<p>Amyl 30ml es una elecci\u00f3n popular entre los difusores de fragancias. Su potente f\u00f3rmula, generoso contenido y presentaci\u00f3n de alta calidad hacen de este producto uno de los favoritos para quienes buscan una experiencia de fragancia intensa y fiable.<\/p>\n\n\n\n<h3 class=\"wp-block-heading\">Advertencias<\/h3>\n\n\n\n<p>L\u00edquido y vapores f\u00e1cilmente inflamables (H225).<br>Provoca irritaci\u00f3n cut\u00e1nea y ocular (H315\/H319).<br>T\u00f3xico por inhalaci\u00f3n (H331).<br>No es un medicamento. Util\u00edcelo bajo su propia responsabilidad.<\/p>\n\n\n\n<h3 class=\"wp-block-heading\">Utilice<\/h3>\n\n\n\n<p>S\u00f3lo se utiliza como difusor de fragancias o disolvente de limpieza.<br>No es apto para el consumo humano y no debe inhalarse.<\/p>\n\n\n\n<h3 class=\"wp-block-heading\">Almacenamiento<\/h3>\n\n\n\n<p>Conservar en lugar fresco y seco. Mantener fuera del alcance de los ni\u00f1os.<\/p>\n\n\n\n<h3 class=\"wp-block-heading\">Pa\u00eds de origen<\/h3>\n\n\n\n<p>Francia.<\/p>","protected":false},"excerpt":{"rendered":"<p><strong><br \/>ACCESORIOS COMPATIBLES:<\/strong><\/p>\n<ul>\n<li><a href=\"https:\/\/poppersparadise.eu\/es\/categoria-de-productos\/accesorios\/olfateadores-pequenos\/\">Olfateadores Peque\u00f1os<\/a><\/li>\n<\/ul>","protected":false},"featured_media":18016,"comment_status":"open","ping_status":"closed","template":"","meta":{"_acf_changed":false},"product_brand":[736],"product_cat":[35],"product_tag":[],"class_list":{"0":"post-18015","1":"product","2":"type-product","3":"status-publish","4":"has-post-thumbnail","6":"product_brand-amyl","7":"product_cat-grote-flesjes-poppers","9":"first","10":"instock","11":"taxable","12":"shipping-taxable","13":"purchasable","14":"product-type-simple"},"acf":[],"df_price":7.95,"df_sale_price":"","df_regular_price":7.95,"df_image_link":"https:\/\/poppersparadise.eu\/wp-content\/uploads\/2025\/06\/Amyl-20ml-300x300.jpg","_links":{"self":[{"href":"https:\/\/poppersparadise.eu\/es\/wp-json\/wp\/v2\/product\/18015","targetHints":{"allow":["GET"]}}],"collection":[{"href":"https:\/\/poppersparadise.eu\/es\/wp-json\/wp\/v2\/product"}],"about":[{"href":"https:\/\/poppersparadise.eu\/es\/wp-json\/wp\/v2\/types\/product"}],"replies":[{"embeddable":true,"href":"https:\/\/poppersparadise.eu\/es\/wp-json\/wp\/v2\/comments?post=18015"}],"wp:featuredmedia":[{"embeddable":true,"href":"https:\/\/poppersparadise.eu\/es\/wp-json\/wp\/v2\/media\/18016"}],"wp:attachment":[{"href":"https:\/\/poppersparadise.eu\/es\/wp-json\/wp\/v2\/media?parent=18015"}],"wp:term":[{"taxonomy":"product_brand","embeddable":true,"href":"https:\/\/poppersparadise.eu\/es\/wp-json\/wp\/v2\/product_brand?post=18015"},{"taxonomy":"product_cat","embeddable":true,"href":"https:\/\/poppersparadise.eu\/es\/wp-json\/wp\/v2\/product_cat?post=18015"},{"taxonomy":"product_tag","embeddable":true,"href":"https:\/\/poppersparadise.eu\/es\/wp-json\/wp\/v2\/product_tag?post=18015"}],"curies":[{"name":"wp","href":"https:\/\/api.w.org\/{rel}","templated":true}]}}