{"id":18004,"date":"2025-06-04T20:38:18","date_gmt":"2025-06-04T18:38:18","guid":{"rendered":"https:\/\/poppersparadise.eu\/?post_type=product&#038;p=18004"},"modified":"2026-04-06T15:06:12","modified_gmt":"2026-04-06T13:06:12","slug":"bananamyl-24ml-poppers","status":"publish","type":"product","link":"https:\/\/poppersparadise.eu\/es\/product\/bananamyl-24ml-poppers\/","title":{"rendered":"Bananamyl 24ml"},"content":{"rendered":"<h2 class=\"wp-block-heading\">Bananamyl 24ml poppers - una experiencia de fragancia tropical<\/h2>\n\n\n\n<h3 class=\"wp-block-heading\">\u00bfPor qu\u00e9 elegir Bananamyl?<\/h3>\n\n\n\n<p>Los poppers Bananamyl 24ml combinan un ex\u00f3tico aroma a pl\u00e1tano con una potente f\u00f3rmula am\u00edlica, perfecta para quienes buscan una experiencia arom\u00e1tica \u00fanica y tropical. Con su composici\u00f3n de alta calidad y su toque tropical, este producto es ideal para momentos especiales y de relajaci\u00f3n.<\/p>\n\n\n\n<h3 class=\"wp-block-heading\">Caracter\u00edsticas principales de Bananamyl<\/h3>\n\n\n\n<ul class=\"wp-block-list\">\n<li><strong>Aroma \u00fanico<\/strong>: Enriquecido con un delicioso aroma a pl\u00e1tano para una experiencia tropical.<\/li>\n\n\n\n<li><strong>Potente f\u00f3rmula<\/strong>: Contiene una f\u00f3rmula de amilo de alta calidad para una experiencia de fragancia intensa.<\/li>\n\n\n\n<li><strong>Contenido generoso<\/strong>Frasco de 24 ml, ideal para un uso prolongado.<\/li>\n\n\n\n<li><strong>Calidad francesa<\/strong>Fabricado con la m\u00e1xima fiabilidad y calidad.<\/li>\n\n\n\n<li><strong>Perfecto para ocasiones especiales<\/strong>: Dise\u00f1ado para que los momentos especiales sean a\u00fan m\u00e1s especiales.<\/li>\n<\/ul>\n\n\n\n<h3 class=\"wp-block-heading\">\u00bfC\u00f3mo utilizar Bananamyl?<\/h3>\n\n\n\n<p>Utilice Bananamyl \u00fanicamente como difusor de fragancias o disolvente de limpieza. No es apto para el consumo humano y no debe inhalarse. Guarde el producto en un lugar fresco y oscuro para preservar su calidad y cierre bien el frasco despu\u00e9s de usarlo.<\/p>\n\n\n\n<h3 class=\"wp-block-heading\">Por qu\u00e9 Bananamyl es uno de los favoritos<\/h3>\n\n\n\n<p>Bananamyl es una elecci\u00f3n popular entre los difusores de fragancias. Su fragancia tropical, su potente f\u00f3rmula y su generoso contenido hacen de este producto uno de los favoritos para quienes buscan una experiencia arom\u00e1tica \u00fanica y fiable.<\/p>\n\n\n\n<h3 class=\"wp-block-heading\">Advertencias<\/h3>\n\n\n\n<p>L\u00edquido y vapores f\u00e1cilmente inflamables (H225).<br>Provoca irritaci\u00f3n cut\u00e1nea y ocular (H315\/H319).<br>T\u00f3xico por inhalaci\u00f3n (H331).<br>No es un medicamento. Util\u00edcelo bajo su propia responsabilidad.<\/p>\n\n\n\n<h3 class=\"wp-block-heading\">Utilice<\/h3>\n\n\n\n<p>S\u00f3lo se utiliza como difusor de fragancias o disolvente de limpieza.<br>No es apto para el consumo humano y no debe inhalarse.<\/p>\n\n\n\n<h3 class=\"wp-block-heading\">Almacenamiento<\/h3>\n\n\n\n<p>Conservar en lugar fresco y seco. Mantener fuera del alcance de los ni\u00f1os.<\/p>\n\n\n\n<h3 class=\"wp-block-heading\">Pa\u00eds de origen<\/h3>\n\n\n\n<p>Francia.<\/p>\n\n\n\n<p><\/p>","protected":false},"excerpt":{"rendered":"<p><strong><br \/>ACCESORIOS COMPATIBLES:<\/strong><\/p>\n<ul>\n<li><a href=\"https:\/\/poppersparadise.eu\/es\/categoria-de-productos\/accesorios\/olfateadores-grandes\/\">Olfateadores Grandes<\/a><\/li>\n<li><a href=\"https:\/\/poppersparadise.eu\/es\/producto\/xtrm-poppers-holder-grande-2\/\">XTRM Poppers Soporte grande<\/a><\/li>\n<li><a href=\"https:\/\/poppersparadise.eu\/es\/producto\/xtrm-poppers-keeper-grande-24ml-2\/\">XTRM Poppers Guardi\u00e1n grande<\/a><\/li>\n<\/ul>","protected":false},"featured_media":18005,"comment_status":"open","ping_status":"closed","template":"","meta":{"_acf_changed":false},"product_brand":[736],"product_cat":[35],"product_tag":[],"class_list":{"0":"post-18004","1":"product","2":"type-product","3":"status-publish","4":"has-post-thumbnail","6":"product_brand-amyl","7":"product_cat-grote-flesjes-poppers","9":"first","10":"instock","11":"taxable","12":"shipping-taxable","13":"purchasable","14":"product-type-simple"},"acf":[],"df_price":6.95,"df_sale_price":"","df_regular_price":6.95,"df_image_link":"https:\/\/poppersparadise.eu\/wp-content\/uploads\/2025\/06\/bananamyl-24-ml-300x300.jpg","_links":{"self":[{"href":"https:\/\/poppersparadise.eu\/es\/wp-json\/wp\/v2\/product\/18004","targetHints":{"allow":["GET"]}}],"collection":[{"href":"https:\/\/poppersparadise.eu\/es\/wp-json\/wp\/v2\/product"}],"about":[{"href":"https:\/\/poppersparadise.eu\/es\/wp-json\/wp\/v2\/types\/product"}],"replies":[{"embeddable":true,"href":"https:\/\/poppersparadise.eu\/es\/wp-json\/wp\/v2\/comments?post=18004"}],"wp:featuredmedia":[{"embeddable":true,"href":"https:\/\/poppersparadise.eu\/es\/wp-json\/wp\/v2\/media\/18005"}],"wp:attachment":[{"href":"https:\/\/poppersparadise.eu\/es\/wp-json\/wp\/v2\/media?parent=18004"}],"wp:term":[{"taxonomy":"product_brand","embeddable":true,"href":"https:\/\/poppersparadise.eu\/es\/wp-json\/wp\/v2\/product_brand?post=18004"},{"taxonomy":"product_cat","embeddable":true,"href":"https:\/\/poppersparadise.eu\/es\/wp-json\/wp\/v2\/product_cat?post=18004"},{"taxonomy":"product_tag","embeddable":true,"href":"https:\/\/poppersparadise.eu\/es\/wp-json\/wp\/v2\/product_tag?post=18004"}],"curies":[{"name":"wp","href":"https:\/\/api.w.org\/{rel}","templated":true}]}}