{"id":17215,"date":"2025-05-19T22:42:29","date_gmt":"2025-05-19T20:42:29","guid":{"rendered":"https:\/\/poppersparadise.eu\/?post_type=product&#038;p=17215"},"modified":"2026-04-15T14:42:11","modified_gmt":"2026-04-15T12:42:11","slug":"zumo-twisted-beast-dumb-bitch-24ml-poppers","status":"publish","type":"product","link":"https:\/\/poppersparadise.eu\/es\/product\/twisted-beast-dumb-bitch-juice-24ml-poppers\/","title":{"rendered":"Twisted Beast Dumb Bitch Juice 24ml"},"content":{"rendered":"<h2 class=\"wp-block-heading\">Twisted Beast Dumb Bitch Juice 24ml poppers - \u00fanicos, picantes y aventureros<\/h2>\n\n\n\n<p>Twisted Beast Dumb Bitch Juice 24ml poppers es una elecci\u00f3n destacada para quienes buscan una experiencia de fragancia fresca y especiada. Con una f\u00f3rmula \u00fanica de nitrito de isoamilo y un generoso frasco de 24 ml, este producto ofrece una experiencia de fragancia intensa, perfecta para momentos especiales y esp\u00edritus aventureros.<\/p>\n\n\n\n<h3 class=\"wp-block-heading\">Caracter\u00edsticas principales de Twisted Beast Perra tonta Juice<\/h3>\n\n\n\n<ul class=\"wp-block-list\">\n<li><strong>F\u00f3rmula \u00fanica<\/strong>: Contiene nitrito de isoamilo para una potente dispersi\u00f3n de la fragancia.<\/li>\n\n\n\n<li><strong>Contenido generoso<\/strong>Envasado en un c\u00f3modo frasco de 24 ml, ideal para un uso prolongado.<\/li>\n\n\n\n<li><strong>Uso vers\u00e1til<\/strong>: Adecuado para ocasiones sociales o momentos personales.<\/li>\n\n\n\n<li><strong>Dise\u00f1o llamativo<\/strong>Una botella tan \u00fanica como su nombre.<\/li>\n<\/ul>\n\n\n\n<h3 class=\"wp-block-heading\">\u00bfC\u00f3mo utilizar Twisted Beast Perra tonta Juice?<\/h3>\n\n\n\n<p>Utilice Twisted Beast Dumb Bitch Juice s\u00f3lo como difusor de fragancias o disolvente de limpieza. No es apto para el consumo humano y no debe inhalarse. Guarde el producto en un lugar fresco y seco y cierre bien el frasco despu\u00e9s de usarlo.<\/p>\n\n\n\n<h3 class=\"wp-block-heading\">Por qu\u00e9 Twisted Beast Perra tonta Juice es favorito<\/h3>\n\n\n\n<p>Su f\u00f3rmula \u00fanica, su generoso contenido y su llamativo aspecto hacen de este producto uno de los favoritos entre los entusiastas de los difusores de fragancias. Ofrece una experiencia de fragancia intensa perfecta para momentos especiales.<\/p>\n\n\n\n<h3 class=\"wp-block-heading\">Advertencias<\/h3>\n\n\n\n<p>L\u00edquido y vapores f\u00e1cilmente inflamables (H225).<br>Provoca irritaci\u00f3n cut\u00e1nea y ocular (H315\/H319).<br>T\u00f3xico por inhalaci\u00f3n (H331).<br>No es un medicamento. Util\u00edcelo bajo su propia responsabilidad.<\/p>\n\n\n\n<h3 class=\"wp-block-heading\">Utilice<\/h3>\n\n\n\n<p>S\u00f3lo se utiliza como difusor de fragancias o disolvente de limpieza.<br>No es apto para el consumo humano y no debe inhalarse.<\/p>\n\n\n\n<h3 class=\"wp-block-heading\">Almacenamiento<\/h3>\n\n\n\n<p>Conservar en lugar fresco y seco. Mantener fuera del alcance de los ni\u00f1os.<\/p>\n\n\n\n<h3 class=\"wp-block-heading\">Pa\u00eds de origen<\/h3>\n\n\n\n<p>Luxemburgo.<\/p>","protected":false},"excerpt":{"rendered":"<p><strong><br \/>ACCESORIOS COMPATIBLES:<\/strong><\/p>\n<ul>\n<li><a href=\"https:\/\/poppersparadise.eu\/es\/categoria-de-productos\/accesorios\/olfateadores-pequenos\/\">Olfateadores Peque\u00f1os<\/a><\/li>\n<li><a href=\"https:\/\/poppersparadise.eu\/es\/producto\/xtrm-poppers-holder-oval-2\/\">XTRM Poppers Soporte Ovalado<\/a><\/li>\n<li><a href=\"https:\/\/poppersparadise.eu\/es\/producto\/xtrm-poppers-keeper-grande-24ml-2\/\">XTRM Poppers Guardi\u00e1n grande<\/a><\/li>\n<\/ul>","protected":false},"featured_media":17216,"comment_status":"open","ping_status":"closed","template":"","meta":{"_acf_changed":false},"product_brand":[580,789],"product_cat":[35],"product_tag":[],"class_list":{"0":"post-17215","1":"product","2":"type-product","3":"status-publish","4":"has-post-thumbnail","6":"product_brand-twisted-beast","7":"product_brand-uk","8":"product_cat-grote-flesjes-poppers","10":"first","11":"instock","12":"taxable","13":"shipping-taxable","14":"purchasable","15":"product-type-simple"},"acf":[],"df_price":7.5,"df_sale_price":"","df_regular_price":7.5,"df_image_link":"https:\/\/poppersparadise.eu\/wp-content\/uploads\/2025\/05\/dumb-bitch-juice-300x300.jpg","_links":{"self":[{"href":"https:\/\/poppersparadise.eu\/es\/wp-json\/wp\/v2\/product\/17215","targetHints":{"allow":["GET"]}}],"collection":[{"href":"https:\/\/poppersparadise.eu\/es\/wp-json\/wp\/v2\/product"}],"about":[{"href":"https:\/\/poppersparadise.eu\/es\/wp-json\/wp\/v2\/types\/product"}],"replies":[{"embeddable":true,"href":"https:\/\/poppersparadise.eu\/es\/wp-json\/wp\/v2\/comments?post=17215"}],"wp:featuredmedia":[{"embeddable":true,"href":"https:\/\/poppersparadise.eu\/es\/wp-json\/wp\/v2\/media\/17216"}],"wp:attachment":[{"href":"https:\/\/poppersparadise.eu\/es\/wp-json\/wp\/v2\/media?parent=17215"}],"wp:term":[{"taxonomy":"product_brand","embeddable":true,"href":"https:\/\/poppersparadise.eu\/es\/wp-json\/wp\/v2\/product_brand?post=17215"},{"taxonomy":"product_cat","embeddable":true,"href":"https:\/\/poppersparadise.eu\/es\/wp-json\/wp\/v2\/product_cat?post=17215"},{"taxonomy":"product_tag","embeddable":true,"href":"https:\/\/poppersparadise.eu\/es\/wp-json\/wp\/v2\/product_tag?post=17215"}],"curies":[{"name":"wp","href":"https:\/\/api.w.org\/{rel}","templated":true}]}}