{"id":17140,"date":"2025-05-18T09:59:02","date_gmt":"2025-05-18T07:59:02","guid":{"rendered":"https:\/\/poppersparadise.eu\/?post_type=product&#038;p=17140"},"modified":"2026-04-16T09:12:57","modified_gmt":"2026-04-16T07:12:57","slug":"fun-party-pack-10-x-25ml-poppers","status":"publish","type":"product","link":"https:\/\/poppersparadise.eu\/es\/product\/fun-party-pack-10-x-25ml-poppers\/","title":{"rendered":"Fun Party Pack 10 x 25ml + Gratis XTRM SNFFR"},"content":{"rendered":"<h2 class=\"wp-block-heading\">Haz que tu fiesta sea inolvidable con el Fun Party Pack<\/h2>\n\n\n\n<p>Con el Fun Party Pack, puedes crear tu pack de fiesta definitivo, totalmente adaptado a tus preferencias. Elige 10 botellas de 25 ml de nuestra amplia selecci\u00f3n y recibe no s\u00f3lo una gran dosis de diversi\u00f3n, sino tambi\u00e9n ventajas exclusivas como <strong>20% de descuento por botella m\u00e1s un SNFFR XTRM gratis (por valor de 9,95 euros)<\/strong>. Perfecto para cualquier fiesta u ocasi\u00f3n especial.<\/p>\n\n\n\n<h3 class=\"wp-block-heading\">Especificaciones del pack Fun Party<\/h3>\n\n\n\n<ul class=\"wp-block-list\">\n<li><strong>Elija 10 botellas de 25 ml<\/strong> de nuestra amplia selecci\u00f3n de distintas variedades.<\/li>\n\n\n\n<li><strong>Reciba un descuento de 20% por botella<\/strong> con la compra del Pack Fiesta Divertida.<\/li>\n\n\n\n<li><strong>Libre XTRM SNFFR<\/strong> por valor de 9,95 euros incluido en su pedido.<\/li>\n<\/ul>\n\n\n\n<p><strong>Elija entre sus variedades favoritas:<\/strong><\/p>\n\n\n\n<ul class=\"wp-block-list\">\n<li>Anal Shock 25ml<\/li>\n\n\n\n<li>Gay Secret 25ml<\/li>\n\n\n\n<li>Play Hard Black Label 25ml<\/li>\n\n\n\n<li>Backdoor 25ml<\/li>\n\n\n\n<li>Iron Cock 25ml<\/li>\n\n\n\n<li>Play Hard Ultra Strong 25ml<\/li>\n\n\n\n<li>Top Twink 25ml<\/li>\n\n\n\n<li>Glory Hole 25ml<\/li>\n\n\n\n<li>Play Hard 25ml<\/li>\n\n\n\n<li>Slave 25ml<\/li>\n<\/ul>\n\n\n\n<h3 class=\"wp-block-heading\">Ventajas adicionales<\/h3>\n\n\n\n<ul class=\"wp-block-list\">\n<li><strong>Diversi\u00f3n personalizada<\/strong>El paquete que elijas en funci\u00f3n de tus ganas de fiesta.<\/li>\n\n\n\n<li><strong>Bonificaciones incluidas<\/strong>: El XTRM SNFFR gratuito completa su experiencia.<\/li>\n\n\n\n<li><strong>Perfecto para cualquier fiesta<\/strong>: Ideal para ocasiones sociales o momentos especiales.<\/li>\n<\/ul>\n\n\n\n<h3 class=\"wp-block-heading\">Haz tu pedido ahora y completa tu fiesta<\/h3>\n\n\n\n<p>Haz de cada fiesta una experiencia para recordar con el Pack Fiesta Divertida. Arma tu paquete \u00fanico hoy mismo y aprovecha el descuento exclusivo, as\u00ed como el regalo gratis. \u00a1No esperes m\u00e1s y descubre c\u00f3mo el Fun Party Pack llevar\u00e1 tu fiesta al siguiente nivel!<\/p>\n\n\n\n<h3 class=\"wp-block-heading\">Advertencias<\/h3>\n\n\n\n<p>L\u00edquido y vapores f\u00e1cilmente inflamables (H225).<br>Provoca irritaci\u00f3n cut\u00e1nea y ocular (H315\/H319).<br>T\u00f3xico por inhalaci\u00f3n (H331).<br>No es un medicamento. Util\u00edcelo bajo su propia responsabilidad.<\/p>\n\n\n\n<h3 class=\"wp-block-heading\">Utilice<\/h3>\n\n\n\n<p>S\u00f3lo se utiliza como difusor de fragancias o disolvente de limpieza.<br>No es apto para el consumo humano y no debe inhalarse.<\/p>\n\n\n\n<h3 class=\"wp-block-heading\">Almacenamiento<\/h3>\n\n\n\n<p>Conservar en lugar fresco y seco. Mantener fuera del alcance de los ni\u00f1os.<\/p>\n\n\n\n<h3 class=\"wp-block-heading\">Pa\u00eds de origen<\/h3>\n\n\n\n<p>UE.<\/p>\n\n\n\n<p><\/p>","protected":false},"excerpt":{"rendered":"<p><strong><br \/>ACCESORIOS COMPATIBLES:<\/strong><\/p>\n<ul>\n<li><a href=\"https:\/\/poppersparadise.eu\/es\/categoria-de-productos\/accesorios\/olfateadores-grandes\/\">Olfateadores Grandes<\/a><\/li>\n<li><a href=\"https:\/\/poppersparadise.eu\/es\/producto\/xtrm-poppers-holder-grande-2\/\">XTRM Poppers Soporte grande<\/a><\/li>\n<li><a href=\"https:\/\/poppersparadise.eu\/es\/producto\/xtrm-poppers-keeper-grande-24ml-2\/\">XTRM Poppers Guardi\u00e1n grande<\/a><\/li>\n<\/ul>","protected":false},"featured_media":17141,"comment_status":"open","ping_status":"closed","template":"","meta":{"_acf_changed":false},"product_brand":[],"product_cat":[33],"product_tag":[],"class_list":{"0":"post-17140","1":"product","2":"type-product","3":"status-publish","4":"has-post-thumbnail","6":"product_cat-party-packs","8":"first","9":"instock","10":"sale","11":"taxable","12":"shipping-taxable","13":"purchasable","14":"product-type-composite"},"acf":[],"df_price":55.95,"df_sale_price":55.95,"df_regular_price":79.45,"df_image_link":"https:\/\/poppersparadise.eu\/wp-content\/uploads\/2025\/05\/Fun-Pack-10-x-25ml-300x300.jpg","_links":{"self":[{"href":"https:\/\/poppersparadise.eu\/es\/wp-json\/wp\/v2\/product\/17140","targetHints":{"allow":["GET"]}}],"collection":[{"href":"https:\/\/poppersparadise.eu\/es\/wp-json\/wp\/v2\/product"}],"about":[{"href":"https:\/\/poppersparadise.eu\/es\/wp-json\/wp\/v2\/types\/product"}],"replies":[{"embeddable":true,"href":"https:\/\/poppersparadise.eu\/es\/wp-json\/wp\/v2\/comments?post=17140"}],"wp:featuredmedia":[{"embeddable":true,"href":"https:\/\/poppersparadise.eu\/es\/wp-json\/wp\/v2\/media\/17141"}],"wp:attachment":[{"href":"https:\/\/poppersparadise.eu\/es\/wp-json\/wp\/v2\/media?parent=17140"}],"wp:term":[{"taxonomy":"product_brand","embeddable":true,"href":"https:\/\/poppersparadise.eu\/es\/wp-json\/wp\/v2\/product_brand?post=17140"},{"taxonomy":"product_cat","embeddable":true,"href":"https:\/\/poppersparadise.eu\/es\/wp-json\/wp\/v2\/product_cat?post=17140"},{"taxonomy":"product_tag","embeddable":true,"href":"https:\/\/poppersparadise.eu\/es\/wp-json\/wp\/v2\/product_tag?post=17140"}],"curies":[{"name":"wp","href":"https:\/\/api.w.org\/{rel}","templated":true}]}}