{"id":16493,"date":"2025-04-29T20:31:26","date_gmt":"2025-04-29T18:31:26","guid":{"rendered":"https:\/\/poppersparadise.eu\/?post_type=product&#038;p=16493"},"modified":"2026-03-24T08:39:26","modified_gmt":"2026-03-24T07:39:26","slug":"bestia-retorcida-culo-municion-10ml","status":"publish","type":"product","link":"https:\/\/poppersparadise.eu\/es\/product\/twisted-beast-ass-ammo-10ml\/","title":{"rendered":"Twisted Beast Ass Ammo 10ml"},"content":{"rendered":"<h2 class=\"wp-block-heading\">Twisted Beast Ass Ammo 10ml poppers: potentes, aventureros y premium<\/h2>\n\n\n\n<p>Los poppers Twisted Beast Ass Ammo 10ml est\u00e1n especialmente dise\u00f1ados para usuarios que buscan una experiencia arom\u00e1tica potente. Con una f\u00f3rmula premium de nitrito de isopentileno y un envase compacto de aluminio, este producto ofrece una intensa experiencia olfativa perfecta para sesiones aventureras, juegos desafiantes y momentos especiales. Ideal para quienes no conocen l\u00edmites y buscan la m\u00e1xima intensidad.<\/p>\n\n\n\n<h3 class=\"wp-block-heading\">Caracter\u00edsticas principales del Twisted Beast Ass Ammo 10ml<\/h3>\n\n\n\n<ul class=\"wp-block-list\">\n<li><strong>Potente f\u00f3rmula<\/strong>: Fabricado con nitrito de isopentil para una difusi\u00f3n r\u00e1pida e intensa de la fragancia.<\/li>\n\n\n\n<li><strong>Tama\u00f1o compacto<\/strong>El pr\u00e1ctico frasco de 10 ml es perfecto para llevarlo a todas partes.<\/li>\n\n\n\n<li><strong>Envases sostenibles<\/strong>: Botella de aluminio que preserva la frescura y la fuerza del aroma.<\/li>\n<\/ul>\n\n\n\n<h3 class=\"wp-block-heading\">Por qu\u00e9 Ass Ammo es uno de los favoritos<\/h3>\n\n\n\n<p>Los poppers Twisted Beast Ass Ammo 10ml combinan una potente f\u00f3rmula con un dise\u00f1o robusto y f\u00e1cil de usar. Amado por su fiabilidad e intensidad, el producto es una elecci\u00f3n perfecta para aquellos que buscan una experiencia olfativa de primera calidad. Tanto si est\u00e1s planeando una noche aventurera como si quieres explorar los l\u00edmites, Ass Ammo te ofrece una experiencia \u00fanica e inolvidable.<\/p>\n\n\n\n<h3 class=\"wp-block-heading\">\u00bfC\u00f3mo se utiliza Twisted Beast Ass Ammo 10ml?<\/h3>\n\n\n\n<p>Utilice Twisted Beast Ass Ammo 10ml \u00fanicamente como difusor de fragancias o disolvente de limpieza. No es apto para el consumo humano y no debe inhalarse. Guarde el producto en un lugar fresco y seco y cierre bien el frasco despu\u00e9s de usarlo.<\/p>\n\n\n\n<h3 class=\"wp-block-heading\">Advertencias<\/h3>\n\n\n\n<ul class=\"wp-block-list\">\n<li>L\u00edquido y vapores f\u00e1cilmente inflamables (H225).<\/li>\n\n\n\n<li>Provoca irritaci\u00f3n cut\u00e1nea y ocular (H315\/H319).<\/li>\n\n\n\n<li>T\u00f3xico por inhalaci\u00f3n (H331).<\/li>\n\n\n\n<li>No es un medicamento. Util\u00edcelo bajo su propia responsabilidad.<\/li>\n<\/ul>\n\n\n\n<h3 class=\"wp-block-heading\">Utilice<\/h3>\n\n\n\n<p>S\u00f3lo se utiliza como difusor de fragancias o disolvente de limpieza.<br>No es apto para el consumo humano y no debe inhalarse.<\/p>\n\n\n\n<h3 class=\"wp-block-heading\">Almacenamiento<\/h3>\n\n\n\n<p>Conservar en lugar fresco y seco. Mantener fuera del alcance de los ni\u00f1os.<\/p>\n\n\n\n<h3 class=\"wp-block-heading\">Pa\u00eds de origen<\/h3>\n\n\n\n<p>Francia.<\/p>","protected":false},"excerpt":{"rendered":"<p><strong><br \/>ACCESORIOS COMPATIBLES:<\/strong><\/p>\n<ul>\n<li><a href=\"https:\/\/poppersparadise.eu\/es\/categoria-de-productos\/accesorios\/olfateadores-pequenos\/\">Olfateadores Peque\u00f1os<\/a><\/li>\n<li><a href=\"https:\/\/poppersparadise.eu\/es\/producto\/xtrm-poppers-houder-zwart-small\/\">XTRM Poppers Soporte Peque\u00f1o<\/a><\/li>\n<li><a href=\"https:\/\/poppersparadise.eu\/es\/producto\/xtrm-poppers-keeper-pequeno-10ml\/\">XTRM Poppers Guardi\u00e1n peque\u00f1o<\/a><\/li>\n<\/ul>","protected":false},"featured_media":16494,"comment_status":"open","ping_status":"closed","template":"","meta":{"_acf_changed":false},"product_brand":[580,789],"product_cat":[34],"product_tag":[],"class_list":{"0":"post-16493","1":"product","2":"type-product","3":"status-publish","4":"has-post-thumbnail","6":"product_brand-twisted-beast","7":"product_brand-uk","8":"product_cat-kleine-flesjes-poppers","10":"first","11":"instock","12":"taxable","13":"shipping-taxable","14":"purchasable","15":"product-type-simple"},"acf":[],"df_price":6.5,"df_sale_price":"","df_regular_price":6.5,"df_image_link":"https:\/\/poppersparadise.eu\/wp-content\/uploads\/2025\/04\/6150852553545-300x300.jpg","_links":{"self":[{"href":"https:\/\/poppersparadise.eu\/es\/wp-json\/wp\/v2\/product\/16493","targetHints":{"allow":["GET"]}}],"collection":[{"href":"https:\/\/poppersparadise.eu\/es\/wp-json\/wp\/v2\/product"}],"about":[{"href":"https:\/\/poppersparadise.eu\/es\/wp-json\/wp\/v2\/types\/product"}],"replies":[{"embeddable":true,"href":"https:\/\/poppersparadise.eu\/es\/wp-json\/wp\/v2\/comments?post=16493"}],"wp:featuredmedia":[{"embeddable":true,"href":"https:\/\/poppersparadise.eu\/es\/wp-json\/wp\/v2\/media\/16494"}],"wp:attachment":[{"href":"https:\/\/poppersparadise.eu\/es\/wp-json\/wp\/v2\/media?parent=16493"}],"wp:term":[{"taxonomy":"product_brand","embeddable":true,"href":"https:\/\/poppersparadise.eu\/es\/wp-json\/wp\/v2\/product_brand?post=16493"},{"taxonomy":"product_cat","embeddable":true,"href":"https:\/\/poppersparadise.eu\/es\/wp-json\/wp\/v2\/product_cat?post=16493"},{"taxonomy":"product_tag","embeddable":true,"href":"https:\/\/poppersparadise.eu\/es\/wp-json\/wp\/v2\/product_tag?post=16493"}],"curies":[{"name":"wp","href":"https:\/\/api.w.org\/{rel}","templated":true}]}}