{"id":16486,"date":"2025-04-29T19:58:02","date_gmt":"2025-04-29T17:58:02","guid":{"rendered":"https:\/\/poppersparadise.eu\/?post_type=product&#038;p=16486"},"modified":"2026-04-22T12:30:44","modified_gmt":"2026-04-22T10:30:44","slug":"twisted-beast-dumb-bitch-juice-mojito-madness-10ml","status":"publish","type":"product","link":"https:\/\/poppersparadise.eu\/es\/product\/twisted-beast-dumb-bitch-juice-mojito-madness-10ml\/","title":{"rendered":"Twisted Beast Dumb Bitch Juice Mojito Madness 10ml"},"content":{"rendered":"<h2 class=\"wp-block-heading\">Twisted Beast Dumb Bitch Juice Mojito Madness 10ml poppers - frescos, picantes e irresistibles<\/h2>\n\n\n\n<p>Los poppers Twisted Beast Dumb Bitch Juice Mojito Madness 10ml est\u00e1n especialmente dise\u00f1ados para usuarios que buscan una experiencia de fragancia \u00fanica con un toque veraniego. Con un seductor aroma a mojito y una potente f\u00f3rmula a base de nitrito de isoamilo, este producto ofrece una experiencia de fragancia premium perfecta para fiestas, momentos \u00edntimos y aventuras juguetonas. Ideal para los amantes de la frescura y la intensidad en un solo frasco.<\/p>\n\n\n\n<h3 class=\"wp-block-heading\">Caracter\u00edsticas principales de Twisted Beast Dumb Bitch Juice Mojito Madness 10ml<\/h3>\n\n\n\n<ul class=\"wp-block-list\">\n<li><strong>Aroma de mojito<\/strong>Una refrescante mezcla de lima y menta que te pone instant\u00e1neamente de humor para el verano.<\/li>\n\n\n\n<li><strong>Tama\u00f1o compacto<\/strong>El pr\u00e1ctico frasco de 10 ml es perfecto para llevarlo a todas partes.<\/li>\n\n\n\n<li><strong>Potente f\u00f3rmula<\/strong>: Elaborado con nitrito de isoamilo para una difusi\u00f3n intensa de la fragancia.<\/li>\n\n\n\n<li><strong>Calidad superior<\/strong>Fabricado seg\u00fan estrictas normas de calidad para una experiencia fiable.<\/li>\n<\/ul>\n\n\n\n<h3 class=\"wp-block-heading\">Por qu\u00e9 Mojito Madness es uno de los favoritos<\/h3>\n\n\n\n<p>Los poppers Twisted Beast Dumb Bitch Juice Mojito Madness 10ml combinan un aroma seductor con una potente acci\u00f3n y un dise\u00f1o f\u00e1cil de usar. Popularizado por su aroma e intensidad \u00fanicos de mojito, el producto es una elecci\u00f3n perfecta para quienes buscan una experiencia de fragancia de primera calidad. Tanto si desea animar una fiesta como disfrutar de una velada especial, Mojito Madness ofrece una experiencia \u00fanica e inolvidable.<\/p>\n\n\n\n<h3 class=\"wp-block-heading\">\u00bfC\u00f3mo se utiliza Twisted Beast Dumb Bitch Juice Mojito Madness 10ml?<\/h3>\n\n\n\n<p>Utilice Twisted Beast Dumb Bitch Juice Mojito Madness 10ml \u00fanicamente como difusor de fragancias o disolvente de limpieza. No es apto para el consumo humano y no debe inhalarse. Guarde el producto en un lugar fresco y seco y cierre bien el frasco despu\u00e9s de usarlo.<\/p>\n\n\n\n<h3 class=\"wp-block-heading\">Advertencias<\/h3>\n\n\n\n<ul class=\"wp-block-list\">\n<li>L\u00edquido y vapores f\u00e1cilmente inflamables (H225).<\/li>\n\n\n\n<li>Provoca irritaci\u00f3n cut\u00e1nea y ocular (H315\/H319).<\/li>\n\n\n\n<li>T\u00f3xico por inhalaci\u00f3n (H331).<\/li>\n\n\n\n<li>No es un medicamento. Util\u00edcelo bajo su propia responsabilidad.<\/li>\n\n\n\n<li>Evitar el contacto con los ojos y la piel.<\/li>\n\n\n\n<li>No utilizar en combinaci\u00f3n con ayudas a la erecci\u00f3n, alcohol o drogas.<\/li>\n<\/ul>\n\n\n\n<h3 class=\"wp-block-heading\">Utilice<\/h3>\n\n\n\n<p>S\u00f3lo se utiliza como difusor de fragancias o disolvente de limpieza.<br>No es apto para el consumo humano y no debe inhalarse.<\/p>\n\n\n\n<h3 class=\"wp-block-heading\">Almacenamiento<\/h3>\n\n\n\n<p>Conservar en lugar fresco y seco. Mantener fuera del alcance de los ni\u00f1os.<\/p>\n\n\n\n<h3 class=\"wp-block-heading\">Pa\u00eds de origen<\/h3>\n\n\n\n<p>Francia.<\/p>\n\n\n\n<p><\/p>","protected":false},"excerpt":{"rendered":"<p><strong><br \/>ACCESORIOS COMPATIBLES:<\/strong><\/p>\n<ul>\n<li><a href=\"https:\/\/poppersparadise.eu\/es\/categoria-de-productos\/accesorios\/olfateadores-pequenos\/\">Olfateadores Peque\u00f1os<\/a><\/li>\n<li><a href=\"https:\/\/poppersparadise.eu\/es\/producto\/xtrm-poppers-houder-zwart-small\/\">XTRM Poppers Soporte Peque\u00f1o<\/a><\/li>\n<li><a href=\"https:\/\/poppersparadise.eu\/es\/producto\/xtrm-poppers-keeper-pequeno-10ml\/\">XTRM Poppers Guardi\u00e1n peque\u00f1o<\/a><\/li>\n<\/ul>","protected":false},"featured_media":16487,"comment_status":"open","ping_status":"closed","template":"","meta":{"_acf_changed":false},"product_brand":[580,789],"product_cat":[34],"product_tag":[],"class_list":{"0":"post-16486","1":"product","2":"type-product","3":"status-publish","4":"has-post-thumbnail","6":"product_brand-twisted-beast","7":"product_brand-uk","8":"product_cat-kleine-flesjes-poppers","10":"first","11":"outofstock","12":"taxable","13":"shipping-taxable","14":"purchasable","15":"product-type-simple"},"acf":[],"df_price":6.5,"df_sale_price":"","df_regular_price":6.5,"df_image_link":"https:\/\/poppersparadise.eu\/wp-content\/uploads\/2025\/04\/6150853240260-300x300.jpg","_links":{"self":[{"href":"https:\/\/poppersparadise.eu\/es\/wp-json\/wp\/v2\/product\/16486","targetHints":{"allow":["GET"]}}],"collection":[{"href":"https:\/\/poppersparadise.eu\/es\/wp-json\/wp\/v2\/product"}],"about":[{"href":"https:\/\/poppersparadise.eu\/es\/wp-json\/wp\/v2\/types\/product"}],"replies":[{"embeddable":true,"href":"https:\/\/poppersparadise.eu\/es\/wp-json\/wp\/v2\/comments?post=16486"}],"wp:featuredmedia":[{"embeddable":true,"href":"https:\/\/poppersparadise.eu\/es\/wp-json\/wp\/v2\/media\/16487"}],"wp:attachment":[{"href":"https:\/\/poppersparadise.eu\/es\/wp-json\/wp\/v2\/media?parent=16486"}],"wp:term":[{"taxonomy":"product_brand","embeddable":true,"href":"https:\/\/poppersparadise.eu\/es\/wp-json\/wp\/v2\/product_brand?post=16486"},{"taxonomy":"product_cat","embeddable":true,"href":"https:\/\/poppersparadise.eu\/es\/wp-json\/wp\/v2\/product_cat?post=16486"},{"taxonomy":"product_tag","embeddable":true,"href":"https:\/\/poppersparadise.eu\/es\/wp-json\/wp\/v2\/product_tag?post=16486"}],"curies":[{"name":"wp","href":"https:\/\/api.w.org\/{rel}","templated":true}]}}