{"id":16013,"date":"2025-04-11T09:40:10","date_gmt":"2025-04-11T07:40:10","guid":{"rendered":"https:\/\/poppersparadise.eu\/?post_type=product&#038;p=16013"},"modified":"2026-04-16T09:08:51","modified_gmt":"2026-04-16T07:08:51","slug":"pack-fiesta-poder-cosmico","status":"publish","type":"product","link":"https:\/\/poppersparadise.eu\/es\/product\/cosmic-power-party-pack\/","title":{"rendered":"Cosmic Power Party Pack 5 x 24ml + Gratis XTRM SNFFR"},"content":{"rendered":"<h2 class=\"wp-block-heading\">Crea tu propio Cosmic Power Party Pack 5 x 24ml poppers - \u00a1tu fiesta, tu elecci\u00f3n!<\/h2>\n\n\n\n<p>Completa tu fiesta con el&nbsp;<strong>Cosmic Power Party Pack 5 x 24ml poppers<\/strong>\u00a1! Elija sus propias cinco botellas entre nuestra amplia selecci\u00f3n de variedades Cosmic Power y a\u00f1ada un toque personal a su experiencia. Con este paquete, no s\u00f3lo disfrutar\u00e1 de sus variedades favoritas, sino que tambi\u00e9n recibir\u00e1 un <strong>XTRM SNFFR gratis por valor de 9,95 euros m\u00e1s un 15% de descuento adicional por botella<\/strong>. Perfecto para fiestas o para probar diferentes variaciones.<\/p>\n\n\n\n<h3 class=\"wp-block-heading\">Elija entre sus variedades favoritas:<\/h3>\n\n\n\n<ul class=\"wp-block-list\">\n<li><strong>Super Rush Cosmic Power 24ml<\/strong><\/li>\n\n\n\n<li><strong>Amsterdam Xxx Cosmic Power 24ml<\/strong><\/li>\n\n\n\n<li><strong>Meta Cosmic Power 24ml<\/strong><\/li>\n\n\n\n<li><strong>Rush Cosmic Power 24ml<\/strong><\/li>\n<\/ul>\n\n\n\n<h3 class=\"wp-block-heading\">Caracter\u00edsticas principales del Party Pack Cosmic Power<\/h3>\n\n\n\n<ul class=\"wp-block-list\">\n<li><strong>Selecci\u00f3n personal<\/strong>Crea tu propio paquete con cinco botellas de 24 ml de nuestra amplia lista.<\/li>\n\n\n\n<li><strong>Extra gratis<\/strong>: Incluya un SNFFR XTRM (valorado en 9,95 \u20ac) con su pedido.<\/li>\n\n\n\n<li><strong>Descuento \u00fanico<\/strong>Reciba un 15% de descuento adicional por botella al adquirir este paquete.<\/li>\n\n\n\n<li><strong>Uso vers\u00e1til<\/strong>: Ideal para fiestas o para explorar diferentes variantes.<\/li>\n<\/ul>\n\n\n\n<h3 class=\"wp-block-heading\">C\u00f3mo utilizar el Party Pack Cosmic Power.<\/h3>\n\n\n\n<p>Utilice los poppers del Party Pack Cosmic Power \u00fanicamente como difusores de fragancias o disolventes de limpieza. No son aptos para el consumo humano y no deben inhalarse. Guarde los frascos en un lugar fresco y oscuro para preservar la calidad y ci\u00e9rrelos herm\u00e9ticamente despu\u00e9s de usarlos.<\/p>\n\n\n\n<h3 class=\"wp-block-heading\">Por qu\u00e9 el Party Pack Cosmic Power es uno de los favoritos<\/h3>\n\n\n\n<p>El Party Pack Cosmic Power ofrece la m\u00e1xima flexibilidad y valor. Al elegir usted mismo sus variantes favoritas y beneficiarse de un XTRM SNFFR gratuito y un descuento extra, este pack es perfecto para los entusiastas que buscan variedad y ventajas.<\/p>\n\n\n\n<h3 class=\"wp-block-heading\">Advertencias<\/h3>\n\n\n\n<ul class=\"wp-block-list\">\n<li>L\u00edquido y vapores f\u00e1cilmente inflamables (H225).<\/li>\n\n\n\n<li>Provoca irritaci\u00f3n cut\u00e1nea y ocular (H315\/H319).<\/li>\n\n\n\n<li>T\u00f3xico por inhalaci\u00f3n (H331).<\/li>\n\n\n\n<li>No es un medicamento. Util\u00edcelo bajo su propia responsabilidad.<\/li>\n<\/ul>\n\n\n\n<h3 class=\"wp-block-heading\">Utilice<\/h3>\n\n\n\n<p>S\u00f3lo se utiliza como difusor de fragancias o disolvente de limpieza.<br>No es apto para el consumo humano y no debe inhalarse.<\/p>\n\n\n\n<h3 class=\"wp-block-heading\">Almacenamiento<\/h3>\n\n\n\n<p>Conservar en lugar fresco y seco. Mantener fuera del alcance de los ni\u00f1os.<\/p>\n\n\n\n<h3 class=\"wp-block-heading\">Pa\u00eds de origen<\/h3>\n\n\n\n<p>UE.<\/p>\n\n\n\n<p>Con el Cosmic Power Party Pack 5 x 24ml poppers, monta tu pack de fiesta definitivo. \u00a1Descubre hoy tus favoritos y haz que cada fiesta sea inolvidable! \ud83c\udf89<\/p>\n\n\n\n<p><\/p>","protected":false},"excerpt":{"rendered":"<p><strong><br \/>ACCESORIOS COMPATIBLES:<\/strong><\/p>\n<ul>\n<li><a href=\"https:\/\/poppersparadise.eu\/es\/categoria-de-productos\/accesorios\/olfateadores-grandes\/\">Olfateadores Grandes<\/a><\/li>\n<li><a href=\"https:\/\/poppersparadise.eu\/es\/producto\/xtrm-poppers-holder-grande-2\/\">XTRM Poppers Soporte grande<\/a><\/li>\n<li><a href=\"https:\/\/poppersparadise.eu\/es\/producto\/xtrm-poppers-keeper-grande-24ml-2\/\">XTRM Poppers Guardi\u00e1n grande<\/a><\/li>\n<\/ul>","protected":false},"featured_media":16014,"comment_status":"open","ping_status":"closed","template":"","meta":{"_acf_changed":false},"product_brand":[740],"product_cat":[33],"product_tag":[],"class_list":{"0":"post-16013","1":"product","2":"type-product","3":"status-publish","4":"has-post-thumbnail","6":"product_brand-cosmic-power","7":"product_cat-party-packs","9":"first","10":"instock","11":"sale","12":"taxable","13":"shipping-taxable","14":"purchasable","15":"product-type-composite"},"acf":[],"df_price":29.95,"df_sale_price":29.95,"df_regular_price":44.7,"df_image_link":"https:\/\/poppersparadise.eu\/wp-content\/uploads\/2025\/04\/CosmicPowerPack-300x300.jpg","_links":{"self":[{"href":"https:\/\/poppersparadise.eu\/es\/wp-json\/wp\/v2\/product\/16013","targetHints":{"allow":["GET"]}}],"collection":[{"href":"https:\/\/poppersparadise.eu\/es\/wp-json\/wp\/v2\/product"}],"about":[{"href":"https:\/\/poppersparadise.eu\/es\/wp-json\/wp\/v2\/types\/product"}],"replies":[{"embeddable":true,"href":"https:\/\/poppersparadise.eu\/es\/wp-json\/wp\/v2\/comments?post=16013"}],"wp:featuredmedia":[{"embeddable":true,"href":"https:\/\/poppersparadise.eu\/es\/wp-json\/wp\/v2\/media\/16014"}],"wp:attachment":[{"href":"https:\/\/poppersparadise.eu\/es\/wp-json\/wp\/v2\/media?parent=16013"}],"wp:term":[{"taxonomy":"product_brand","embeddable":true,"href":"https:\/\/poppersparadise.eu\/es\/wp-json\/wp\/v2\/product_brand?post=16013"},{"taxonomy":"product_cat","embeddable":true,"href":"https:\/\/poppersparadise.eu\/es\/wp-json\/wp\/v2\/product_cat?post=16013"},{"taxonomy":"product_tag","embeddable":true,"href":"https:\/\/poppersparadise.eu\/es\/wp-json\/wp\/v2\/product_tag?post=16013"}],"curies":[{"name":"wp","href":"https:\/\/api.w.org\/{rel}","templated":true}]}}