{"id":15873,"date":"2025-04-04T10:12:48","date_gmt":"2025-04-04T08:12:48","guid":{"rendered":"https:\/\/poppersparadise.eu\/?post_type=product&#038;p=15873"},"modified":"2026-04-09T16:44:16","modified_gmt":"2026-04-09T14:44:16","slug":"mega-rush-25ml-poppers","status":"publish","type":"product","link":"https:\/\/poppersparadise.eu\/es\/product\/mega-rush-25ml-poppers\/","title":{"rendered":"Mega Rush 25ml"},"content":{"rendered":"<h2 class=\"wp-block-heading\">Mega Rush 25ml Poppers - Para una experiencia olfativa intensa<\/h2>\n\n\n\n<p>Mega Rush 25ml est\u00e1 dise\u00f1ado para los amantes de los aromas potentes y \u00fanicos. Este difusor de fragancias crea una experiencia arom\u00e1tica intensa y duradera, ideal para realzar momentos especiales o crear un ambiente relajante. Con su f\u00f3rmula de alta calidad y su pr\u00e1ctico envase, Mega Rush es uno de los favoritos de los entendidos.<\/p>\n\n\n\n<h3 class=\"wp-block-heading\">\u00bfQu\u00e9 hace \u00fanico al Mega Rush?<\/h3>\n\n\n\n<ul class=\"wp-block-list\">\n<li><strong>Potente f\u00f3rmula<\/strong>A base de nitrito de isoamilo para un aroma intenso.<\/li>\n\n\n\n<li><strong>Efecto directo<\/strong>: Cree una experiencia de fragancia \u00fanica en cuesti\u00f3n de segundos.<\/li>\n\n\n\n<li><strong>Efecto duradero<\/strong>: S\u00f3lo se necesita una peque\u00f1a cantidad para una dispersi\u00f3n duradera de la fragancia.<\/li>\n\n\n\n<li><strong>Uso vers\u00e1til<\/strong>Ideal para fiestas, relajaci\u00f3n u ocasiones especiales.<\/li>\n<\/ul>\n\n\n\n<h3 class=\"wp-block-heading\">\u00bfC\u00f3mo se utiliza el Mega Rush 25ml?<\/h3>\n\n\n\n<p>Mega Rush est\u00e1 destinado \u00fanicamente como dispersante de fragancias o disolvente de limpieza. El producto no es apto para el consumo humano y no debe inhalarse. Guarde el frasco en un lugar fresco y oscuro y ci\u00e9rrelo herm\u00e9ticamente despu\u00e9s de su uso para preservar su calidad.<\/p>\n\n\n\n<h3 class=\"wp-block-heading\">\u00bfPor qu\u00e9 elegir Mega Rush 25ml?<\/h3>\n\n\n\n<ul class=\"wp-block-list\">\n<li><strong>Aromas de gran calidad<\/strong>Para una experiencia de fragancia profunda y envolvente.<\/li>\n\n\n\n<li><strong>Compacto y pr\u00e1ctico<\/strong>: El formato de 25 ml es c\u00f3modo de llevar y f\u00e1cil de usar.<\/li>\n\n\n\n<li><strong>Calidad fiable<\/strong>Fabricado con ingredientes de alta calidad para una difusi\u00f3n segura e intensa de la fragancia.<\/li>\n<\/ul>\n\n\n\n<h3 class=\"wp-block-heading\">Advertencias<\/h3>\n\n\n\n<ul class=\"wp-block-list\">\n<li>L\u00edquido y vapores f\u00e1cilmente inflamables (H225).<\/li>\n\n\n\n<li>Provoca irritaci\u00f3n cut\u00e1nea y ocular (H315\/H319).<\/li>\n\n\n\n<li>T\u00f3xico por inhalaci\u00f3n (H331).<\/li>\n\n\n\n<li>Utilizar s\u00f3lo seg\u00fan las indicaciones.<\/li>\n<\/ul>\n\n\n\n<h3 class=\"wp-block-heading\">Utilice<\/h3>\n\n\n\n<p>S\u00f3lo se utiliza como difusor de fragancias o disolvente de limpieza.<br>No es apto para el consumo humano y no debe inhalarse.<\/p>\n\n\n\n<h3 class=\"wp-block-heading\">Almacenamiento<\/h3>\n\n\n\n<p>Conservar en lugar fresco y seco. Mantener fuera del alcance de los ni\u00f1os.<\/p>\n\n\n\n<h3 class=\"wp-block-heading\">Pa\u00eds de origen<\/h3>\n\n\n\n<p>UE.<\/p>\n\n\n\n<p>Experimente la potente fragancia de Mega Rush 25ml Poppers. Haz tu pedido hoy mismo y descubre por qu\u00e9 este producto es tan apreciado por los amantes de los difusores de fragancias de alta calidad.<\/p>","protected":false},"excerpt":{"rendered":"<p><strong><br \/>ACCESORIOS COMPATIBLES:<\/strong><\/p>\n<ul>\n<li><a href=\"https:\/\/poppersparadise.eu\/es\/categoria-de-productos\/accesorios\/olfateadores-grandes\/\">Olfateadores Grandes<\/a><\/li>\n<li><a href=\"https:\/\/poppersparadise.eu\/es\/producto\/xtrm-poppers-holder-grande-2\/\">XTRM Poppers Soporte grande<\/a><\/li>\n<li><a href=\"https:\/\/poppersparadise.eu\/es\/producto\/xtrm-poppers-keeper-grande-24ml-2\/\">XTRM Poppers Guardi\u00e1n grande<\/a><\/li>\n<\/ul>","protected":false},"featured_media":15877,"comment_status":"open","ping_status":"closed","template":"","meta":{"_acf_changed":false},"product_brand":[751],"product_cat":[35],"product_tag":[],"class_list":{"0":"post-15873","1":"product","2":"type-product","3":"status-publish","4":"has-post-thumbnail","6":"product_brand-rush","7":"product_cat-grote-flesjes-poppers","9":"first","10":"instock","11":"taxable","12":"shipping-taxable","13":"purchasable","14":"product-type-simple"},"acf":[],"df_price":6.95,"df_sale_price":"","df_regular_price":6.95,"df_image_link":"https:\/\/poppersparadise.eu\/wp-content\/uploads\/2025\/04\/Mega-Rush-25ml-1-2-300x300.jpg","_links":{"self":[{"href":"https:\/\/poppersparadise.eu\/es\/wp-json\/wp\/v2\/product\/15873","targetHints":{"allow":["GET"]}}],"collection":[{"href":"https:\/\/poppersparadise.eu\/es\/wp-json\/wp\/v2\/product"}],"about":[{"href":"https:\/\/poppersparadise.eu\/es\/wp-json\/wp\/v2\/types\/product"}],"replies":[{"embeddable":true,"href":"https:\/\/poppersparadise.eu\/es\/wp-json\/wp\/v2\/comments?post=15873"}],"wp:featuredmedia":[{"embeddable":true,"href":"https:\/\/poppersparadise.eu\/es\/wp-json\/wp\/v2\/media\/15877"}],"wp:attachment":[{"href":"https:\/\/poppersparadise.eu\/es\/wp-json\/wp\/v2\/media?parent=15873"}],"wp:term":[{"taxonomy":"product_brand","embeddable":true,"href":"https:\/\/poppersparadise.eu\/es\/wp-json\/wp\/v2\/product_brand?post=15873"},{"taxonomy":"product_cat","embeddable":true,"href":"https:\/\/poppersparadise.eu\/es\/wp-json\/wp\/v2\/product_cat?post=15873"},{"taxonomy":"product_tag","embeddable":true,"href":"https:\/\/poppersparadise.eu\/es\/wp-json\/wp\/v2\/product_tag?post=15873"}],"curies":[{"name":"wp","href":"https:\/\/api.w.org\/{rel}","templated":true}]}}