{"id":15746,"date":"2025-03-31T15:03:14","date_gmt":"2025-03-31T13:03:14","guid":{"rendered":"https:\/\/poppersparadise.eu\/?post_type=product&#038;p=15746"},"modified":"2026-04-16T09:00:39","modified_gmt":"2026-04-16T07:00:39","slug":"amsterdam-poppers-party-pack-5-x-24ml","status":"publish","type":"product","link":"https:\/\/poppersparadise.eu\/es\/product\/amsterdam-poppers-party-pack-5-x-24ml\/","title":{"rendered":"Amsterdam Party Pack 5 x 24ml + Gratis XTRM SNFFR"},"content":{"rendered":"<h2 class=\"wp-block-heading\">Crea tu propio Party Pack Amsterdam<\/h2>\n\n\n\n<p>\u00a1Completa tu experiencia olfativa con el Amsterdam Poppers Party Pack 5 x 24ml! Cree su propio paquete eligiendo cinco frascos de Amsterdam 24ml de nuestra amplia selecci\u00f3n. A\u00f1ade un toque personal con tus variantes favoritas y disfruta de ventajas adicionales con tu pedido.<\/p>\n\n\n\n<h3 class=\"wp-block-heading\">Elija entre las siguientes variedades:<\/h3>\n\n\n\n<ul class=\"wp-block-list\">\n<li><strong>Amsterdam 24ml<\/strong><\/li>\n\n\n\n<li><strong>Amsterdam Hardcore 24ml<\/strong><\/li>\n\n\n\n<li><strong>Amsterdam XXX Ultra Fuerte 24ml<\/strong><\/li>\n\n\n\n<li><strong>Amsterdam XXX Pride 24ml<\/strong><\/li>\n\n\n\n<li><strong>Amsterdam Smooth 24ml<\/strong><\/li>\n\n\n\n<li><strong>Amsterdam Black Label 24ml<\/strong><\/li>\n\n\n\n<li><strong>Amsterdam Platinum 24ml<\/strong><\/li>\n\n\n\n<li><strong>Amsterdam Ultra Gold 24ml<\/strong><\/li>\n\n\n\n<li><strong>Amsterdam Zero 24ml<\/strong><\/li>\n\n\n\n<li><strong>Amsterdam Special 24ml<\/strong><\/li>\n\n\n\n<li><strong>Amsterdam XXX Cosmic Power 24ml<\/strong><\/li>\n\n\n\n<li><strong>Amsterdam Butanol 24ml<\/strong><\/li>\n\n\n\n<li><strong>Amsterdam Gold Label 24ml<\/strong><\/li>\n\n\n\n<li><strong>Amsterdam A'Dam 24ml<\/strong><\/li>\n<\/ul>\n\n\n\n<h3 class=\"wp-block-heading\">Ventajas adicionales<\/h3>\n\n\n\n<ul class=\"wp-block-list\">\n<li><strong>Extra gratis<\/strong>Regala un SNFFR XTRM (valorado en 9,95 euros) con tu pedido.<\/li>\n\n\n\n<li><strong>Descuento \u00fanico<\/strong>Aproveche el 15% de descuento adicional por botella al comprar este paquete.<\/li>\n<\/ul>\n\n\n\n<h3 class=\"wp-block-heading\">\u00bfC\u00f3mo funciona?<\/h3>\n\n\n\n<p>S\u00f3lo tiene que elegir cinco botellas de la lista y crear su propio paquete \u00fanico. Perfecto para compartir o disfrutar a solas en momentos especiales.<\/p>\n\n\n\n<h3 class=\"wp-block-heading\">Importante saber<\/h3>\n\n\n\n<p>Utilice estos productos \u00fanicamente como difusores de fragancias o disolventes de limpieza. No son aptos para el consumo humano y no deben inhalarse. Guarde los frascos en un lugar fresco y oscuro y ci\u00e9rrelos herm\u00e9ticamente despu\u00e9s de usarlos.<\/p>\n\n\n\n<h3 class=\"wp-block-heading\">Advertencias<\/h3>\n\n\n\n<ul class=\"wp-block-list\">\n<li>L\u00edquido y vapores f\u00e1cilmente inflamables (H225).<\/li>\n\n\n\n<li>Provoca irritaci\u00f3n cut\u00e1nea y ocular (H315\/H319).<\/li>\n\n\n\n<li>T\u00f3xico por inhalaci\u00f3n (H331).<\/li>\n\n\n\n<li>Utilizar s\u00f3lo seg\u00fan las indicaciones.<\/li>\n<\/ul>\n\n\n\n<h3 class=\"wp-block-heading\">Almacenamiento<\/h3>\n\n\n\n<p>Conservar en lugar fresco y seco. Mantener fuera del alcance de los ni\u00f1os.<\/p>\n\n\n\n<h3 class=\"wp-block-heading\">Pa\u00eds de origen<\/h3>\n\n\n\n<p>UE.<\/p>\n\n\n\n<p>Prepara hoy mismo tu propio Party Pack Amsterdam y descubre la versatilidad de estos difusores de fragancias de alta calidad.<\/p>","protected":false},"excerpt":{"rendered":"<p><strong><br \/>ACCESORIOS COMPATIBLES:<\/strong><\/p>\n<ul>\n<li><a href=\"https:\/\/poppersparadise.eu\/es\/categoria-de-productos\/accesorios\/olfateadores-grandes\/\">Olfateadores Grandes<\/a><\/li>\n<li><a href=\"https:\/\/poppersparadise.eu\/es\/producto\/xtrm-poppers-holder-grande-2\/\">XTRM Poppers Soporte grande<\/a><\/li>\n<li><a href=\"https:\/\/poppersparadise.eu\/es\/producto\/xtrm-poppers-keeper-grande-24ml-2\/\">XTRM Poppers Guardi\u00e1n grande<\/a><\/li>\n<\/ul>","protected":false},"featured_media":15749,"comment_status":"open","ping_status":"closed","template":"","meta":{"_acf_changed":false},"product_brand":[735],"product_cat":[33],"product_tag":[],"class_list":{"0":"post-15746","1":"product","2":"type-product","3":"status-publish","4":"has-post-thumbnail","6":"product_brand-amsterdam","7":"product_cat-party-packs","9":"first","10":"instock","11":"sale","12":"taxable","13":"shipping-taxable","14":"purchasable","15":"product-type-composite"},"acf":[],"df_price":29.95,"df_sale_price":29.95,"df_regular_price":44.7,"df_image_link":"https:\/\/poppersparadise.eu\/wp-content\/uploads\/2025\/03\/5x-Large-Pack-Amsterdam-1-300x300.jpg","_links":{"self":[{"href":"https:\/\/poppersparadise.eu\/es\/wp-json\/wp\/v2\/product\/15746","targetHints":{"allow":["GET"]}}],"collection":[{"href":"https:\/\/poppersparadise.eu\/es\/wp-json\/wp\/v2\/product"}],"about":[{"href":"https:\/\/poppersparadise.eu\/es\/wp-json\/wp\/v2\/types\/product"}],"replies":[{"embeddable":true,"href":"https:\/\/poppersparadise.eu\/es\/wp-json\/wp\/v2\/comments?post=15746"}],"wp:featuredmedia":[{"embeddable":true,"href":"https:\/\/poppersparadise.eu\/es\/wp-json\/wp\/v2\/media\/15749"}],"wp:attachment":[{"href":"https:\/\/poppersparadise.eu\/es\/wp-json\/wp\/v2\/media?parent=15746"}],"wp:term":[{"taxonomy":"product_brand","embeddable":true,"href":"https:\/\/poppersparadise.eu\/es\/wp-json\/wp\/v2\/product_brand?post=15746"},{"taxonomy":"product_cat","embeddable":true,"href":"https:\/\/poppersparadise.eu\/es\/wp-json\/wp\/v2\/product_cat?post=15746"},{"taxonomy":"product_tag","embeddable":true,"href":"https:\/\/poppersparadise.eu\/es\/wp-json\/wp\/v2\/product_tag?post=15746"}],"curies":[{"name":"wp","href":"https:\/\/api.w.org\/{rel}","templated":true}]}}