{"id":15605,"date":"2025-03-26T18:46:24","date_gmt":"2025-03-26T17:46:24","guid":{"rendered":"https:\/\/poppersparadise.eu\/?post_type=product&#038;p=15605"},"modified":"2026-02-26T12:35:25","modified_gmt":"2026-02-26T11:35:25","slug":"rush-poppers-party-pack-5-x-24ml","status":"publish","type":"product","link":"https:\/\/poppersparadise.eu\/es\/product\/rush-poppers-party-pack-5-x-24ml\/","title":{"rendered":"Rush Party Pack 5 x 24ml + Gratis XTRM SNFFR"},"content":{"rendered":"<h2 class=\"wp-block-heading\">Crea tu propio Party Pack Rush<\/h2>\n\n\n\n<p>Completa tu fiesta con el <strong>Rush Poppers Party Pack 5 x 24ml<\/strong>\u00a1! Elija sus propias cinco botellas de Rush 24ml entre nuestra amplia lista de variedades diferentes. A\u00f1ada un toque personal a su fiesta con sus variedades favoritas de Rush. Adem\u00e1s, benef\u00edciese de un <strong><strong><strong><strong>XTRM SNFFR<\/strong><\/strong> <strong>por valor de 9,95 euros<\/strong><\/strong><\/strong> con su compra <strong>Y consigue 15% descuento extra<\/strong> \u00a1por botella!<\/p>\n\n\n\n<h3 class=\"wp-block-heading\"><strong>Elija entre sus variedades favoritas:<\/strong><\/h3>\n\n\n\n<ul class=\"wp-block-list\">\n<li>Rush Butanol Black Label 24ml<\/li>\n\n\n\n<li>Gold Rush 24ml<\/li>\n\n\n\n<li>Rush 24ml<\/li>\n\n\n\n<li>Rush Imperial Gold 24ml<\/li>\n\n\n\n<li>Rush Amyl 24ml<\/li>\n\n\n\n<li>Rush Butanol 24ml<\/li>\n\n\n\n<li>Super Rush Black Label 24ml<\/li>\n\n\n\n<li>Rush Copper Deluxe 24ml<\/li>\n\n\n\n<li>Super Rush Cosmic Power 24ml<\/li>\n\n\n\n<li>Super Rush 24ml<\/li>\n\n\n\n<li>Rush Zero Red Distilled 24ml<\/li>\n\n\n\n<li>Rush Zero 24ml<\/li>\n\n\n\n<li>Rush Brut Premium 24ml<\/li>\n<\/ul>\n\n\n\n<h3 class=\"wp-block-heading\">Ventajas adicionales<\/h3>\n\n\n\n<ul class=\"wp-block-list\">\n<li><strong>Extras incluidos:<\/strong> XTRM SNFFR gratis con su pedido.<\/li>\n\n\n\n<li><strong>Descuento \u00fanico:<\/strong> Obtenga 15% de descuento extra por botella al comprar este producto.<\/li>\n<\/ul>\n\n\n\n<h3 class=\"wp-block-heading\">\u00bfC\u00f3mo funciona?<\/h3>\n\n\n\n<p>S\u00f3lo tiene que elegir diez botellas de la lista y crear su propio paquete \u00fanico. Perfecto para compartir o disfrutar a solas en momentos especiales.<\/p>\n\n\n\n<h3 class=\"wp-block-heading\">Importante saber<\/h3>\n\n\n\n<p>Utilice estos productos \u00fanicamente como difusores de fragancias o disolventes de limpieza. No son aptos para el consumo humano y no deben inhalarse. Guarde los frascos en un lugar fresco y oscuro y ci\u00e9rrelos herm\u00e9ticamente despu\u00e9s de usarlos.<\/p>\n\n\n\n<h3 class=\"wp-block-heading\">Advertencias<\/h3>\n\n\n\n<ul class=\"wp-block-list\">\n<li>L\u00edquido y vapores f\u00e1cilmente inflamables (H225).<\/li>\n\n\n\n<li>Provoca irritaci\u00f3n cut\u00e1nea y ocular (H315\/H319).<\/li>\n\n\n\n<li>T\u00f3xico por inhalaci\u00f3n (H331).<\/li>\n\n\n\n<li>Utilizar s\u00f3lo seg\u00fan las indicaciones.<\/li>\n<\/ul>\n\n\n\n<h3 class=\"wp-block-heading\">Almacenamiento<\/h3>\n\n\n\n<p>Conservar en lugar fresco y seco. Mantener fuera del alcance de los ni\u00f1os.<\/p>\n\n\n\n<h3 class=\"wp-block-heading\">Pa\u00eds de origen<\/h3>\n\n\n\n<p>UE.<\/p>\n\n\n\n<p>Prepara hoy mismo tu propio Party Pack Rush y descubre la versatilidad de estos difusores de fragancias de alta calidad.<\/p>","protected":false},"excerpt":{"rendered":"<p><strong><br \/>ACCESORIOS COMPATIBLES:<\/strong><\/p>\n<ul>\n<li><a href=\"https:\/\/poppersparadise.eu\/es\/categoria-de-productos\/accesorios\/olfateadores-grandes\/\">Olfateadores Grandes<\/a><\/li>\n<li><a href=\"https:\/\/poppersparadise.eu\/es\/producto\/xtrm-poppers-holder-grande-2\/\">XTRM Poppers Soporte grande<\/a><\/li>\n<li><a href=\"https:\/\/poppersparadise.eu\/es\/producto\/xtrm-poppers-keeper-grande-24ml-2\/\">XTRM Poppers Guardi\u00e1n grande<\/a><\/li>\n<\/ul>","protected":false},"featured_media":15740,"comment_status":"open","ping_status":"closed","template":"","meta":{"_acf_changed":false},"product_brand":[751],"product_cat":[33],"product_tag":[],"class_list":{"0":"post-15605","1":"product","2":"type-product","3":"status-publish","4":"has-post-thumbnail","6":"product_brand-rush","7":"product_cat-party-packs","9":"first","10":"instock","11":"sale","12":"taxable","13":"shipping-taxable","14":"purchasable","15":"product-type-composite"},"acf":[],"df_price":29.95,"df_sale_price":29.95,"df_regular_price":44.7,"df_image_link":"https:\/\/poppersparadise.eu\/wp-content\/uploads\/2025\/03\/5x-Large-Pack-Rush-4-300x300.jpg","_links":{"self":[{"href":"https:\/\/poppersparadise.eu\/es\/wp-json\/wp\/v2\/product\/15605","targetHints":{"allow":["GET"]}}],"collection":[{"href":"https:\/\/poppersparadise.eu\/es\/wp-json\/wp\/v2\/product"}],"about":[{"href":"https:\/\/poppersparadise.eu\/es\/wp-json\/wp\/v2\/types\/product"}],"replies":[{"embeddable":true,"href":"https:\/\/poppersparadise.eu\/es\/wp-json\/wp\/v2\/comments?post=15605"}],"wp:featuredmedia":[{"embeddable":true,"href":"https:\/\/poppersparadise.eu\/es\/wp-json\/wp\/v2\/media\/15740"}],"wp:attachment":[{"href":"https:\/\/poppersparadise.eu\/es\/wp-json\/wp\/v2\/media?parent=15605"}],"wp:term":[{"taxonomy":"product_brand","embeddable":true,"href":"https:\/\/poppersparadise.eu\/es\/wp-json\/wp\/v2\/product_brand?post=15605"},{"taxonomy":"product_cat","embeddable":true,"href":"https:\/\/poppersparadise.eu\/es\/wp-json\/wp\/v2\/product_cat?post=15605"},{"taxonomy":"product_tag","embeddable":true,"href":"https:\/\/poppersparadise.eu\/es\/wp-json\/wp\/v2\/product_tag?post=15605"}],"curies":[{"name":"wp","href":"https:\/\/api.w.org\/{rel}","templated":true}]}}