{"id":14044,"date":"2025-02-19T20:38:47","date_gmt":"2025-02-19T19:38:47","guid":{"rendered":"https:\/\/poppersparadise.eu\/?post_type=product&#038;p=14044"},"modified":"2026-03-16T22:38:23","modified_gmt":"2026-03-16T21:38:23","slug":"rise-up-black-label-poppers-2","status":"publish","type":"product","link":"https:\/\/poppersparadise.eu\/es\/product\/rise-up-black-label-poppers-2\/","title":{"rendered":"Rise Up Black Label 10ml"},"content":{"rendered":"<h2 class=\"wp-block-heading\">Descubra el lujo de Rise Up Black Label poppers 10ml<\/h2>\n\n\n\n<p>El Rise Up Black Label poppers 10ml es la elecci\u00f3n perfecta para aquellos que buscan una experiencia olfativa intensa y sofisticada. Gracias a su f\u00f3rmula de alta calidad con nitrito de pentilo, este producto ofrece efectos duraderos y potentes. El dise\u00f1o elegante y compacto del frasco lo convierte en un valioso complemento para cualquier colecci\u00f3n de lujo.<\/p>\n\n\n\n<h3 class=\"wp-block-heading\">\u00bfPor qu\u00e9 elegir Rise Up Etiqueta Negra?<\/h3>\n\n\n\n<p>Con una f\u00f3rmula avanzada a base de nitrito de pentilo, los poppers Rise Up Black Label proporcionan una acumulaci\u00f3n progresiva de sensaciones. Ideales para quienes buscan intensidad y placer duradero, envasados en un elegante y pr\u00e1ctico frasco.<\/p>\n\n\n\n<h3 class=\"wp-block-heading\">Especificaciones de Rise Up Etiqueta Negra poppers<\/h3>\n\n\n\n<p><strong>Composici\u00f3n<\/strong>&nbsp;Formulado con nitrito de pentilo para una acci\u00f3n potente y controlada<br><strong>Impacto<\/strong>&nbsp;Acumulaci\u00f3n progresiva de sensaciones para un placer duradero<br><strong>Facilidad de uso<\/strong>&nbsp;Se puede cerrar c\u00f3modamente y est\u00e1 dise\u00f1ado para conservar la calidad a largo plazo<br><strong>Calidad<\/strong>&nbsp;Controles estrictos para garantizar la pureza y la eficacia<\/p>\n\n\n\n<h3 class=\"wp-block-heading\">Lujo e intensidad en una sola botella<\/h3>\n\n\n\n<p>La potente acci\u00f3n del nitrito de pentilo en estos poppers garantiza una experiencia sensorial \u00fanica. El efecto aumenta lentamente y ofrece una sensaci\u00f3n duradera de lujo e intensidad, perfecta para momentos inolvidables.<\/p>\n\n\n\n<h3 class=\"wp-block-heading\">Calidad en la que puede confiar<\/h3>\n\n\n\n<p>Cada lote de los poppers Rise Up Black Label se somete a estrictos controles de calidad para garantizar su consistencia y fiabilidad. Este producto supera los est\u00e1ndares del mercado y es un valioso complemento para cualquier colecci\u00f3n de gama alta.<\/p>\n\n\n\n<h3 class=\"wp-block-heading\">Importante saber<\/h3>\n\n\n\n<p>Este producto est\u00e1 destinado a ser utilizado \u00fanicamente como difusor de fragancias o disolvente de limpieza. No es apto para el consumo humano ni para inhalaci\u00f3n. Guarde el producto en un lugar fresco y oscuro y cierre bien el frasco despu\u00e9s de usarlo.<\/p>\n\n\n\n<h3 class=\"wp-block-heading\">Advertencias<\/h3>\n\n\n\n<p>L\u00edquido y vapores f\u00e1cilmente inflamables (H225).<br>Provoca irritaci\u00f3n cut\u00e1nea y ocular (H315\/H319).<br>T\u00f3xico por inhalaci\u00f3n (H331).<br>No hay medicina.<br>Utilizar s\u00f3lo seg\u00fan las indicaciones.<\/p>\n\n\n\n<h3 class=\"wp-block-heading\">Almacenamiento<\/h3>\n\n\n\n<p>Conservar en lugar fresco y seco. Mantener fuera del alcance de los ni\u00f1os.<\/p>\n\n\n\n<h3 class=\"wp-block-heading\">Pa\u00eds de origen<\/h3>\n\n\n\n<p>Francia<\/p>\n\n\n\n<p><\/p>","protected":false},"excerpt":{"rendered":"<p><strong><br \/>ACCESORIOS COMPATIBLES:<\/strong><\/p>\n<ul>\n<li><a href=\"https:\/\/poppersparadise.eu\/es\/categoria-de-productos\/accesorios\/olfateadores-pequenos\/\">Olfateadores Peque\u00f1os<\/a><\/li>\n<li><a href=\"https:\/\/poppersparadise.eu\/es\/producto\/xtrm-poppers-houder-zwart-small\/\">XTRM Poppers Soporte Peque\u00f1o<\/a><\/li>\n<li><a href=\"https:\/\/poppersparadise.eu\/es\/producto\/xtrm-poppers-keeper-pequeno-10ml\/\">XTRM Poppers Guardi\u00e1n peque\u00f1o<\/a><\/li>\n<\/ul>","protected":false},"featured_media":14045,"comment_status":"open","ping_status":"closed","template":"","meta":{"_acf_changed":false},"product_brand":[750],"product_cat":[34],"product_tag":[],"class_list":{"0":"post-14044","1":"product","2":"type-product","3":"status-publish","4":"has-post-thumbnail","6":"product_brand-rise-up","7":"product_cat-kleine-flesjes-poppers","9":"first","10":"instock","11":"taxable","12":"shipping-taxable","13":"purchasable","14":"product-type-simple"},"acf":[],"df_price":5.65,"df_sale_price":"","df_regular_price":5.65,"df_image_link":"https:\/\/poppersparadise.eu\/wp-content\/uploads\/2025\/02\/Rise-Up-Black-Label-10m-1-300x300.jpg","_links":{"self":[{"href":"https:\/\/poppersparadise.eu\/es\/wp-json\/wp\/v2\/product\/14044","targetHints":{"allow":["GET"]}}],"collection":[{"href":"https:\/\/poppersparadise.eu\/es\/wp-json\/wp\/v2\/product"}],"about":[{"href":"https:\/\/poppersparadise.eu\/es\/wp-json\/wp\/v2\/types\/product"}],"replies":[{"embeddable":true,"href":"https:\/\/poppersparadise.eu\/es\/wp-json\/wp\/v2\/comments?post=14044"}],"wp:featuredmedia":[{"embeddable":true,"href":"https:\/\/poppersparadise.eu\/es\/wp-json\/wp\/v2\/media\/14045"}],"wp:attachment":[{"href":"https:\/\/poppersparadise.eu\/es\/wp-json\/wp\/v2\/media?parent=14044"}],"wp:term":[{"taxonomy":"product_brand","embeddable":true,"href":"https:\/\/poppersparadise.eu\/es\/wp-json\/wp\/v2\/product_brand?post=14044"},{"taxonomy":"product_cat","embeddable":true,"href":"https:\/\/poppersparadise.eu\/es\/wp-json\/wp\/v2\/product_cat?post=14044"},{"taxonomy":"product_tag","embeddable":true,"href":"https:\/\/poppersparadise.eu\/es\/wp-json\/wp\/v2\/product_tag?post=14044"}],"curies":[{"name":"wp","href":"https:\/\/api.w.org\/{rel}","templated":true}]}}