{"id":12975,"date":"2024-11-25T12:38:00","date_gmt":"2024-11-25T11:38:00","guid":{"rendered":"https:\/\/poppersparadise.eu\/?post_type=product&#038;p=12975"},"modified":"2026-04-05T14:08:33","modified_gmt":"2026-04-05T12:08:33","slug":"rush-cobre-poppers-deluxe-10ml","status":"publish","type":"product","link":"https:\/\/poppersparadise.eu\/es\/product\/rush-copper-deluxe-poppers-10ml\/","title":{"rendered":"Rush Copper Deluxe 10ml"},"content":{"rendered":"<h1 class=\"wp-block-heading\">Descubra el Rush Copper Deluxe Poppers 10ml<\/h1>\n\n\n\n<p>Libere los vigorizantes aromas de Rush Copper Deluxe Poppers 10ml, una puerta de entrada a una relajaci\u00f3n sin igual y a experiencias sociales mejoradas. Con una capacidad de 10 ml, este frasco es tu llave a un mundo de calma y confort, tanto si quieres relajarte tras un d\u00eda ajetreado como si quieres crear ambiente para una noche animada.<\/p>\n\n\n\n<h3 class=\"wp-block-heading\">Especificaciones del producto<\/h3>\n\n\n\n<ul class=\"wp-block-list\">\n<li><strong>Principio activo<\/strong>: Amyl &amp; Isopropyl<\/li>\n\n\n\n<li><strong>Volumen<\/strong>: 10ml<\/li>\n<\/ul>\n\n\n\n<h3 class=\"wp-block-heading\">Ventajas y caracter\u00edsticas<\/h3>\n\n\n\n<ul class=\"wp-block-list\">\n<li><strong>De acci\u00f3n r\u00e1pida<\/strong>Con difusi\u00f3n de fragancia de larga duraci\u00f3n.<\/li>\n\n\n\n<li><strong>Aromas tonificantes<\/strong>Una mezcla \u00fanica de fragancias que refrescan.<\/li>\n\n\n\n<li><strong>Calmante<\/strong>: Fomenta un ambiente relajado y sin estr\u00e9s.<\/li>\n\n\n\n<li><strong>Interacci\u00f3n social<\/strong>Aumenta el confort y el ambiente en las reuniones sociales.<\/li>\n<\/ul>\n\n\n\n<h3 class=\"wp-block-heading\">\u00bfPor qu\u00e9 elegir Rush Copper Deluxe Poppers 10ml?<\/h3>\n\n\n\n<p>Dise\u00f1ados para los amantes de los poppers y los aficionados a la vida nocturna, estos poppers ofrecen algo m\u00e1s que una escapada fugaz. Combinan innovaci\u00f3n y tradici\u00f3n, inspirados en el legendario PWD Rush Popper. Tanto si busca relajaci\u00f3n personal como un regalo \u00fanico para otros amantes, estos poppers ofrecen una experiencia que se puede compartir.<\/p>\n\n\n\n<p>Aproveche nuestros atractivos descuentos por compras al por mayor y comparta una experiencia inolvidable con amigos y familiares.<\/p>\n\n\n\n<h3 class=\"wp-block-heading\">Importante saber<\/h3>\n\n\n\n<p>Este producto est\u00e1 destinado a ser utilizado \u00fanicamente como difusor de fragancias o disolvente de limpieza. No es apto para el consumo humano ni para inhalaci\u00f3n. Guarde el producto en un lugar fresco y oscuro y cierre bien el frasco despu\u00e9s de usarlo.<\/p>\n\n\n\n<h3 class=\"wp-block-heading\">Advertencias<\/h3>\n\n\n\n<ul class=\"wp-block-list\">\n<li>L\u00edquido y vapores f\u00e1cilmente inflamables (H225).<\/li>\n\n\n\n<li>Provoca irritaci\u00f3n cut\u00e1nea y ocular (H315\/H319).<\/li>\n\n\n\n<li>T\u00f3xico por inhalaci\u00f3n (H331).<\/li>\n\n\n\n<li>No hay medicina.<\/li>\n\n\n\n<li>Utilizar s\u00f3lo seg\u00fan las indicaciones.<\/li>\n<\/ul>\n\n\n\n<h3 class=\"wp-block-heading\">Almacenamiento<\/h3>\n\n\n\n<p>Conservar en lugar fresco y seco. Mantener fuera del alcance de los ni\u00f1os.<\/p>\n\n\n\n<h3 class=\"wp-block-heading\">Pa\u00eds de origen<\/h3>\n\n\n\n<p>Francia<\/p>","protected":false},"excerpt":{"rendered":"<p><strong><br \/>ACCESORIOS COMPATIBLES:<\/strong><\/p>\n<ul>\n<li><a href=\"https:\/\/poppersparadise.eu\/es\/categoria-de-productos\/accesorios\/olfateadores-pequenos\/\">Olfateadores Peque\u00f1os<\/a><\/li>\n<li><a href=\"https:\/\/poppersparadise.eu\/es\/producto\/xtrm-poppers-houder-zwart-small\/\">XTRM Poppers Soporte Peque\u00f1o<\/a><\/li>\n<li><a href=\"https:\/\/poppersparadise.eu\/es\/producto\/xtrm-poppers-keeper-pequeno-10ml\/\">XTRM Poppers Guardi\u00e1n peque\u00f1o<\/a><\/li>\n<\/ul>","protected":false},"featured_media":12976,"comment_status":"open","ping_status":"closed","template":"","meta":{"_acf_changed":false},"product_brand":[751],"product_cat":[34],"product_tag":[],"class_list":{"0":"post-12975","1":"product","2":"type-product","3":"status-publish","4":"has-post-thumbnail","6":"product_brand-rush","7":"product_cat-kleine-flesjes-poppers","9":"first","10":"instock","11":"taxable","12":"shipping-taxable","13":"purchasable","14":"product-type-simple"},"acf":[],"df_price":5.75,"df_sale_price":"","df_regular_price":5.75,"df_image_link":"https:\/\/poppersparadise.eu\/wp-content\/uploads\/2024\/11\/RDL10-300x300.webp","_links":{"self":[{"href":"https:\/\/poppersparadise.eu\/es\/wp-json\/wp\/v2\/product\/12975","targetHints":{"allow":["GET"]}}],"collection":[{"href":"https:\/\/poppersparadise.eu\/es\/wp-json\/wp\/v2\/product"}],"about":[{"href":"https:\/\/poppersparadise.eu\/es\/wp-json\/wp\/v2\/types\/product"}],"replies":[{"embeddable":true,"href":"https:\/\/poppersparadise.eu\/es\/wp-json\/wp\/v2\/comments?post=12975"}],"wp:featuredmedia":[{"embeddable":true,"href":"https:\/\/poppersparadise.eu\/es\/wp-json\/wp\/v2\/media\/12976"}],"wp:attachment":[{"href":"https:\/\/poppersparadise.eu\/es\/wp-json\/wp\/v2\/media?parent=12975"}],"wp:term":[{"taxonomy":"product_brand","embeddable":true,"href":"https:\/\/poppersparadise.eu\/es\/wp-json\/wp\/v2\/product_brand?post=12975"},{"taxonomy":"product_cat","embeddable":true,"href":"https:\/\/poppersparadise.eu\/es\/wp-json\/wp\/v2\/product_cat?post=12975"},{"taxonomy":"product_tag","embeddable":true,"href":"https:\/\/poppersparadise.eu\/es\/wp-json\/wp\/v2\/product_tag?post=12975"}],"curies":[{"name":"wp","href":"https:\/\/api.w.org\/{rel}","templated":true}]}}