{"id":12254,"date":"2024-11-05T12:44:54","date_gmt":"2024-11-05T11:44:54","guid":{"rendered":"https:\/\/poppersparadise.eu\/?post_type=product&#038;p=12254"},"modified":"2026-03-30T11:36:28","modified_gmt":"2026-03-30T09:36:28","slug":"rush-imperial-gold-poppers-24ml","status":"publish","type":"product","link":"https:\/\/poppersparadise.eu\/es\/product\/rush-imperial-gold-poppers-24ml\/","title":{"rendered":"Rush Imperial Gold 24ml"},"content":{"rendered":"<h2 class=\"wp-block-heading\">Rush Imperial Gold 24ml<\/h2>\n\n\n\n<p>Libere aromas vigorizantes con Rush Imperial Gold 24ml Poppers, un difusor de fragancias perfecto para quienes buscan relajarse y mejorar el ambiente. Con una capacidad de 24 ml, esta botella ofrece una experiencia de fragancia de larga duraci\u00f3n, ideal tanto para tardes tranquilas en casa.<\/p>\n\n\n\n<h3 class=\"wp-block-heading\">Especificaciones del producto<\/h3>\n\n\n\n<ul class=\"wp-block-list\">\n<li><strong>Principio activo<\/strong>: Nitrito de isopentilo<\/li>\n\n\n\n<li><strong>Volumen<\/strong>: 24 ml<\/li>\n<\/ul>\n\n\n\n<h3 class=\"wp-block-heading\">Beneficios y efectos<\/h3>\n\n\n\n<ul class=\"wp-block-list\">\n<li>Acci\u00f3n r\u00e1pida con difusi\u00f3n duradera del olor<\/li>\n\n\n\n<li>Una variedad de aromas vigorizantes para satisfacer todas las preferencias<\/li>\n\n\n\n<li>Favorece la relajaci\u00f3n y un ambiente agradable<\/li>\n<\/ul>\n\n\n\n<h3 class=\"wp-block-heading\">\u00bfPor qu\u00e9 elegir Rush Imperial Gold 24ml?<\/h3>\n\n\n\n<ul class=\"wp-block-list\">\n<li>Especialmente dise\u00f1ado para entendidos y amantes de los difusores de fragancias<\/li>\n\n\n\n<li>Combina innovaci\u00f3n y tradici\u00f3n, inspirado en el legendario PWD Rush Popper<\/li>\n\n\n\n<li>Perfecto para la relajaci\u00f3n personal o como regalo \u00fanico para amigos y familiares<\/li>\n\n\n\n<li>Disponible con atractivos descuentos por compra al por mayor<\/li>\n<\/ul>\n\n\n\n<h3 class=\"wp-block-heading\">Importante saber<\/h3>\n\n\n\n<ul class=\"wp-block-list\">\n<li>Este producto est\u00e1 destinado a utilizarse \u00fanicamente como difusor de fragancias o disolvente de limpieza.<\/li>\n\n\n\n<li>No es apto para el consumo humano ni para la inhalaci\u00f3n.<\/li>\n\n\n\n<li>Evitar el contacto con medicamentos para la disfunci\u00f3n er\u00e9ctil.<\/li>\n\n\n\n<li>Evitar el contacto directo con la piel debido a sus propiedades corrosivas.<\/li>\n\n\n\n<li>Gu\u00e1rdelo en un lugar fresco y oscuro y cierre bien el frasco despu\u00e9s de usarlo.<\/li>\n<\/ul>\n\n\n\n<h3 class=\"wp-block-heading\">Advertencias<\/h3>\n\n\n\n<ul class=\"wp-block-list\">\n<li>L\u00edquido y vapores f\u00e1cilmente inflamables (H225)<\/li>\n\n\n\n<li>Provoca irritaci\u00f3n cut\u00e1nea y ocular (H315\/H319)<\/li>\n\n\n\n<li>T\u00f3xico por inhalaci\u00f3n (H331)<\/li>\n\n\n\n<li>Ning\u00fan medicamento<\/li>\n\n\n\n<li>Utilizar s\u00f3lo como se indica<\/li>\n<\/ul>\n\n\n\n<h3 class=\"wp-block-heading\">Almacenamiento<\/h3>\n\n\n\n<ul class=\"wp-block-list\">\n<li>Conservar en lugar fresco y seco.<\/li>\n\n\n\n<li>Mantener fuera del alcance de los ni\u00f1os.<\/li>\n<\/ul>\n\n\n\n<h3 class=\"wp-block-heading\">Pa\u00eds de origen<\/h3>\n\n\n\n<p>Luxemburgo<\/p>","protected":false},"excerpt":{"rendered":"<p><strong><br \/>ACCESORIOS COMPATIBLES:<\/strong><\/p>\n<ul>\n<li><a href=\"https:\/\/poppersparadise.eu\/es\/categoria-de-productos\/accesorios\/olfateadores-grandes\/\">Olfateadores Grandes<\/a><\/li>\n<li><a href=\"https:\/\/poppersparadise.eu\/es\/producto\/xtrm-poppers-holder-grande-2\/\">XTRM Poppers Soporte grande<\/a><\/li>\n<li><a href=\"https:\/\/poppersparadise.eu\/es\/producto\/xtrm-poppers-keeper-grande-24ml-2\/\">XTRM Poppers Guardi\u00e1n grande<\/a><\/li>\n<\/ul>","protected":false},"featured_media":12255,"comment_status":"open","ping_status":"closed","template":"","meta":{"_acf_changed":false},"product_brand":[751],"product_cat":[35],"product_tag":[],"class_list":{"0":"post-12254","1":"product","2":"type-product","3":"status-publish","4":"has-post-thumbnail","6":"product_brand-rush","7":"product_cat-grote-flesjes-poppers","9":"first","10":"instock","11":"taxable","12":"shipping-taxable","13":"purchasable","14":"product-type-simple"},"acf":[],"df_price":6.95,"df_sale_price":"","df_regular_price":6.95,"df_image_link":"https:\/\/poppersparadise.eu\/wp-content\/uploads\/2024\/11\/RIG24-300x300.webp","_links":{"self":[{"href":"https:\/\/poppersparadise.eu\/es\/wp-json\/wp\/v2\/product\/12254","targetHints":{"allow":["GET"]}}],"collection":[{"href":"https:\/\/poppersparadise.eu\/es\/wp-json\/wp\/v2\/product"}],"about":[{"href":"https:\/\/poppersparadise.eu\/es\/wp-json\/wp\/v2\/types\/product"}],"replies":[{"embeddable":true,"href":"https:\/\/poppersparadise.eu\/es\/wp-json\/wp\/v2\/comments?post=12254"}],"wp:featuredmedia":[{"embeddable":true,"href":"https:\/\/poppersparadise.eu\/es\/wp-json\/wp\/v2\/media\/12255"}],"wp:attachment":[{"href":"https:\/\/poppersparadise.eu\/es\/wp-json\/wp\/v2\/media?parent=12254"}],"wp:term":[{"taxonomy":"product_brand","embeddable":true,"href":"https:\/\/poppersparadise.eu\/es\/wp-json\/wp\/v2\/product_brand?post=12254"},{"taxonomy":"product_cat","embeddable":true,"href":"https:\/\/poppersparadise.eu\/es\/wp-json\/wp\/v2\/product_cat?post=12254"},{"taxonomy":"product_tag","embeddable":true,"href":"https:\/\/poppersparadise.eu\/es\/wp-json\/wp\/v2\/product_tag?post=12254"}],"curies":[{"name":"wp","href":"https:\/\/api.w.org\/{rel}","templated":true}]}}