{"id":12112,"date":"2024-11-01T15:52:57","date_gmt":"2024-11-01T14:52:57","guid":{"rendered":"https:\/\/poppersparadise.eu\/?post_type=product&#038;p=12112"},"modified":"2026-04-15T14:42:12","modified_gmt":"2026-04-15T12:42:12","slug":"ultramyl-poppers-24ml","status":"publish","type":"product","link":"https:\/\/poppersparadise.eu\/es\/product\/ultramyl-poppers-24ml\/","title":{"rendered":"Ultramyl 24ml"},"content":{"rendered":"<h2 class=\"wp-block-heading\">Descubra la emoci\u00f3n con Ultramyl 24ml Poppers<\/h2>\n\n\n\n<p>Disfrute de la experiencia de fragancia \u00fanica de Ultramyl 24ml, un difusor de fragancia dise\u00f1ado espec\u00edficamente para entendidos. Este superventas ofrece una experiencia refinada y es perfecto para quienes buscan una difusi\u00f3n de fragancias intensa y duradera.<\/p>\n\n\n\n<h3 class=\"wp-block-heading\">Libere el poder de la formulaci\u00f3n avanzada<\/h3>\n\n\n\n<ul class=\"wp-block-list\">\n<li><strong>Sensaci\u00f3n \u00fanica<\/strong>Ultramyl 24ml: Especialmente dise\u00f1ado para los amantes de los difusores de fragancias, Ultramyl 24ml ofrece una experiencia \u00fanica.<\/li>\n\n\n\n<li><strong>Experiencia mejorada<\/strong>: Una f\u00f3rmula avanzada que proporciona una difusi\u00f3n duradera y potente de la fragancia.<\/li>\n<\/ul>\n\n\n\n<h3 class=\"wp-block-heading\">Dise\u00f1o innovador y sostenible<\/h3>\n\n\n\n<ul class=\"wp-block-list\">\n<li><strong>Botella de vidrio resistente<\/strong>: Conserva la frescura del aroma y ofrece durabilidad.<\/li>\n\n\n\n<li><strong>Tapa de seguridad<\/strong>Evita la apertura accidental, para mayor seguridad y comodidad.<\/li>\n<\/ul>\n\n\n\n<h3 class=\"wp-block-heading\">Especificaciones del producto<\/h3>\n\n\n\n<ul class=\"wp-block-list\">\n<li><strong>Principio activo<\/strong>: Amyl<\/li>\n\n\n\n<li><strong>Contenido<\/strong>: 24 ml<\/li>\n<\/ul>\n\n\n\n<h3 class=\"wp-block-heading\">Recordatorios de seguridad importantes<\/h3>\n\n\n\n<ul class=\"wp-block-list\">\n<li>Este producto est\u00e1 destinado a utilizarse \u00fanicamente como difusor de fragancias o disolvente de limpieza.<\/li>\n\n\n\n<li>No es apto para el consumo humano ni para la inhalaci\u00f3n.<\/li>\n\n\n\n<li>Evitar el contacto directo con la piel debido a sus propiedades corrosivas.<\/li>\n\n\n\n<li>Gu\u00e1rdelo en un lugar fresco y oscuro y cierre bien el frasco despu\u00e9s de usarlo.<\/li>\n<\/ul>\n\n\n\n<h3 class=\"wp-block-heading\">Advertencias<\/h3>\n\n\n\n<ul class=\"wp-block-list\">\n<li>L\u00edquido y vapores f\u00e1cilmente inflamables (H225)<\/li>\n\n\n\n<li>Provoca irritaci\u00f3n cut\u00e1nea y ocular (H315\/H319)<\/li>\n\n\n\n<li>T\u00f3xico por inhalaci\u00f3n (H331)<\/li>\n\n\n\n<li>Ning\u00fan medicamento<\/li>\n\n\n\n<li>Utilizar s\u00f3lo como se indica<\/li>\n<\/ul>\n\n\n\n<h3 class=\"wp-block-heading\">Almacenamiento<\/h3>\n\n\n\n<ul class=\"wp-block-list\">\n<li>Conservar en lugar fresco y seco.<\/li>\n\n\n\n<li>Mantener fuera del alcance de los ni\u00f1os.<\/li>\n<\/ul>\n\n\n\n<h3 class=\"wp-block-heading\">Pa\u00eds de origen<\/h3>\n\n\n\n<p>Luxemburgo<\/p>","protected":false},"excerpt":{"rendered":"<p><strong><br \/>ACCESORIOS COMPATIBLES:<\/strong><\/p>\n<ul>\n<li><a href=\"https:\/\/poppersparadise.eu\/es\/categoria-de-productos\/accesorios\/olfateadores-grandes\/\">Olfateadores Grandes<\/a><\/li>\n<li><a href=\"https:\/\/poppersparadise.eu\/es\/producto\/xtrm-poppers-holder-grande-2\/\">XTRM Poppers Soporte grande<\/a><\/li>\n<li><a href=\"https:\/\/poppersparadise.eu\/es\/producto\/xtrm-poppers-keeper-grande-24ml-2\/\">XTRM Poppers Guardi\u00e1n grande<\/a><\/li>\n<\/ul>","protected":false},"featured_media":12113,"comment_status":"open","ping_status":"closed","template":"","meta":{"_acf_changed":false},"product_brand":[736],"product_cat":[35],"product_tag":[],"class_list":{"0":"post-12112","1":"product","2":"type-product","3":"status-publish","4":"has-post-thumbnail","6":"product_brand-amyl","7":"product_cat-grote-flesjes-poppers","9":"first","10":"instock","11":"taxable","12":"shipping-taxable","13":"purchasable","14":"product-type-simple"},"acf":[],"df_price":6.95,"df_sale_price":"","df_regular_price":6.95,"df_image_link":"https:\/\/poppersparadise.eu\/wp-content\/uploads\/2024\/11\/AMU24-300x300.webp","_links":{"self":[{"href":"https:\/\/poppersparadise.eu\/es\/wp-json\/wp\/v2\/product\/12112","targetHints":{"allow":["GET"]}}],"collection":[{"href":"https:\/\/poppersparadise.eu\/es\/wp-json\/wp\/v2\/product"}],"about":[{"href":"https:\/\/poppersparadise.eu\/es\/wp-json\/wp\/v2\/types\/product"}],"replies":[{"embeddable":true,"href":"https:\/\/poppersparadise.eu\/es\/wp-json\/wp\/v2\/comments?post=12112"}],"wp:featuredmedia":[{"embeddable":true,"href":"https:\/\/poppersparadise.eu\/es\/wp-json\/wp\/v2\/media\/12113"}],"wp:attachment":[{"href":"https:\/\/poppersparadise.eu\/es\/wp-json\/wp\/v2\/media?parent=12112"}],"wp:term":[{"taxonomy":"product_brand","embeddable":true,"href":"https:\/\/poppersparadise.eu\/es\/wp-json\/wp\/v2\/product_brand?post=12112"},{"taxonomy":"product_cat","embeddable":true,"href":"https:\/\/poppersparadise.eu\/es\/wp-json\/wp\/v2\/product_cat?post=12112"},{"taxonomy":"product_tag","embeddable":true,"href":"https:\/\/poppersparadise.eu\/es\/wp-json\/wp\/v2\/product_tag?post=12112"}],"curies":[{"name":"wp","href":"https:\/\/api.w.org\/{rel}","templated":true}]}}