{"id":10675,"date":"2024-10-13T19:07:15","date_gmt":"2024-10-13T19:07:15","guid":{"rendered":"https:\/\/poppersparadise.eu\/product\/republik-ppprs-sniffer-cap-small\/"},"modified":"2026-04-23T08:32:34","modified_gmt":"2026-04-23T06:32:34","slug":"republik-poppers-sniffer-cap-small","status":"publish","type":"product","link":"https:\/\/poppersparadise.eu\/es\/product\/republik-poppers-sniffer-cap-small\/","title":{"rendered":"Republik Poppers Sniffer Cap Small"},"content":{"rendered":"<h2 data-start=\"119\" data-end=\"179\">Republik Poppers Sniffer Cap Small - Inhalaci\u00f3n f\u00e1cil y segura<\/h2>\n<p data-start=\"181\" data-end=\"566\">El Republik Poppers Sniffer Cap Small es un accesorio inteligente y f\u00e1cil de usar que hace que su botella de poppers sea m\u00e1s segura y f\u00e1cil de usar. Enrosca el tap\u00f3n en la botella sin esfuerzo y \u00e1brelo con el pulgar cuando quieras inhalar. Despu\u00e9s del uso, se vuelve a cerrar el tap\u00f3n. Este modelo es un <em data-start=\"487\" data-end=\"503\">Olfateador \u00fanico<\/em> (para una fosa nasal) y procede de la l\u00ednea presupuestaria de <strong data-start=\"553\" data-end=\"565\">Rep\u00fablica<\/strong>.<\/p>\n<h3 data-start=\"568\" data-end=\"608\">Ventajas del Republik Poppers Sniffer Cap Small<\/h3>\n<p data-start=\"610\" data-end=\"789\"><strong data-start=\"610\" data-end=\"653\">1. Sin contacto directo con el l\u00edquido<\/strong><br data-start=\"653\" data-end=\"656\" \/>El tap\u00f3n impide que la nariz entre en contacto con el contenido del frasco. Esto reduce significativamente el riesgo de irritaci\u00f3n o derrame.<\/p>\n<p data-start=\"791\" data-end=\"990\"><strong data-start=\"791\" data-end=\"832\">2. Flujo de aire mejor y m\u00e1s uniforme<\/strong><br data-start=\"832\" data-end=\"835\" \/>La circulaci\u00f3n del aire a trav\u00e9s del esnifador es \u00f3ptima, lo que hace que la inhalaci\u00f3n sea m\u00e1s agradable y controlada. Esto garantiza una experiencia m\u00e1s intensa de la fragancia.<\/p>\n<p data-start=\"992\" data-end=\"1193\"><strong data-start=\"992\" data-end=\"1027\">3. Apertura y cierre ultrarr\u00e1pidos<\/strong><br data-start=\"1027\" data-end=\"1030\" \/>Durante el uso, no es necesario desenroscar el tap\u00f3n de la botella cada vez. Con un solo clic, vuelves a cerrar la mayor parte de la botella, reduciendo la evaporaci\u00f3n.<\/p>\n<h3 data-start=\"1195\" data-end=\"1237\">Informaci\u00f3n importante sobre el cierre<\/h3>\n<p data-start=\"1239\" data-end=\"1549\">El tap\u00f3n Sniffer cierra la botella durante aproximadamente <strong data-start=\"1285\" data-end=\"1292\">95%<\/strong> apagado. Esto significa que se pierde menos aroma, pero la tapa se <strong data-start=\"1351\" data-end=\"1374\">no es totalmente estanco<\/strong>. Si la botella se cae, puede seguir goteando l\u00edquido. Despu\u00e9s del uso, es importante volver a colocar el tap\u00f3n original para conseguir un cierre herm\u00e9tico completo.<\/p>\n<h3 data-start=\"1551\" data-end=\"1592\">\u00bfSe adaptar\u00e1 este tap\u00f3n Sniffer a su botella?<\/h3>\n<p data-start=\"1594\" data-end=\"1767\">Comprueba en las im\u00e1genes del producto si tu botella poppers es compatible con estos <strong data-start=\"1678\" data-end=\"1699\">Sniffer Cap Small<\/strong>. No todas las marcas o tallas sirven, por lo que es esencial comprobarlo brevemente.<\/p>\n<h3 data-start=\"1769\" data-end=\"1809\">Modelo econ\u00f3mico de Republik<\/h3>\n<p data-start=\"1811\" data-end=\"2038\">Este tap\u00f3n sniffer es ideal cuando se busca un sniffer barato y sencillo. Est\u00e1 fabricado en pl\u00e1stico ligero sin juntas de goma. Perfecto para un uso ocasional o como primer esnifador para probar.<\/p>\n<p data-start=\"2040\" data-end=\"2164\">\u00bfDesea un olfateador m\u00e1s duradero o de lujo? Entonces eche un vistazo al <a href=\"https:\/\/poppersparadise.eu\/es\/categoria-de-productos\/accesorios\/olfateadores-pequenos\/\"><strong data-start=\"2103\" data-end=\"2120\">XTRM Olfateadores Peque\u00f1os<\/strong><\/a>, que ofrecen una mayor calidad de acabado.<\/p>\n<h3 data-start=\"2166\" data-end=\"2193\">Advertencia de seguridad<\/h3>\n<p data-start=\"2195\" data-end=\"2326\"><strong data-start=\"2195\" data-end=\"2251\">Nunca cubra las rejillas de ventilaci\u00f3n mientras inhala.<\/strong><br data-start=\"2251\" data-end=\"2254\" \/>Esto puede hacer que aspire l\u00edquido, lo que puede ser peligroso.<\/p>\n\n\n<figure class=\"wp-block-table\"><table class=\"has-fixed-layout\"><thead><tr><th>Talla<\/th><th>Ejemplo&nbsp;<\/th><th>Descripci\u00f3n<\/th><\/tr><\/thead><tbody><tr><td><strong>XXS<\/strong><\/td><td><img decoding=\"async\" src=\"https:\/\/wholesale.xtrm.net\/TAP\/XXS.jpg\" alt=\"Botella XXS\" title=\"\"><\/td><td>Calavera Frascos de 24 ml<\/td><\/tr><tr><td><strong>XS<\/strong><\/td><td><img decoding=\"async\" src=\"https:\/\/wholesale.xtrm.net\/TAP\/XS.jpg\" alt=\"Botella XS\" title=\"\"><\/td><td>Franc\u00e9s, Doble Scorpio (USA), Everest, OXY - frascos delgados de aluminio (10-15 ml)<\/td><\/tr><tr><td><strong>S<\/strong><\/td><td><img decoding=\"async\" src=\"https:\/\/wholesale.xtrm.net\/TAP\/SMALL.jpg\" alt=\"S Botella\" title=\"\"><\/td><td>Rush, Amsterdam, botellas ovaladas XTRM, botellas Lockerroom anchas (no altas), PWD 10ml, Funline 10ml<\/td><\/tr><tr><td><strong>M<\/strong><\/td><td><img decoding=\"async\" src=\"https:\/\/wholesale.xtrm.net\/TAP\/M.jpg\" alt=\"M Botella\" title=\"\"><\/td><td>Nuevos frascos altos Lockerroom (30 ml) - antes \"Small\", ahora Medium size<\/td><\/tr><tr><td><strong>L<\/strong><\/td><td><img decoding=\"async\" src=\"https:\/\/wholesale.xtrm.net\/TAP\/large.jpg\" alt=\"Botella L\" title=\"\"><\/td><td>Botellas retro cuadradas (24-25 ml), por ejemplo Belgo, Funline, Lockerroom, algunas botellas de EE.UU.<\/td><\/tr><tr><td><strong>XL<\/strong><\/td><td><img decoding=\"async\" src=\"https:\/\/wholesale.xtrm.net\/TAP\/xl.jpg\" alt=\"Botella XL\" title=\"\"><\/td><td>Nuevas botellas de aluminio OXY y Lockerroom (grandes, redondas)<\/td><\/tr><tr><td><strong>2XL<\/strong><\/td><td><img decoding=\"async\" src=\"https:\/\/wholesale.xtrm.net\/TAP\/2xl.jpg\" alt=\"Botella 2XL\" title=\"\"><\/td><td>Frascos de aluminio extra anchos de 30 ml con gran abertura<\/td><\/tr><tr><td><strong>3XL<\/strong><\/td><td><img decoding=\"async\" src=\"https:\/\/wholesale.xtrm.net\/TAP\/3xl.jpg\" alt=\"Botella 3XL\" title=\"\"><\/td><td>Frascos de pl\u00e1stico con isoamilo, Everest 30 ml, frascos de vidrio de boca ancha<\/td><\/tr><tr><td><strong>4XL<\/strong><\/td><td><img decoding=\"async\" src=\"https:\/\/wholesale.xtrm.net\/TAP\/4xl.jpg\" alt=\"Botella 4XL\" title=\"\"><\/td><td>XTRM botellas de 60-100 ml, como XTRM BEAST<\/td><\/tr><\/tbody><\/table><\/figure>\n\n\n\n<p><\/p>","protected":false},"excerpt":{"rendered":"<p>Descubre un nuevo nivel de comodidad y placer con el nuevo adaptador Poppers de Republik. Dise\u00f1ado pensando en su comodidad y conveniencia, este innovador adaptador transforma la forma en que utiliza sus poppers favoritos, proporcionando una experiencia perfecta y estimulante.<\/p>","protected":false},"featured_media":10674,"comment_status":"open","ping_status":"closed","template":"","meta":{"_acf_changed":false},"product_brand":[],"product_cat":[330,529],"product_tag":[],"class_list":{"0":"post-10675","1":"product","2":"type-product","3":"status-publish","4":"has-post-thumbnail","6":"product_cat-accessoires","7":"product_cat-sniffers-small","9":"first","10":"instock","11":"taxable","12":"shipping-taxable","13":"purchasable","14":"product-type-simple"},"acf":[],"df_price":7.95,"df_sale_price":"","df_regular_price":7.95,"df_image_link":"https:\/\/poppersparadise.eu\/wp-content\/uploads\/2024\/10\/18-182-more-3-300x300.jpg","_links":{"self":[{"href":"https:\/\/poppersparadise.eu\/es\/wp-json\/wp\/v2\/product\/10675","targetHints":{"allow":["GET"]}}],"collection":[{"href":"https:\/\/poppersparadise.eu\/es\/wp-json\/wp\/v2\/product"}],"about":[{"href":"https:\/\/poppersparadise.eu\/es\/wp-json\/wp\/v2\/types\/product"}],"replies":[{"embeddable":true,"href":"https:\/\/poppersparadise.eu\/es\/wp-json\/wp\/v2\/comments?post=10675"}],"wp:featuredmedia":[{"embeddable":true,"href":"https:\/\/poppersparadise.eu\/es\/wp-json\/wp\/v2\/media\/10674"}],"wp:attachment":[{"href":"https:\/\/poppersparadise.eu\/es\/wp-json\/wp\/v2\/media?parent=10675"}],"wp:term":[{"taxonomy":"product_brand","embeddable":true,"href":"https:\/\/poppersparadise.eu\/es\/wp-json\/wp\/v2\/product_brand?post=10675"},{"taxonomy":"product_cat","embeddable":true,"href":"https:\/\/poppersparadise.eu\/es\/wp-json\/wp\/v2\/product_cat?post=10675"},{"taxonomy":"product_tag","embeddable":true,"href":"https:\/\/poppersparadise.eu\/es\/wp-json\/wp\/v2\/product_tag?post=10675"}],"curies":[{"name":"wp","href":"https:\/\/api.w.org\/{rel}","templated":true}]}}