{"id":942,"date":"2024-10-08T14:52:35","date_gmt":"2024-10-08T14:52:35","guid":{"rendered":"https:\/\/poppersparadise.eu\/product\/original-gold30ml\/"},"modified":"2026-05-14T13:58:26","modified_gmt":"2026-05-14T11:58:26","slug":"original-gold-poppers-30ml","status":"publish","type":"product","link":"https:\/\/poppersparadise.eu\/de\/product\/original-gold-poppers-30ml\/","title":{"rendered":"\u26a1Original Gold\u26a130ml"},"content":{"rendered":"<h2 class=\"wp-block-heading\">Verbessern Sie Ihr Erlebnis mit Original Gold Poppers<\/h2>\n\n\n\n<p>Entdecken Sie ein intensives Dufterlebnis mit Original Gold Poppers. Speziell f\u00fcr erfahrene Anwender entwickelt, bietet dieses hochwertige Produkt eine intensive und raffinierte Duftverbreitung. Die schnell wirkende Formel auf Basis von Isoamylnitrit sorgt f\u00fcr ein sofortiges und lang anhaltendes Dufterlebnis.<\/p>\n\n\n\n<p>Verpackt in einer praktischen 10- oder 30-ml-Glasflasche, ist Original Gold leicht zu transportieren und ideal f\u00fcr den Einsatz in einer Vielzahl von Umgebungen. Profitieren Sie au\u00dferdem von attraktiven Mengenrabatten beim Kauf von drei Flaschen oder mehr.<\/p>\n\n\n\n<h3 class=\"wp-block-heading\">Produktspezifikationen<\/h3>\n\n\n\n<ul class=\"wp-block-list\">\n<li><strong>Inhalt<\/strong>: 10 ml \/ 30 ml<\/li>\n\n\n\n<li><strong>Aktiver Inhaltsstoff<\/strong>: Isoamylnitrit<\/li>\n\n\n\n<li><strong>Eigenschaften<\/strong>:\n<ul class=\"wp-block-list\">\n<li>Hochwertige Geruchsdiffusion<\/li>\n\n\n\n<li>Unmittelbare und intensive Aromen<\/li>\n\n\n\n<li>Lang anhaltendes Dufterlebnis<\/li>\n<\/ul>\n<\/li>\n<\/ul>\n\n\n\n<h3 class=\"wp-block-heading\">Wichtige Benutzerinformationen<\/h3>\n\n\n\n<ul class=\"wp-block-list\">\n<li>Dieses Produkt ist nur zur Verwendung als Duftstoffdiffusor oder Reinigungsmittel bestimmt.<\/li>\n\n\n\n<li>Es ist nicht f\u00fcr den menschlichen Verzehr oder zum Einatmen geeignet.<\/li>\n\n\n\n<li>Wegen seiner \u00e4tzenden Eigenschaften direkten Haut- oder Augenkontakt vermeiden.<\/li>\n\n\n\n<li>An einem k\u00fchlen, dunklen Ort aufbewahren und die Flasche nach Gebrauch fest verschlie\u00dfen.<\/li>\n<\/ul>\n\n\n\n<h3 class=\"wp-block-heading\">Warnungen<\/h3>\n\n\n\n<ul class=\"wp-block-list\">\n<li>Fl\u00fcssigkeit und Dampf leicht entz\u00fcndbar (H225).<\/li>\n\n\n\n<li>Verursacht Haut- und Augenreizungen (H315\/H319).<\/li>\n\n\n\n<li>Giftig beim Einatmen (H331).<\/li>\n\n\n\n<li>Es handelt sich nicht um eine Droge oder ein medizinisches Produkt.<\/li>\n\n\n\n<li>Nur nach Vorschrift verwenden.<\/li>\n<\/ul>\n\n\n\n<h3 class=\"wp-block-heading\">Lagerung<\/h3>\n\n\n\n<ul class=\"wp-block-list\">\n<li>K\u00fchl und trocken lagern.<\/li>\n\n\n\n<li>Au\u00dferhalb der Reichweite von Kindern aufbewahren.<\/li>\n<\/ul>\n\n\n\n<p><strong>Herkunftsland<\/strong>Luxemburg<\/p>\n\n\n\n<h3 class=\"wp-block-heading\">Bestellen Sie Original Gold noch heute<\/h3>\n\n\n\n<p>Mit Original Gold Poppers erhalten Sie einen hochwertigen Duftzerst\u00e4uber, der Qualit\u00e4t und Funktionalit\u00e4t vereint. Bestellen Sie noch heute und entdecken Sie, warum dieses Produkt ein Favorit unter den Liebhabern von Duftdiffusoren ist!<\/p>","protected":false},"excerpt":{"rendered":"<p>Amyl<\/p>","protected":false},"featured_media":649,"comment_status":"open","ping_status":"closed","template":"","meta":{"_acf_changed":false},"product_brand":[748],"product_cat":[482,35],"product_tag":[],"class_list":{"0":"post-942","1":"product","2":"type-product","3":"status-publish","4":"has-post-thumbnail","6":"product_brand-original","7":"product_cat-aanbiedingen","8":"product_cat-grote-flesjes-poppers","10":"first","11":"instock","12":"sale","13":"taxable","14":"shipping-taxable","15":"purchasable","16":"product-type-simple"},"acf":[],"df_price":3.95,"df_sale_price":3.95,"df_regular_price":7.95,"df_image_link":"https:\/\/poppersparadise.eu\/wp-content\/uploads\/2024\/10\/olg30-300x300.jpg","_links":{"self":[{"href":"https:\/\/poppersparadise.eu\/de\/wp-json\/wp\/v2\/product\/942","targetHints":{"allow":["GET"]}}],"collection":[{"href":"https:\/\/poppersparadise.eu\/de\/wp-json\/wp\/v2\/product"}],"about":[{"href":"https:\/\/poppersparadise.eu\/de\/wp-json\/wp\/v2\/types\/product"}],"replies":[{"embeddable":true,"href":"https:\/\/poppersparadise.eu\/de\/wp-json\/wp\/v2\/comments?post=942"}],"wp:featuredmedia":[{"embeddable":true,"href":"https:\/\/poppersparadise.eu\/de\/wp-json\/wp\/v2\/media\/649"}],"wp:attachment":[{"href":"https:\/\/poppersparadise.eu\/de\/wp-json\/wp\/v2\/media?parent=942"}],"wp:term":[{"taxonomy":"product_brand","embeddable":true,"href":"https:\/\/poppersparadise.eu\/de\/wp-json\/wp\/v2\/product_brand?post=942"},{"taxonomy":"product_cat","embeddable":true,"href":"https:\/\/poppersparadise.eu\/de\/wp-json\/wp\/v2\/product_cat?post=942"},{"taxonomy":"product_tag","embeddable":true,"href":"https:\/\/poppersparadise.eu\/de\/wp-json\/wp\/v2\/product_tag?post=942"}],"curies":[{"name":"wp","href":"https:\/\/api.w.org\/{rel}","templated":true}]}}