{"id":920,"date":"2024-10-08T16:52:29","date_gmt":"2024-10-08T14:52:29","guid":{"rendered":"https:\/\/poppersparadise.eu\/product\/rush-zero-red-distilled-24ml\/"},"modified":"2026-04-06T18:36:19","modified_gmt":"2026-04-06T16:36:19","slug":"binsen-null-rot-destilliert-poppers-24ml","status":"publish","type":"product","link":"https:\/\/poppersparadise.eu\/de\/product\/rush-zero-red-distilled-poppers-24ml\/","title":{"rendered":"Rush Zero Red Distilled 24ml"},"content":{"rendered":"<h2 class=\"wp-block-heading\">Entdecken Sie Rush Null Rot Destilliert Poppers<\/h2>\n\n\n\n<p>Erleben Sie ein einzigartiges Dufterlebnis mit Rush Zero Red Distilled Poppers. Speziell f\u00fcr Kenner entwickelt, bietet dieser Duftzerst\u00e4uber eine leistungsstarke Doppelkomposition aus Amylnitrit und Propylnitrit. Dank der innovativen Mega-Pellet-Technologie bleibt das Aroma l\u00e4nger frisch, so dass Sie seine hohe Qualit\u00e4t in vollen Z\u00fcgen genie\u00dfen k\u00f6nnen.<\/p>\n\n\n\n<h3 class=\"wp-block-heading\">Hauptmerkmale von Rush Zero Red Distilled Poppers<\/h3>\n\n\n\n<ul class=\"wp-block-list\">\n<li><strong>Doppelte Zusammensetzung<\/strong>: Enth\u00e4lt Amylnitrit und Propylnitrit f\u00fcr eine starke Geruchsdispersion.<\/li>\n\n\n\n<li><strong>Mega-Pellet-Technologie<\/strong>: Sorgt f\u00fcr lang anhaltende Frische und Haltbarkeit.<\/li>\n\n\n\n<li><strong>N\u00fctzliche Formate<\/strong>Erh\u00e4ltlich in 10ml und 24ml Flaschen, je nach Vorliebe.<\/li>\n\n\n\n<li><strong>Speziell f\u00fcr Genie\u00dfer<\/strong>: Ideal f\u00fcr erfahrene Anwender, die ein intensives Dufterlebnis suchen.<\/li>\n<\/ul>\n\n\n\n<h3 class=\"wp-block-heading\">Wichtige Benutzerinformationen<\/h3>\n\n\n\n<ul class=\"wp-block-list\">\n<li>Dieses Produkt ist nur zur Verwendung als Duftstoffdiffusor oder Reinigungsmittel bestimmt.<\/li>\n\n\n\n<li>Es ist nicht f\u00fcr den menschlichen Verzehr oder zum Einatmen geeignet.<\/li>\n\n\n\n<li>Wegen seiner \u00e4tzenden Eigenschaften ist direkter Hautkontakt zu vermeiden.<\/li>\n\n\n\n<li>An einem k\u00fchlen, dunklen Ort aufbewahren und die Flasche nach Gebrauch fest verschlie\u00dfen.<\/li>\n<\/ul>\n\n\n\n<h3 class=\"wp-block-heading\">Warnungen<\/h3>\n\n\n\n<ul class=\"wp-block-list\">\n<li>Fl\u00fcssigkeit und Dampf leicht entz\u00fcndbar (H225).<\/li>\n\n\n\n<li>Verursacht Haut- und Augenreizungen (H315\/H319).<\/li>\n\n\n\n<li>Giftig beim Einatmen (H331).<\/li>\n\n\n\n<li>Es handelt sich nicht um eine Droge oder ein medizinisches Produkt.<\/li>\n\n\n\n<li>Nur nach Vorschrift verwenden.<\/li>\n<\/ul>\n\n\n\n<h3 class=\"wp-block-heading\">Lagerung<\/h3>\n\n\n\n<ul class=\"wp-block-list\">\n<li>K\u00fchl und trocken lagern.<\/li>\n\n\n\n<li>Au\u00dferhalb der Reichweite von Kindern aufbewahren.<\/li>\n<\/ul>\n\n\n\n<h3 class=\"wp-block-heading\">Warum Rush Zero Red Distilled Poppers w\u00e4hlen?<\/h3>\n\n\n\n<p>Rush Zero Red Distilled Poppers kombinieren eine starke Duftverbreitung mit innovativer Technologie und Zuverl\u00e4ssigkeit. Perfekt f\u00fcr Liebhaber, die ein hochwertiges Dufterlebnis suchen.<\/p>\n\n\n\n<p>Bestellen Sie noch heute Ihre Flasche Rush Zero Red Distilled Poppers und entdecken Sie die Intensit\u00e4t und Qualit\u00e4t dieses Produkts!<\/p>","protected":false},"excerpt":{"rendered":"<p><strong><br \/>KOMPATIBLES ZUBEH\u00d6R:<\/strong><\/p>\n<ul>\n<li><a href=\"https:\/\/poppersparadise.eu\/de\/produktkategorie\/zubehor\/schnuffler-gros\/\">Schn\u00fcffler Gro\u00df<\/a><\/li>\n<li><a href=\"https:\/\/poppersparadise.eu\/de\/produkt\/xtrm-poppers-halter-gros-2\/\">XTRM Poppers Halterung Gro\u00df<\/a><\/li>\n<li><a href=\"https:\/\/poppersparadise.eu\/de\/produkt\/xtrm-poppers-keeper-gros-24ml\/\">XTRM Poppers Keeper gro\u00df<\/a><\/li>\n<\/ul>","protected":false},"featured_media":424,"comment_status":"open","ping_status":"closed","template":"","meta":{"_acf_changed":false},"product_brand":[751],"product_cat":[35],"product_tag":[],"class_list":{"0":"post-920","1":"product","2":"type-product","3":"status-publish","4":"has-post-thumbnail","6":"product_brand-rush","7":"product_cat-grote-flesjes-poppers","9":"first","10":"instock","11":"taxable","12":"shipping-taxable","13":"purchasable","14":"product-type-simple"},"acf":[],"df_price":6.95,"df_sale_price":"","df_regular_price":6.95,"df_image_link":"https:\/\/poppersparadise.eu\/wp-content\/uploads\/2024\/10\/rzr24-300x300.jpg","_links":{"self":[{"href":"https:\/\/poppersparadise.eu\/de\/wp-json\/wp\/v2\/product\/920","targetHints":{"allow":["GET"]}}],"collection":[{"href":"https:\/\/poppersparadise.eu\/de\/wp-json\/wp\/v2\/product"}],"about":[{"href":"https:\/\/poppersparadise.eu\/de\/wp-json\/wp\/v2\/types\/product"}],"replies":[{"embeddable":true,"href":"https:\/\/poppersparadise.eu\/de\/wp-json\/wp\/v2\/comments?post=920"}],"wp:featuredmedia":[{"embeddable":true,"href":"https:\/\/poppersparadise.eu\/de\/wp-json\/wp\/v2\/media\/424"}],"wp:attachment":[{"href":"https:\/\/poppersparadise.eu\/de\/wp-json\/wp\/v2\/media?parent=920"}],"wp:term":[{"taxonomy":"product_brand","embeddable":true,"href":"https:\/\/poppersparadise.eu\/de\/wp-json\/wp\/v2\/product_brand?post=920"},{"taxonomy":"product_cat","embeddable":true,"href":"https:\/\/poppersparadise.eu\/de\/wp-json\/wp\/v2\/product_cat?post=920"},{"taxonomy":"product_tag","embeddable":true,"href":"https:\/\/poppersparadise.eu\/de\/wp-json\/wp\/v2\/product_tag?post=920"}],"curies":[{"name":"wp","href":"https:\/\/api.w.org\/{rel}","templated":true}]}}