{"id":913,"date":"2024-10-08T16:52:27","date_gmt":"2024-10-08T14:52:27","guid":{"rendered":"https:\/\/poppersparadise.eu\/product\/gold-rush-long-24ml\/"},"modified":"2026-04-05T18:05:18","modified_gmt":"2026-04-05T16:05:18","slug":"goldrausch-knallbonbons-24ml-2","status":"publish","type":"product","link":"https:\/\/poppersparadise.eu\/de\/product\/gold-rush-poppers-24ml-2\/","title":{"rendered":"Gold Rush Long 24ml"},"content":{"rendered":"<h2 class=\"wp-block-heading\">Entdecken Sie den starken Duft von Gold Rush Poppers<\/h2>\n\n\n\n<p>Gold Rush Poppers bieten ein intensives und belebendes Aroma, perfekt f\u00fcr die Schaffung einer einzigartigen und angenehmen Atmosph\u00e4re. Mit einer leistungsstarken Formel auf der Basis von Isoamylnitrit und erh\u00e4ltlich in 10ml- oder 24ml-Flaschen sind diese Duftdiffusoren ideal f\u00fcr Liebhaber hochwertiger Produkte.<\/p>\n\n\n\n<h3 class=\"wp-block-heading\">Hauptmerkmale von Gold Rush Poppers<\/h3>\n\n\n\n<ul class=\"wp-block-list\">\n<li><strong>Intensives, lang anhaltendes Aroma<\/strong>Der starke Geruch von Isoamylnitrit h\u00e4lt lange an.<\/li>\n\n\n\n<li><strong>Angenehmes Dufterlebnis<\/strong>: Schafft eine entspannte und angenehme Atmosph\u00e4re.<\/li>\n\n\n\n<li><strong>Verf\u00fcgbare Gr\u00f6\u00dfen<\/strong>Erh\u00e4ltlich in 10ml oder 24ml Flaschen.<\/li>\n\n\n\n<li><strong>Wirtschaftliche Nutzung<\/strong>Dank seiner leistungsstarken Formel wird nur eine kleine Menge ben\u00f6tigt.<\/li>\n\n\n\n<li><strong>Sicherheit geht vor<\/strong>: Befolgen Sie die Richtlinien f\u00fcr eine verantwortungsvolle Nutzung.<\/li>\n<\/ul>\n\n\n\n<h3 class=\"wp-block-heading\">Wichtige Benutzerinformationen<\/h3>\n\n\n\n<ul class=\"wp-block-list\">\n<li>Dieses Produkt ist nur zur Verwendung als Duftstoffdiffusor oder Reinigungsmittel bestimmt.<\/li>\n\n\n\n<li>Es ist nicht f\u00fcr den menschlichen Verzehr oder zum Einatmen geeignet.<\/li>\n\n\n\n<li>Wegen seiner \u00e4tzenden Eigenschaften ist direkter Hautkontakt zu vermeiden.<\/li>\n\n\n\n<li>An einem k\u00fchlen, dunklen Ort aufbewahren und die Flasche nach Gebrauch fest verschlie\u00dfen.<\/li>\n<\/ul>\n\n\n\n<h3 class=\"wp-block-heading\">Warnungen<\/h3>\n\n\n\n<ul class=\"wp-block-list\">\n<li>Fl\u00fcssigkeit und Dampf leicht entz\u00fcndbar (H225).<\/li>\n\n\n\n<li>Verursacht Haut- und Augenreizungen (H315\/H319).<\/li>\n\n\n\n<li>Giftig beim Einatmen (H331).<\/li>\n\n\n\n<li>Es handelt sich nicht um eine Droge oder ein medizinisches Produkt.<\/li>\n\n\n\n<li>Nur nach Vorschrift verwenden.<\/li>\n<\/ul>\n\n\n\n<h3 class=\"wp-block-heading\">Lagerung<\/h3>\n\n\n\n<ul class=\"wp-block-list\">\n<li>K\u00fchl und trocken lagern.<\/li>\n\n\n\n<li>Au\u00dferhalb der Reichweite von Kindern aufbewahren.<\/li>\n<\/ul>\n\n\n\n<h3 class=\"wp-block-heading\">Herkunftsland<\/h3>\n\n\n\n<ul class=\"wp-block-list\">\n<li>Luxemburg<\/li>\n<\/ul>\n\n\n\n<h3 class=\"wp-block-heading\">Warum sollten Sie sich f\u00fcr Gold Rush Poppers entscheiden?<\/h3>\n\n\n\n<p>Gold Rush Poppers kombinieren eine starke Duftverbreitung mit wirtschaftlichen Vorteilen, dank Mengenrabatten und einer Auswahl an Flaschengr\u00f6\u00dfen. Perfekt f\u00fcr Liebhaber, die ein zuverl\u00e4ssiges und hochwertiges Dufterlebnis suchen.<\/p>\n\n\n\n<p>Bestellen Sie noch heute Ihre Flasche Gold Rush Poppers und entdecken Sie die Intensit\u00e4t und Qualit\u00e4t, die dieses Produkt zu bieten hat!<\/p>","protected":false},"excerpt":{"rendered":"<p><strong><br \/>KOMPATIBLES ZUBEH\u00d6R:<\/strong><\/p>\n<ul>\n<li><a href=\"https:\/\/poppersparadise.eu\/de\/produktkategorie\/zubehor\/schnuffler-klein\/\">Schn\u00fcffler Klein<\/a><\/li>\n<\/ul>","protected":false},"featured_media":420,"comment_status":"open","ping_status":"closed","template":"","meta":{"_acf_changed":false},"product_brand":[751],"product_cat":[35],"product_tag":[705],"class_list":{"0":"post-913","1":"product","2":"type-product","3":"status-publish","4":"has-post-thumbnail","6":"product_brand-rush","7":"product_cat-grote-flesjes-poppers","8":"product_tag-tube","10":"first","11":"instock","12":"taxable","13":"shipping-taxable","14":"purchasable","15":"product-type-simple"},"acf":[],"df_price":7.95,"df_sale_price":"","df_regular_price":7.95,"df_image_link":"https:\/\/poppersparadise.eu\/wp-content\/uploads\/2024\/10\/gr24eta-300x300.jpg","_links":{"self":[{"href":"https:\/\/poppersparadise.eu\/de\/wp-json\/wp\/v2\/product\/913","targetHints":{"allow":["GET"]}}],"collection":[{"href":"https:\/\/poppersparadise.eu\/de\/wp-json\/wp\/v2\/product"}],"about":[{"href":"https:\/\/poppersparadise.eu\/de\/wp-json\/wp\/v2\/types\/product"}],"replies":[{"embeddable":true,"href":"https:\/\/poppersparadise.eu\/de\/wp-json\/wp\/v2\/comments?post=913"}],"wp:featuredmedia":[{"embeddable":true,"href":"https:\/\/poppersparadise.eu\/de\/wp-json\/wp\/v2\/media\/420"}],"wp:attachment":[{"href":"https:\/\/poppersparadise.eu\/de\/wp-json\/wp\/v2\/media?parent=913"}],"wp:term":[{"taxonomy":"product_brand","embeddable":true,"href":"https:\/\/poppersparadise.eu\/de\/wp-json\/wp\/v2\/product_brand?post=913"},{"taxonomy":"product_cat","embeddable":true,"href":"https:\/\/poppersparadise.eu\/de\/wp-json\/wp\/v2\/product_cat?post=913"},{"taxonomy":"product_tag","embeddable":true,"href":"https:\/\/poppersparadise.eu\/de\/wp-json\/wp\/v2\/product_tag?post=913"}],"curies":[{"name":"wp","href":"https:\/\/api.w.org\/{rel}","templated":true}]}}