{"id":890,"date":"2024-10-08T16:52:20","date_gmt":"2024-10-08T14:52:20","guid":{"rendered":"https:\/\/poppersparadise.eu\/product\/juicd-maximum-10ml\/"},"modified":"2026-02-26T12:34:58","modified_gmt":"2026-02-26T11:34:58","slug":"juicd-maximum-poppers-10ml","status":"publish","type":"product","link":"https:\/\/poppersparadise.eu\/de\/product\/juicd-maximum-poppers-10ml\/","title":{"rendered":"Juic'D Maximum 10ml"},"content":{"rendered":"<h2 class=\"wp-block-heading\">Mit Juice'd Maximum Poppers bis zum \u00c4u\u00dfersten gehen<\/h2>\n\n\n\n<p>Entdecken Sie aufregende Erlebnisse mit Juice'd Maximum Poppers, der weiterentwickelten Marke des beliebten Jungle Juice. Diese Duftzerst\u00e4uber bieten ein intensives Aroma, das perfekt f\u00fcr besondere Momente ist, egal ob Sie sie zu zweit oder alleine genie\u00dfen.<\/p>\n\n\n\n<h3 class=\"wp-block-heading\">Hauptmerkmale von Juice'd Maximum Poppers<\/h3>\n\n\n\n<ul class=\"wp-block-list\">\n<li><strong>Marke<\/strong>Juice'd (fr\u00fcher Jungle Juice)<\/li>\n\n\n\n<li><strong>Verf\u00fcgbar in<\/strong>: 10 ml und 24 ml Flaschen<\/li>\n\n\n\n<li><strong>Aktiver Inhaltsstoff<\/strong>Amyl : Nitrit<\/li>\n\n\n\n<li><strong>Hochwertige Komposition<\/strong>: Speziell f\u00fcr Liebhaber kr\u00e4ftiger Aromen entwickelt.<\/li>\n<\/ul>\n\n\n\n<h3 class=\"wp-block-heading\">Warum Juice'd Maximum Poppers w\u00e4hlen?<\/h3>\n\n\n\n<ul class=\"wp-block-list\">\n<li><strong>Leistungsstarke Formel<\/strong>: Hergestellt mit Amylnitrit, einer der wertvollsten Zutaten in Duftdiffusoren.<\/li>\n\n\n\n<li><strong>Effiziente Nutzung<\/strong>: F\u00fcr eine optimale Verteilung des Duftes ist nur eine kleine Menge erforderlich.<\/li>\n\n\n\n<li><strong>Hochwertige Verpackung<\/strong>: Erh\u00e4ltlich in praktischen Flaschen f\u00fcr lang anhaltende Frische.<\/li>\n<\/ul>\n\n\n\n<h3 class=\"wp-block-heading\">Wichtige Benutzerinformationen<\/h3>\n\n\n\n<ul class=\"wp-block-list\">\n<li>Dieses Produkt ist nur zur Verwendung als Duftstoffdiffusor oder Reinigungsmittel bestimmt.<\/li>\n\n\n\n<li>Es ist nicht f\u00fcr den menschlichen Verzehr oder zum Einatmen geeignet.<\/li>\n\n\n\n<li>Wegen seiner \u00e4tzenden Eigenschaften ist direkter Hautkontakt zu vermeiden.<\/li>\n\n\n\n<li>An einem k\u00fchlen, dunklen Ort aufbewahren und die Flasche nach Gebrauch fest verschlie\u00dfen.<\/li>\n<\/ul>\n\n\n\n<h3 class=\"wp-block-heading\">Warnungen<\/h3>\n\n\n\n<ul class=\"wp-block-list\">\n<li>Fl\u00fcssigkeit und Dampf leicht entz\u00fcndbar (H225).<\/li>\n\n\n\n<li>Verursacht Haut- und Augenreizungen (H315\/H319).<\/li>\n\n\n\n<li>Giftig beim Einatmen (H331).<\/li>\n\n\n\n<li>Es handelt sich nicht um eine Droge oder ein medizinisches Produkt.<\/li>\n\n\n\n<li>Nur nach Vorschrift verwenden.<\/li>\n<\/ul>\n\n\n\n<h3 class=\"wp-block-heading\">Lagerung<\/h3>\n\n\n\n<ul class=\"wp-block-list\">\n<li>K\u00fchl und trocken lagern.<\/li>\n\n\n\n<li>Au\u00dferhalb der Reichweite von Kindern aufbewahren.<\/li>\n<\/ul>\n\n\n\n<h3 class=\"wp-block-heading\">Warum Juice'd Maximum Poppers?<\/h3>\n\n\n\n<p>Juice'd Maximum Poppers kombiniert ein intensives Aroma mit einer hochwertigen Komposition, perfekt f\u00fcr Liebhaber, die ein einzigartiges Dufterlebnis suchen.<\/p>\n\n\n\n<p>Bestellen Sie noch heute Ihre Flasche Juice'd Maximum Poppers und entdecken Sie die Qualit\u00e4t und Intensit\u00e4t, die dieses Produkt zu bieten hat!<\/p>","protected":false},"excerpt":{"rendered":"<p><strong><br \/>KOMPATIBLES ZUBEH\u00d6R:<\/strong><\/p>\n<ul>\n<li><a href=\"https:\/\/poppersparadise.eu\/de\/produktkategorie\/zubehor\/schnuffler-klein\/\">Schn\u00fcffler Klein<\/a><\/li>\n<li><a href=\"https:\/\/poppersparadise.eu\/de\/produkt\/xtrm-poppers-houder-zwart-small\/\">XTRM Poppers Halterung Klein<\/a><\/li>\n<li><a href=\"https:\/\/poppersparadise.eu\/de\/produkt\/xtrm-poppers-keeper-klein-10ml\/\">XTRM Poppers Keeper Klein<\/a><\/li>\n<\/ul>","protected":false},"featured_media":590,"comment_status":"open","ping_status":"closed","template":"","meta":{"_acf_changed":false},"product_brand":[743],"product_cat":[34],"product_tag":[],"class_list":{"0":"post-890","1":"product","2":"type-product","3":"status-publish","4":"has-post-thumbnail","6":"product_brand-juicd","7":"product_cat-kleine-flesjes-poppers","9":"first","10":"instock","11":"taxable","12":"shipping-taxable","13":"purchasable","14":"product-type-simple"},"acf":[],"df_price":5.75,"df_sale_price":"","df_regular_price":5.75,"df_image_link":"https:\/\/poppersparadise.eu\/wp-content\/uploads\/2024\/10\/jm10-300x300.jpg","_links":{"self":[{"href":"https:\/\/poppersparadise.eu\/de\/wp-json\/wp\/v2\/product\/890","targetHints":{"allow":["GET"]}}],"collection":[{"href":"https:\/\/poppersparadise.eu\/de\/wp-json\/wp\/v2\/product"}],"about":[{"href":"https:\/\/poppersparadise.eu\/de\/wp-json\/wp\/v2\/types\/product"}],"replies":[{"embeddable":true,"href":"https:\/\/poppersparadise.eu\/de\/wp-json\/wp\/v2\/comments?post=890"}],"wp:featuredmedia":[{"embeddable":true,"href":"https:\/\/poppersparadise.eu\/de\/wp-json\/wp\/v2\/media\/590"}],"wp:attachment":[{"href":"https:\/\/poppersparadise.eu\/de\/wp-json\/wp\/v2\/media?parent=890"}],"wp:term":[{"taxonomy":"product_brand","embeddable":true,"href":"https:\/\/poppersparadise.eu\/de\/wp-json\/wp\/v2\/product_brand?post=890"},{"taxonomy":"product_cat","embeddable":true,"href":"https:\/\/poppersparadise.eu\/de\/wp-json\/wp\/v2\/product_cat?post=890"},{"taxonomy":"product_tag","embeddable":true,"href":"https:\/\/poppersparadise.eu\/de\/wp-json\/wp\/v2\/product_tag?post=890"}],"curies":[{"name":"wp","href":"https:\/\/api.w.org\/{rel}","templated":true}]}}