{"id":29417,"date":"2026-03-27T13:55:57","date_gmt":"2026-03-27T12:55:57","guid":{"rendered":"https:\/\/poppersparadise.eu\/?post_type=product&#038;p=29417"},"modified":"2026-04-12T16:41:13","modified_gmt":"2026-04-12T14:41:13","slug":"eisenfaust-blitz-24ml-knallkorper","status":"publish","type":"product","link":"https:\/\/poppersparadise.eu\/de\/product\/iron-fist-flash-24ml-poppers\/","title":{"rendered":"Iron Fist Flash 24ml"},"content":{"rendered":"<h2 class=\"wp-block-heading\">Entdecken Sie den Nervenkitzel von Iron Fist Flash 24ml Poppers<\/h2>\n\n\n\n<p>Machen Sie sich bereit f\u00fcr ein einzigartiges Dufterlebnis mit Iron Fist Flash 24ml Poppers. Speziell f\u00fcr diejenigen, die ein intensives und anspruchsvolles Ambiente suchen, bietet dieser Duftzerst\u00e4uber ein starkes und lang anhaltendes Dufterlebnis.<\/p>\n\n\n\n<h3 class=\"wp-block-heading\">Was macht die Iron Fist so besonders?<\/h3>\n\n\n\n<ul class=\"wp-block-list\">\n<li><strong>Kraftvoller Mix<\/strong>: Eine einzigartige Kombination von Pentylnitrit f\u00fcr ein vielseitiges Dufterlebnis.<\/li>\n\n\n\n<li><strong>Bequemes Format<\/strong>: 24 ml in einer schlanken Metallflasche, ideal f\u00fcr unterwegs.<\/li>\n\n\n\n<li><strong>Schnelle, intensive Duftverbreitung<\/strong>Sp\u00fcren Sie die Wirkung innerhalb weniger Minuten, um die Stimmung zu heben.<\/li>\n\n\n\n<li><strong>Verbessertes Ambiente<\/strong>: Schaffen Sie eine entspannte und besondere Atmosph\u00e4re.<\/li>\n\n\n\n<li><strong>Wirtschaftliche Nutzung<\/strong>Dank der hohen Wirksamkeit von Isoamylnitrit wird nur eine geringe Menge ben\u00f6tigt.<\/li>\n<\/ul>\n\n\n\n<h3 class=\"wp-block-heading\">Ein genauerer Blick auf die Inhaltsstoffe<\/h3>\n\n\n\n<ul class=\"wp-block-list\">\n<li><strong>Pentylnitrit<\/strong>Eine mildere Variante, ideal f\u00fcr Anf\u00e4nger, mit minimalem Risiko von Nebenwirkungen.<\/li>\n<\/ul>\n\n\n\n<h3 class=\"wp-block-heading\">Wichtig zu wissen<\/h3>\n\n\n\n<p>Dieses Produkt ist nur f\u00fcr die Verwendung als Duftzerst\u00e4uber oder Reinigungsmittel bestimmt. Es ist nicht f\u00fcr den menschlichen Verzehr oder zum Einatmen geeignet. Lagern Sie das Produkt an einem k\u00fchlen, dunklen Ort und verschlie\u00dfen Sie die Flasche nach Gebrauch fest.<\/p>\n\n\n\n<h3 class=\"wp-block-heading\">Warnungen<\/h3>\n\n\n\n<ul class=\"wp-block-list\">\n<li>Fl\u00fcssigkeit und Dampf leicht entz\u00fcndbar (H225).<\/li>\n\n\n\n<li>Verursacht Haut- und Augenreizungen (H315\/H319).<\/li>\n\n\n\n<li>Giftig beim Einatmen (H331).<\/li>\n\n\n\n<li>Keine Medikamente.<\/li>\n\n\n\n<li>Nur nach Vorschrift verwenden.<\/li>\n<\/ul>\n\n\n\n<h3 class=\"wp-block-heading\">Lagerung<\/h3>\n\n\n\n<p>An einem k\u00fchlen und trockenen Ort aufbewahren. Au\u00dferhalb der Reichweite von Kindern aufbewahren.<\/p>\n\n\n\n<h3 class=\"wp-block-heading\">Herkunftsland<\/h3>\n\n\n\n<p>Luxemburg<\/p>","protected":false},"excerpt":{"rendered":"<p><strong><br \/>KOMPATIBLES ZUBEH\u00d6R:<\/strong><\/p>\n<ul>\n<li><a href=\"https:\/\/poppersparadise.eu\/de\/produktkategorie\/zubehor\/schnuffler-klein\/\">Schn\u00fcffler Klein<\/a><\/li>\n<\/ul>","protected":false},"featured_media":29418,"comment_status":"open","ping_status":"closed","template":"","meta":{"_acf_changed":false},"product_brand":[742],"product_cat":[35],"product_tag":[],"class_list":{"0":"post-29417","1":"product","2":"type-product","3":"status-publish","4":"has-post-thumbnail","6":"product_brand-iron-fist","7":"product_cat-grote-flesjes-poppers","9":"first","10":"instock","11":"taxable","12":"shipping-taxable","13":"purchasable","14":"product-type-simple"},"acf":[],"df_price":7.95,"df_sale_price":"","df_regular_price":7.95,"df_image_link":"https:\/\/poppersparadise.eu\/wp-content\/uploads\/2026\/03\/iron-fist-flash-24ml-300x300.jpg","_links":{"self":[{"href":"https:\/\/poppersparadise.eu\/de\/wp-json\/wp\/v2\/product\/29417","targetHints":{"allow":["GET"]}}],"collection":[{"href":"https:\/\/poppersparadise.eu\/de\/wp-json\/wp\/v2\/product"}],"about":[{"href":"https:\/\/poppersparadise.eu\/de\/wp-json\/wp\/v2\/types\/product"}],"replies":[{"embeddable":true,"href":"https:\/\/poppersparadise.eu\/de\/wp-json\/wp\/v2\/comments?post=29417"}],"wp:featuredmedia":[{"embeddable":true,"href":"https:\/\/poppersparadise.eu\/de\/wp-json\/wp\/v2\/media\/29418"}],"wp:attachment":[{"href":"https:\/\/poppersparadise.eu\/de\/wp-json\/wp\/v2\/media?parent=29417"}],"wp:term":[{"taxonomy":"product_brand","embeddable":true,"href":"https:\/\/poppersparadise.eu\/de\/wp-json\/wp\/v2\/product_brand?post=29417"},{"taxonomy":"product_cat","embeddable":true,"href":"https:\/\/poppersparadise.eu\/de\/wp-json\/wp\/v2\/product_cat?post=29417"},{"taxonomy":"product_tag","embeddable":true,"href":"https:\/\/poppersparadise.eu\/de\/wp-json\/wp\/v2\/product_tag?post=29417"}],"curies":[{"name":"wp","href":"https:\/\/api.w.org\/{rel}","templated":true}]}}