{"id":25471,"date":"2025-11-26T13:49:59","date_gmt":"2025-11-26T12:49:59","guid":{"rendered":"https:\/\/poppersparadise.eu\/?post_type=product&#038;p=25471"},"modified":"2026-03-29T17:28:22","modified_gmt":"2026-03-29T15:28:22","slug":"verdrehte-bestie-weihwasser-10ml-poppers","status":"publish","type":"product","link":"https:\/\/poppersparadise.eu\/de\/product\/twisted-beast-holy-water-10ml-poppers\/","title":{"rendered":"Twisted Beast Holy Water 10ml"},"content":{"rendered":"<h2 class=\"wp-block-heading\">Twisted Beast Holy Water 10ml Poppers<\/h2>\n\n\n\n<p>Twisted Beast Holy Water 10ml Poppers - wurde speziell f\u00fcr diejenigen entwickelt, die ein starkes und lang anhaltendes Dufterlebnis suchen. Dieses von der britischen Marke Twisted Beast hergestellte Produkt bietet ein einzigartiges Dufterlebnis, das perfekt f\u00fcr besondere Momente und abenteuerlustige Geister ist.<\/p>\n\n\n\n<h3 class=\"wp-block-heading\">Hauptmerkmale von Twisted Beast Weihwasser Poppers<\/h3>\n\n\n\n<ul class=\"wp-block-list\">\n<li><strong>Leistungsstarke Formel<\/strong>: Entwickelt f\u00fcr ein lang anhaltendes und intensives Dufterlebnis.<\/li>\n\n\n\n<li><strong>Hohe Qualit\u00e4t<\/strong>: Hergestellt von Twisted Beast, einer f\u00fcr ihre Zuverl\u00e4ssigkeit bekannten Marke.<\/li>\n\n\n\n<li><strong>Bequemes Format<\/strong>Abgef\u00fcllt in einer 10-ml-Glasflasche, ideal zum Mitnehmen.<\/li>\n\n\n\n<li><strong>Vielseitiger Einsatz<\/strong>: Geeignet f\u00fcr verschiedene Anl\u00e4sse und Abenteuer.<\/li>\n<\/ul>\n\n\n\n<h3 class=\"wp-block-heading\">Wie verwendet man Twisted Beast Weihwasser Poppers?<\/h3>\n\n\n\n<p>Verwenden Sie Twisted Beast Weihwasser Poppers nur als Duftzerst\u00e4uber oder Reinigungsl\u00f6sungsmittel. Es ist nicht f\u00fcr den menschlichen Verzehr geeignet und sollte nicht eingeatmet werden. Lagern Sie das Produkt an einem k\u00fchlen, trockenen Ort und verschlie\u00dfen Sie die Flasche nach Gebrauch fest.<\/p>\n\n\n\n<h3 class=\"wp-block-heading\">Warum Twisted Beast Weihwasser Poppers ein Favorit ist<\/h3>\n\n\n\n<p>Die leistungsstarke Formel und die Zuverl\u00e4ssigkeit der Marke Twisted Beast machen dieses Produkt zu einem Favoriten unter den Liebhabern intensiver Duftdiffusoren. Es bietet ein einzigartiges Dufterlebnis, perfekt f\u00fcr besondere Momente.<\/p>\n\n\n\n<h3 class=\"wp-block-heading\">Warnungen<\/h3>\n\n\n\n<p>Fl\u00fcssigkeit und Dampf leicht entz\u00fcndbar (H225).<br>Verursacht Haut- und Augenreizungen (H315\/H319).<br>Giftig beim Einatmen (H331).<br>Kein Arzneimittel. Die Verwendung erfolgt auf eigene Gefahr.<\/p>\n\n\n\n<h3 class=\"wp-block-heading\">Verwenden Sie<\/h3>\n\n\n\n<p>Nur als Duftzerst\u00e4uber oder Reinigungsmittel gedacht.<br>Nicht f\u00fcr den menschlichen Verzehr geeignet und sollte nicht eingeatmet werden.<\/p>\n\n\n\n<h3 class=\"wp-block-heading\">Lagerung<\/h3>\n\n\n\n<p>An einem k\u00fchlen und trockenen Ort aufbewahren. Au\u00dferhalb der Reichweite von Kindern aufbewahren.<\/p>\n\n\n\n<h3 class=\"wp-block-heading\">Herkunftsland<\/h3>\n\n\n\n<p>Luxemburg.<\/p>","protected":false},"excerpt":{"rendered":"<p><strong><br \/>KOMPATIBLES ZUBEH\u00d6R:<\/strong><\/p>\n<ul>\n<li><a href=\"https:\/\/poppersparadise.eu\/de\/produktkategorie\/zubehor\/schnuffler-klein\/\">Schn\u00fcffler Klein<\/a><\/li>\n<li><a href=\"https:\/\/poppersparadise.eu\/de\/produkt\/xtrm-poppers-houder-zwart-small\/\">XTRM Poppers Halterung Klein<\/a><\/li>\n<li><a href=\"https:\/\/poppersparadise.eu\/de\/produkt\/xtrm-poppers-keeper-klein-10ml\/\">XTRM Poppers Keeper Klein<\/a><\/li>\n<\/ul>","protected":false},"featured_media":25472,"comment_status":"open","ping_status":"closed","template":"","meta":{"_acf_changed":false},"product_brand":[580,789],"product_cat":[34],"product_tag":[],"class_list":{"0":"post-25471","1":"product","2":"type-product","3":"status-publish","4":"has-post-thumbnail","6":"product_brand-twisted-beast","7":"product_brand-uk","8":"product_cat-kleine-flesjes-poppers","10":"first","11":"instock","12":"taxable","13":"shipping-taxable","14":"purchasable","15":"product-type-simple"},"acf":[],"df_price":6.5,"df_sale_price":"","df_regular_price":6.5,"df_image_link":"https:\/\/poppersparadise.eu\/wp-content\/uploads\/2025\/11\/Holy-Water-10ml-Poppers-300x300.jpg","_links":{"self":[{"href":"https:\/\/poppersparadise.eu\/de\/wp-json\/wp\/v2\/product\/25471","targetHints":{"allow":["GET"]}}],"collection":[{"href":"https:\/\/poppersparadise.eu\/de\/wp-json\/wp\/v2\/product"}],"about":[{"href":"https:\/\/poppersparadise.eu\/de\/wp-json\/wp\/v2\/types\/product"}],"replies":[{"embeddable":true,"href":"https:\/\/poppersparadise.eu\/de\/wp-json\/wp\/v2\/comments?post=25471"}],"wp:featuredmedia":[{"embeddable":true,"href":"https:\/\/poppersparadise.eu\/de\/wp-json\/wp\/v2\/media\/25472"}],"wp:attachment":[{"href":"https:\/\/poppersparadise.eu\/de\/wp-json\/wp\/v2\/media?parent=25471"}],"wp:term":[{"taxonomy":"product_brand","embeddable":true,"href":"https:\/\/poppersparadise.eu\/de\/wp-json\/wp\/v2\/product_brand?post=25471"},{"taxonomy":"product_cat","embeddable":true,"href":"https:\/\/poppersparadise.eu\/de\/wp-json\/wp\/v2\/product_cat?post=25471"},{"taxonomy":"product_tag","embeddable":true,"href":"https:\/\/poppersparadise.eu\/de\/wp-json\/wp\/v2\/product_tag?post=25471"}],"curies":[{"name":"wp","href":"https:\/\/api.w.org\/{rel}","templated":true}]}}