{"id":22829,"date":"2025-10-22T20:48:02","date_gmt":"2025-10-22T18:48:02","guid":{"rendered":"https:\/\/poppersparadise.eu\/?post_type=product&#038;p=22829"},"modified":"2026-02-26T12:37:31","modified_gmt":"2026-02-26T11:37:31","slug":"xtrm-zentox-snffr-innen-30ml-poppers","status":"publish","type":"product","link":"https:\/\/poppersparadise.eu\/de\/product\/xtrm-zentox-snffr-inside-30ml-poppers\/","title":{"rendered":"Zentox SNFFR Inside 30ml"},"content":{"rendered":"<h2 class=\"wp-block-heading\">XTRM Zentox SNFFR Inside 30ml Poppers ist ein Geruchsdiffusor der n\u00e4chsten Generation, der f\u00fcr Roh- und Schmutzger\u00fcche entwickelt wurde. <\/h2>\n\n\n\n<p>Dieses Produkt enth\u00e4lt eine fortschrittliche Formel auf Pentyl-Basis, die von Pentyl-Plus und US-Pentyl inspiriert ist, verpackt in einer gro\u00dfen ovalen 30-ml-Flasche. ZENTOX wird mit einer kostenlosen XTRM SNFFR Small geliefert und ist die perfekte Wahl f\u00fcr Anwender, die einen sofortigen, starken und kompromisslosen Raumgeruchsspender suchen.<\/p>\n\n\n\n<h3 class=\"wp-block-heading\">Warum sollte man sich f\u00fcr XTRM Zentox SNFFR Inside 30ml Poppers entscheiden?<\/h3>\n\n\n\n<ul class=\"wp-block-list\">\n<li><strong>Fortschrittliche Pentyl-Formel:<\/strong> Eine aufgeladene Mischung, die f\u00fcr eine schnelle, rohe und unerbittliche Duftabgabe entwickelt wurde.<\/li>\n\n\n\n<li><strong>Tiefer und intensiver Duft-Kick:<\/strong> Bietet einen leistungsstarken und wirksamen Duft, der f\u00fcr die anspruchsvollsten Benutzer entwickelt wurde.<\/li>\n\n\n\n<li><strong>Gro\u00dfe Gr\u00f6\u00dfe (30 ml):<\/strong> Der gro\u00dfz\u00fcgige Inhalt in der stabilen, ovalen Flasche garantiert ein ausgezeichnetes Preis-Leistungs-Verh\u00e4ltnis und eine lange Nutzungsdauer.<\/li>\n\n\n\n<li><strong>Inklusive Zubeh\u00f6r:<\/strong> Im Lieferumfang ist ein XTRM SNFFR Small enthalten, ein praktisches Werkzeug f\u00fcr eine gleichm\u00e4\u00dfige und kontrollierte Geruchsabgabe.<\/li>\n<\/ul>\n\n\n\n<h3 class=\"wp-block-heading\">Eigenschaften<\/h3>\n\n\n\n<ul class=\"wp-block-list\">\n<li><strong>Gr\u00f6\u00dfe der Flasche:<\/strong> Gro\u00df<\/li>\n\n\n\n<li><strong>Inhalt:<\/strong> 30 ml<\/li>\n\n\n\n<li><strong>Formel:<\/strong> Fortschrittliche Pentyl-basierte<\/li>\n\n\n\n<li><strong>Die Flasche:<\/strong> Oval\/robust<\/li>\n\n\n\n<li><strong>Accessoire:<\/strong> XTRM SNFFR Klein enthalten<\/li>\n<\/ul>\n\n\n\n<h3 class=\"wp-block-heading\">Wichtige Benutzerinformationen<\/h3>\n\n\n\n<ul class=\"wp-block-list\">\n<li>Dieses Produkt ist nur zur Verwendung als Raumduftstoff oder Reinigungsmittel bestimmt.<\/li>\n\n\n\n<li>Nicht f\u00fcr den menschlichen Verzehr oder zum Einatmen bestimmt.<\/li>\n\n\n\n<li>Direkter Kontakt mit Haut und Augen ist zu vermeiden.<\/li>\n\n\n\n<li>Nur in gut bel\u00fcfteten Bereichen verwenden.<\/li>\n<\/ul>\n\n\n\n<h3 class=\"wp-block-heading\">Warnungen<\/h3>\n\n\n\n<ul class=\"wp-block-list\">\n<li>Fl\u00fcssigkeit und Dampf leicht entz\u00fcndbar (H225).<\/li>\n\n\n\n<li>Verursacht Haut- und Augenreizungen (H315\/H319).<\/li>\n\n\n\n<li>Giftig beim Einatmen (H331).<\/li>\n\n\n\n<li>Es handelt sich nicht um eine Droge oder ein medizinisches Produkt.<\/li>\n<\/ul>\n\n\n\n<h3 class=\"wp-block-heading\">Lagerung<\/h3>\n\n\n\n<ul class=\"wp-block-list\">\n<li>Lagern Sie das Produkt an einem k\u00fchlen, dunklen und trockenen Ort.<\/li>\n\n\n\n<li>Bewahren Sie die Flasche fest verschlossen und au\u00dferhalb der Reichweite von Kindern auf.<\/li>\n<\/ul>\n\n\n\n<h3 class=\"wp-block-heading\">Herkunftsland<\/h3>\n\n\n\n<p>\u00d6sterreich<\/p>\n\n\n\n<p><\/p>","protected":false},"excerpt":{"rendered":"<p><strong><br \/>KOMPATIBLES ZUBEH\u00d6R:<\/strong><\/p>\n<ul>\n<li><a href=\"https:\/\/poppersparadise.eu\/de\/produktkategorie\/zubehor\/schnuffler-klein\/\">Schn\u00fcffler Klein<\/a><\/li>\n<li><a href=\"https:\/\/poppersparadise.eu\/de\/produkt\/xtrm-poppers-halter-oval\/\">XTRM Poppers Halterung Oval<\/a><\/li>\n<li><a href=\"https:\/\/poppersparadise.eu\/de\/produkt\/xtrm-poppers-keeper-gros-24ml\/\">XTRM Poppers Keeper gro\u00df<\/a><\/li>\n<\/ul>","protected":false},"featured_media":22830,"comment_status":"open","ping_status":"closed","template":"","meta":{"_acf_changed":false},"product_brand":[752],"product_cat":[35],"product_tag":[],"class_list":{"0":"post-22829","1":"product","2":"type-product","3":"status-publish","4":"has-post-thumbnail","6":"product_brand-xtrm","7":"product_cat-grote-flesjes-poppers","9":"first","10":"instock","11":"taxable","12":"shipping-taxable","13":"purchasable","14":"product-type-simple"},"acf":[],"df_price":13.9,"df_sale_price":"","df_regular_price":13.9,"df_image_link":"https:\/\/poppersparadise.eu\/wp-content\/uploads\/2025\/10\/Zentox-Inside-poppers-300x300.jpg","_links":{"self":[{"href":"https:\/\/poppersparadise.eu\/de\/wp-json\/wp\/v2\/product\/22829","targetHints":{"allow":["GET"]}}],"collection":[{"href":"https:\/\/poppersparadise.eu\/de\/wp-json\/wp\/v2\/product"}],"about":[{"href":"https:\/\/poppersparadise.eu\/de\/wp-json\/wp\/v2\/types\/product"}],"replies":[{"embeddable":true,"href":"https:\/\/poppersparadise.eu\/de\/wp-json\/wp\/v2\/comments?post=22829"}],"wp:featuredmedia":[{"embeddable":true,"href":"https:\/\/poppersparadise.eu\/de\/wp-json\/wp\/v2\/media\/22830"}],"wp:attachment":[{"href":"https:\/\/poppersparadise.eu\/de\/wp-json\/wp\/v2\/media?parent=22829"}],"wp:term":[{"taxonomy":"product_brand","embeddable":true,"href":"https:\/\/poppersparadise.eu\/de\/wp-json\/wp\/v2\/product_brand?post=22829"},{"taxonomy":"product_cat","embeddable":true,"href":"https:\/\/poppersparadise.eu\/de\/wp-json\/wp\/v2\/product_cat?post=22829"},{"taxonomy":"product_tag","embeddable":true,"href":"https:\/\/poppersparadise.eu\/de\/wp-json\/wp\/v2\/product_tag?post=22829"}],"curies":[{"name":"wp","href":"https:\/\/api.w.org\/{rel}","templated":true}]}}