{"id":20700,"date":"2025-08-20T16:21:56","date_gmt":"2025-08-20T14:21:56","guid":{"rendered":"https:\/\/poppersparadise.eu\/?post_type=product&#038;p=20700"},"modified":"2026-03-24T08:39:26","modified_gmt":"2026-03-24T07:39:26","slug":"twisted-beast-hypno-max-kopie","status":"publish","type":"product","link":"https:\/\/poppersparadise.eu\/de\/product\/twisted-beast-hypno-max-kopieren\/","title":{"rendered":"Twisted Beast Hypno Max 10ml"},"content":{"rendered":"<h2 class=\"wp-block-heading\">Twisted Beast Hypno Max 10ml Poppers - Leistung und Geheimnis in einem<\/h2>\n\n\n\n<p>Twisted Beast Hypno Max 10ml Poppers ist eine einzigartige Wahl f\u00fcr alle, die ein intensives und geheimnisvolles Dufterlebnis suchen. Dieses von der britischen Kultmarke Twisted Beast hergestellte Produkt bietet eine kraftvolle Amylnitrit-Formel in einer 10-ml-Flasche. Perfekt f\u00fcr abenteuerlustige Geister, die nach etwas Besonderem suchen.<\/p>\n\n\n\n<h3 class=\"wp-block-heading\">Hauptmerkmale des Twisted Beast Hypno Max<\/h3>\n\n\n\n<ul class=\"wp-block-list\">\n<li><strong>Hochwertige Formel<\/strong>: Enth\u00e4lt Amylnitrit f\u00fcr eine starke Duftdispersion.<\/li>\n\n\n\n<li><strong>Gro\u00dfz\u00fcgiger Inhalt<\/strong>: Abgef\u00fcllt in einer 10ml Flasche.<\/li>\n\n\n\n<li><strong>Einzigartige Marke<\/strong>: Produziert von der britischen Kultmarke Twisted Beast.<\/li>\n\n\n\n<li><strong>Stilvolle Pr\u00e4sentation<\/strong>Ein auff\u00e4lliges Design, das Luxus und Geheimnis ausstrahlt.<\/li>\n<\/ul>\n\n\n\n<h3 class=\"wp-block-heading\">Wie verwenden Sie Twisted Beast Hypno?<\/h3>\n\n\n\n<p>Verwenden Sie Twisted Beast Hypno nur als Duftzerst\u00e4uber oder Reinigungsmittel. Es ist nicht f\u00fcr den menschlichen Verzehr geeignet und sollte nicht eingeatmet werden. Lagern Sie das Produkt an einem k\u00fchlen, trockenen Ort und verschlie\u00dfen Sie die Flasche nach Gebrauch fest.<\/p>\n\n\n\n<h3 class=\"wp-block-heading\">Warum Twisted Beast Hypno ein Favorit ist<\/h3>\n\n\n\n<p>Seine kraftvolle Formel, sein gro\u00dfz\u00fcgiger Inhalt und sein einzigartiges Aussehen machen dieses Produkt zu einem Favoriten unter den Liebhabern von Duftdiffusoren. Er bietet ein intensives Dufterlebnis, perfekt f\u00fcr besondere Momente.<\/p>\n\n\n\n<h3 class=\"wp-block-heading\">Warnungen<\/h3>\n\n\n\n<p>Fl\u00fcssigkeit und Dampf leicht entz\u00fcndbar (H225).<br>Verursacht Haut- und Augenreizungen (H315\/H319).<br>Giftig beim Einatmen (H331).<br>Kein Arzneimittel. Die Verwendung erfolgt auf eigene Gefahr.<\/p>\n\n\n\n<h3 class=\"wp-block-heading\">Verwenden Sie<\/h3>\n\n\n\n<p>Nur als Duftzerst\u00e4uber oder Reinigungsmittel gedacht.<br>Nicht f\u00fcr den menschlichen Verzehr geeignet und sollte nicht eingeatmet werden.<\/p>\n\n\n\n<h3 class=\"wp-block-heading\">Lagerung<\/h3>\n\n\n\n<p>An einem k\u00fchlen und trockenen Ort aufbewahren. Au\u00dferhalb der Reichweite von Kindern aufbewahren.<\/p>\n\n\n\n<h3 class=\"wp-block-heading\">Herkunftsland<\/h3>\n\n\n\n<p>Luxemburg.<\/p>","protected":false},"excerpt":{"rendered":"<p><strong><br \/>KOMPATIBLES ZUBEH\u00d6R:<\/strong><\/p>\n<ul>\n<li><a href=\"https:\/\/poppersparadise.eu\/de\/produktkategorie\/zubehor\/schnuffler-klein\/\">Schn\u00fcffler Klein<\/a><\/li>\n<li><a href=\"https:\/\/poppersparadise.eu\/de\/produkt\/xtrm-poppers-houder-zwart-small\/\">XTRM Poppers Halterung Klein<\/a><\/li>\n<li><a href=\"https:\/\/poppersparadise.eu\/de\/produkt\/xtrm-poppers-keeper-klein-10ml\/\">XTRM Poppers Keeper Klein<\/a><\/li>\n<\/ul>","protected":false},"featured_media":20704,"comment_status":"open","ping_status":"closed","template":"","meta":{"_acf_changed":false},"product_brand":[580,789],"product_cat":[34],"product_tag":[],"class_list":{"0":"post-20700","1":"product","2":"type-product","3":"status-publish","4":"has-post-thumbnail","6":"product_brand-twisted-beast","7":"product_brand-uk","8":"product_cat-kleine-flesjes-poppers","10":"first","11":"instock","12":"taxable","13":"shipping-taxable","14":"purchasable","15":"product-type-simple"},"acf":[],"df_price":5.95,"df_sale_price":"","df_regular_price":5.95,"df_image_link":"https:\/\/poppersparadise.eu\/wp-content\/uploads\/2025\/08\/hypno-max-10ml-300x300.jpg","_links":{"self":[{"href":"https:\/\/poppersparadise.eu\/de\/wp-json\/wp\/v2\/product\/20700","targetHints":{"allow":["GET"]}}],"collection":[{"href":"https:\/\/poppersparadise.eu\/de\/wp-json\/wp\/v2\/product"}],"about":[{"href":"https:\/\/poppersparadise.eu\/de\/wp-json\/wp\/v2\/types\/product"}],"replies":[{"embeddable":true,"href":"https:\/\/poppersparadise.eu\/de\/wp-json\/wp\/v2\/comments?post=20700"}],"wp:featuredmedia":[{"embeddable":true,"href":"https:\/\/poppersparadise.eu\/de\/wp-json\/wp\/v2\/media\/20704"}],"wp:attachment":[{"href":"https:\/\/poppersparadise.eu\/de\/wp-json\/wp\/v2\/media?parent=20700"}],"wp:term":[{"taxonomy":"product_brand","embeddable":true,"href":"https:\/\/poppersparadise.eu\/de\/wp-json\/wp\/v2\/product_brand?post=20700"},{"taxonomy":"product_cat","embeddable":true,"href":"https:\/\/poppersparadise.eu\/de\/wp-json\/wp\/v2\/product_cat?post=20700"},{"taxonomy":"product_tag","embeddable":true,"href":"https:\/\/poppersparadise.eu\/de\/wp-json\/wp\/v2\/product_tag?post=20700"}],"curies":[{"name":"wp","href":"https:\/\/api.w.org\/{rel}","templated":true}]}}