{"id":18023,"date":"2025-06-05T10:31:04","date_gmt":"2025-06-05T08:31:04","guid":{"rendered":"https:\/\/poppersparadise.eu\/?post_type=product&#038;p=18023"},"modified":"2026-02-26T12:36:27","modified_gmt":"2026-02-26T11:36:27","slug":"flussige-farben-sauerstoff-24ml-poppers","status":"publish","type":"product","link":"https:\/\/poppersparadise.eu\/de\/product\/liquid-colors-oxygen-24ml-poppers\/","title":{"rendered":"Liquid Colors Oxygen 24ml"},"content":{"rendered":"<h2 class=\"wp-block-heading\">Liquid Colors Oxygen 24ml poppers - Eleganz und Intensit\u00e4t in einem<\/h2>\n\n\n\n<p>Liquid Colors Oxygen 24ml poppers ist eine raffinierte, in Frankreich hergestellte Kreation f\u00fcr alle, die ein einzigartiges und starkes Dufterlebnis suchen. Mit einer exklusiven Mischung aus Amyl- und Propylnitriten und einem stilvollen Design bietet dieses Produkt ein lang anhaltendes und luxuri\u00f6ses Dufterlebnis. Perfekt f\u00fcr besondere Momente, allein oder zu zweit.<\/p>\n\n\n\n<h3 class=\"wp-block-heading\">Hauptmerkmale von Liquid Colors Oxygen<\/h3>\n\n\n\n<ul class=\"wp-block-list\">\n<li><strong>Exklusive Zusammensetzung<\/strong>: Eine einzigartige Mischung aus Amyl- und Propylnitriten f\u00fcr ein intensives Dufterlebnis.<\/li>\n\n\n\n<li><strong>Gro\u00dfe Kapazit\u00e4t<\/strong>: 24-ml-Flasche, ideal f\u00fcr den Langzeitgebrauch.<\/li>\n\n\n\n<li><strong>Franz\u00f6sischer Luxus<\/strong>: Hergestellt von einer renommierten franz\u00f6sischen Marke, die auf Qualit\u00e4t und Eleganz achtet.<\/li>\n\n\n\n<li><strong>Inspirierendes Design<\/strong>: Inspiriert von Sauerstoff, dem Symbol der Essenz und der Unendlichkeit.<\/li>\n\n\n\n<li><strong>Sammlerst\u00fccke<\/strong>Elegantes Fl\u00e4schchen, perfekt zum Aufbewahren.<\/li>\n<\/ul>\n\n\n\n<h3 class=\"wp-block-heading\">Wie verwenden Sie Liquid Colors Oxygen?<\/h3>\n\n\n\n<p>Verwenden Sie Liquid Colors Oxygen nur als Duftzerst\u00e4uber oder Reinigungsmittel. Es ist nicht f\u00fcr den menschlichen Verzehr geeignet und sollte nicht eingeatmet werden. Bewahren Sie das Produkt an einem k\u00fchlen, dunklen Ort auf, um seine Qualit\u00e4t zu erhalten, und verschlie\u00dfen Sie die Flasche nach Gebrauch fest.<\/p>\n\n\n\n<h3 class=\"wp-block-heading\">Warum Liquid Colors Oxygen ein Favorit ist<\/h3>\n\n\n\n<p>Liquid Colors Oxygen ist eine beliebte Wahl unter den Duftdiffusoren. Seine exklusive Zusammensetzung, der reichhaltige Inhalt und die stilvolle Pr\u00e4sentation machen dieses Produkt zu einem Favoriten f\u00fcr alle, die ein luxuri\u00f6ses und zuverl\u00e4ssiges Dufterlebnis suchen.<\/p>\n\n\n\n<h3 class=\"wp-block-heading\">Warnungen<\/h3>\n\n\n\n<p>Fl\u00fcssigkeit und Dampf leicht entz\u00fcndbar (H225).<br>Verursacht Haut- und Augenreizungen (H315\/H319).<br>Giftig beim Einatmen (H331).<br>Kein Arzneimittel. Die Verwendung erfolgt auf eigene Gefahr.<\/p>\n\n\n\n<h3 class=\"wp-block-heading\">Verwenden Sie<\/h3>\n\n\n\n<p>Nur als Duftzerst\u00e4uber oder Reinigungsmittel gedacht.<br>Nicht f\u00fcr den menschlichen Verzehr geeignet und sollte nicht eingeatmet werden.<\/p>\n\n\n\n<h3 class=\"wp-block-heading\">Lagerung<\/h3>\n\n\n\n<p>An einem k\u00fchlen und trockenen Ort aufbewahren. Au\u00dferhalb der Reichweite von Kindern aufbewahren.<\/p>\n\n\n\n<h3 class=\"wp-block-heading\">Herkunftsland<\/h3>\n\n\n\n<p>Frankreich.<\/p>\n\n\n\n<p><\/p>","protected":false},"excerpt":{"rendered":"<p><strong><br \/>KOMPATIBLES ZUBEH\u00d6R:<\/strong><\/p>\n<ul>\n<li><a href=\"https:\/\/poppersparadise.eu\/de\/produktkategorie\/zubehor\/schnuffler-klein\/\">Schn\u00fcffler Klein<\/a><\/li>\n<\/ul>","protected":false},"featured_media":18024,"comment_status":"open","ping_status":"closed","template":"","meta":{"_acf_changed":false},"product_brand":[754],"product_cat":[35],"product_tag":[],"class_list":{"0":"post-18023","1":"product","2":"type-product","3":"status-publish","4":"has-post-thumbnail","6":"product_brand-doctor-colors","7":"product_cat-grote-flesjes-poppers","9":"first","10":"instock","11":"taxable","12":"shipping-taxable","13":"purchasable","14":"product-type-simple"},"acf":[],"df_price":7.5,"df_sale_price":"","df_regular_price":7.5,"df_image_link":"https:\/\/poppersparadise.eu\/wp-content\/uploads\/2025\/06\/Liquid-colors-oxygen-300x270.jpg","_links":{"self":[{"href":"https:\/\/poppersparadise.eu\/de\/wp-json\/wp\/v2\/product\/18023","targetHints":{"allow":["GET"]}}],"collection":[{"href":"https:\/\/poppersparadise.eu\/de\/wp-json\/wp\/v2\/product"}],"about":[{"href":"https:\/\/poppersparadise.eu\/de\/wp-json\/wp\/v2\/types\/product"}],"replies":[{"embeddable":true,"href":"https:\/\/poppersparadise.eu\/de\/wp-json\/wp\/v2\/comments?post=18023"}],"wp:featuredmedia":[{"embeddable":true,"href":"https:\/\/poppersparadise.eu\/de\/wp-json\/wp\/v2\/media\/18024"}],"wp:attachment":[{"href":"https:\/\/poppersparadise.eu\/de\/wp-json\/wp\/v2\/media?parent=18023"}],"wp:term":[{"taxonomy":"product_brand","embeddable":true,"href":"https:\/\/poppersparadise.eu\/de\/wp-json\/wp\/v2\/product_brand?post=18023"},{"taxonomy":"product_cat","embeddable":true,"href":"https:\/\/poppersparadise.eu\/de\/wp-json\/wp\/v2\/product_cat?post=18023"},{"taxonomy":"product_tag","embeddable":true,"href":"https:\/\/poppersparadise.eu\/de\/wp-json\/wp\/v2\/product_tag?post=18023"}],"curies":[{"name":"wp","href":"https:\/\/api.w.org\/{rel}","templated":true}]}}