{"id":17930,"date":"2025-06-03T16:38:04","date_gmt":"2025-06-03T14:38:04","guid":{"rendered":"https:\/\/poppersparadise.eu\/?post_type=product&#038;p=17930"},"modified":"2026-02-26T12:36:26","modified_gmt":"2026-02-26T11:36:26","slug":"twisted-beast-original-10ml-poppers","status":"publish","type":"product","link":"https:\/\/poppersparadise.eu\/de\/product\/twisted-beast-original-10ml-poppers\/","title":{"rendered":"Twisted Beast Original 10ml"},"content":{"rendered":"<h2 class=\"wp-block-heading\">Twisted Beast Original 10ml Popper - kompakt und leistungsstark<\/h2>\n\n\n\n<p>Twisted Beast Original 10ml poppers ist f\u00fcr diejenigen gedacht, die ein starkes und vielseitiges Dufterlebnis suchen. Mit einer hochwertigen Isopropylnitrit-Formel und einer kompakten 10ml-Flasche ist dieses Produkt perfekt f\u00fcr Anf\u00e4nger und erfahrene Benutzer gleicherma\u00dfen. Ideal f\u00fcr Partys, intime Momente oder einfach zum Entspannen.<\/p>\n\n\n\n<h3 class=\"wp-block-heading\">Hauptmerkmale von Twisted Beast Original<\/h3>\n\n\n\n<ul class=\"wp-block-list\">\n<li><strong>Leistungsstarke Formel<\/strong>: Enth\u00e4lt Isopropylnitrit f\u00fcr ein intensives Dufterlebnis.<\/li>\n\n\n\n<li><strong>Kompakte Gr\u00f6\u00dfe<\/strong>Abgef\u00fcllt in einer praktischen 10-ml-Flasche, ideal zum Mitnehmen.<\/li>\n\n\n\n<li><strong>Hohe Qualit\u00e4t<\/strong>: Professionell kuratiert f\u00fcr ein zuverl\u00e4ssiges Erlebnis.<\/li>\n\n\n\n<li><strong>Vielseitiger Einsatz<\/strong>: Geeignet f\u00fcr verschiedene Anl\u00e4sse und Erfahrungsstufen.<\/li>\n<\/ul>\n\n\n\n<h3 class=\"wp-block-heading\">Wie verwendet man Twisted Beast Original?<\/h3>\n\n\n\n<p>Verwenden Sie Twisted Beast Original nur als Duftstoffdispersionsmittel oder Reinigungsl\u00f6sungsmittel. Es ist nicht f\u00fcr den menschlichen Verzehr geeignet und sollte nicht eingeatmet werden. Lagern Sie das Produkt aufrecht, an einem k\u00fchlen und trockenen Ort und vor direkter Sonneneinstrahlung gesch\u00fctzt. Verschlie\u00dfen Sie die Flasche nach dem Gebrauch fest.<\/p>\n\n\n\n<h3 class=\"wp-block-heading\">Warum Twisted Beast Original ein Favorit ist<\/h3>\n\n\n\n<p>Seine leistungsstarke Formel und seine kompakte Gr\u00f6\u00dfe machen dieses Produkt zu einem Favoriten unter den Liebhabern von Duftdiffusoren. Er bietet ein zuverl\u00e4ssiges und intensives Dufterlebnis, das sich f\u00fcr jede Gelegenheit eignet.<\/p>\n\n\n\n<h3 class=\"wp-block-heading\">Warnungen<\/h3>\n\n\n\n<p>Fl\u00fcssigkeit und Dampf leicht entz\u00fcndbar (H225).<br>Verursacht Haut- und Augenreizungen (H315\/H319).<br>Giftig beim Einatmen (H331).<br>Kein Arzneimittel. Die Verwendung erfolgt auf eigene Gefahr.<\/p>\n\n\n\n<h3 class=\"wp-block-heading\">Verwenden Sie<\/h3>\n\n\n\n<p>Nur als Duftzerst\u00e4uber oder Reinigungsmittel gedacht.<br>Nicht f\u00fcr den menschlichen Verzehr geeignet und sollte nicht eingeatmet werden.<\/p>\n\n\n\n<h3 class=\"wp-block-heading\">Lagerung<\/h3>\n\n\n\n<p>An einem k\u00fchlen und trockenen Ort aufbewahren. Au\u00dferhalb der Reichweite von Kindern aufbewahren.<\/p>\n\n\n\n<h3 class=\"wp-block-heading\">Herkunftsland<\/h3>\n\n\n\n<p>Luxemburg.<\/p>\n\n\n\n<p><\/p>","protected":false},"excerpt":{"rendered":"<p><strong><br \/>KOMPATIBLES ZUBEH\u00d6R:<\/strong><\/p>\n<ul>\n<li><a href=\"https:\/\/poppersparadise.eu\/de\/produktkategorie\/zubehor\/schnuffler-klein\/\">Schn\u00fcffler Klein<\/a><\/li>\n<li><a href=\"https:\/\/poppersparadise.eu\/de\/produkt\/xtrm-poppers-houder-zwart-small\/\">XTRM Poppers Halterung Klein<\/a><\/li>\n<li><a href=\"https:\/\/poppersparadise.eu\/de\/produkt\/xtrm-poppers-keeper-klein-10ml\/\">XTRM Poppers Keeper Klein<\/a><\/li>\n<\/ul>","protected":false},"featured_media":17931,"comment_status":"open","ping_status":"closed","template":"","meta":{"_acf_changed":false},"product_brand":[580,789],"product_cat":[34],"product_tag":[],"class_list":{"0":"post-17930","1":"product","2":"type-product","3":"status-publish","4":"has-post-thumbnail","6":"product_brand-twisted-beast","7":"product_brand-uk","8":"product_cat-kleine-flesjes-poppers","10":"first","11":"instock","12":"taxable","13":"shipping-taxable","14":"purchasable","15":"product-type-simple"},"acf":[],"df_price":5.95,"df_sale_price":"","df_regular_price":5.95,"df_image_link":"https:\/\/poppersparadise.eu\/wp-content\/uploads\/2025\/06\/original-10ml-300x300.jpg","_links":{"self":[{"href":"https:\/\/poppersparadise.eu\/de\/wp-json\/wp\/v2\/product\/17930","targetHints":{"allow":["GET"]}}],"collection":[{"href":"https:\/\/poppersparadise.eu\/de\/wp-json\/wp\/v2\/product"}],"about":[{"href":"https:\/\/poppersparadise.eu\/de\/wp-json\/wp\/v2\/types\/product"}],"replies":[{"embeddable":true,"href":"https:\/\/poppersparadise.eu\/de\/wp-json\/wp\/v2\/comments?post=17930"}],"wp:featuredmedia":[{"embeddable":true,"href":"https:\/\/poppersparadise.eu\/de\/wp-json\/wp\/v2\/media\/17931"}],"wp:attachment":[{"href":"https:\/\/poppersparadise.eu\/de\/wp-json\/wp\/v2\/media?parent=17930"}],"wp:term":[{"taxonomy":"product_brand","embeddable":true,"href":"https:\/\/poppersparadise.eu\/de\/wp-json\/wp\/v2\/product_brand?post=17930"},{"taxonomy":"product_cat","embeddable":true,"href":"https:\/\/poppersparadise.eu\/de\/wp-json\/wp\/v2\/product_cat?post=17930"},{"taxonomy":"product_tag","embeddable":true,"href":"https:\/\/poppersparadise.eu\/de\/wp-json\/wp\/v2\/product_tag?post=17930"}],"curies":[{"name":"wp","href":"https:\/\/api.w.org\/{rel}","templated":true}]}}