{"id":17707,"date":"2025-05-28T23:17:07","date_gmt":"2025-05-28T21:17:07","guid":{"rendered":"https:\/\/poppersparadise.eu\/?post_type=product&#038;p=17707"},"modified":"2026-02-26T12:36:21","modified_gmt":"2026-02-26T11:36:21","slug":"amsterdam-blond-25ml-poppers","status":"publish","type":"product","link":"https:\/\/poppersparadise.eu\/de\/product\/amsterdam-blond-25ml-poppers\/","title":{"rendered":"Amsterdam Blond 25ml (JJ)"},"content":{"rendered":"<h2 class=\"wp-block-heading\">Lockerroom Amsterdam Blonde 25ml poppers - Eleganz und Kraft in Balance<\/h2>\n\n\n\n<p>Lockerroom Amsterdam Blonde 25ml Poppers kombinieren einen raffinierten Look mit einem starken Dufterlebnis. Inspiriert von der lebendigen Ausstrahlung von Amsterdam, bietet dieses Produkt ein einzigartiges Dufterlebnis in einer eleganten und haltbaren 25ml Flasche. Perfekt f\u00fcr besondere Momente, egal ob Sie ein Anf\u00e4nger oder ein erfahrener Nutzer sind.<\/p>\n\n\n\n<h3 class=\"wp-block-heading\">Hauptmerkmale von Amsterdam Blonde<\/h3>\n\n\n\n<ul class=\"wp-block-list\">\n<li><strong>Milder Duft, starkes Ergebnis<\/strong>: Subtiles Aroma mit beeindruckender Duftverbreitung.<\/li>\n\n\n\n<li><strong>Hochwertige Formel<\/strong>: Enth\u00e4lt eine speziell optimierte Isopentylnitrit-Formel.<\/li>\n\n\n\n<li><strong>Nachhaltiges Design<\/strong>Abgef\u00fcllt in einer stabilen 25-ml-Flasche f\u00fcr den Langzeitgebrauch.<\/li>\n\n\n\n<li><strong>Vielseitig<\/strong>Geeignet f\u00fcr neue und erfahrene Benutzer.<\/li>\n\n\n\n<li><strong>Volumenvorteil<\/strong>: Sparen Sie mehr bei gr\u00f6\u00dferen Bestellungen.<\/li>\n<\/ul>\n\n\n\n<h3 class=\"wp-block-heading\">Wie verwenden Sie Amsterdam Blonde?<\/h3>\n\n\n\n<p>Verwenden Sie Amsterdam Blonde nur als Duftzerst\u00e4uber oder Reinigungsmittel. Es ist nicht f\u00fcr den menschlichen Verzehr geeignet und sollte nicht eingeatmet werden. Lagern Sie das Produkt an einem k\u00fchlen, trockenen Ort und verschlie\u00dfen Sie die Flasche nach Gebrauch fest.<\/p>\n\n\n\n<h3 class=\"wp-block-heading\">Warum Amsterdam Blonde ein Favorit ist<\/h3>\n\n\n\n<p>Die Kombination aus mildem Duft, starker Wirkung und stilvoller Pr\u00e4sentation macht den Amsterdam Blonde zu einem Favoriten unter den Liebhabern von Duftdiffusoren. Er bietet ein intensives Dufterlebnis - perfekt f\u00fcr jede Gelegenheit.<\/p>\n\n\n\n<h3 class=\"wp-block-heading\">Warnungen<\/h3>\n\n\n\n<p>Fl\u00fcssigkeit und Dampf leicht entz\u00fcndbar (H225).<br>Verursacht Haut- und Augenreizungen (H315\/H319).<br>Giftig beim Einatmen (H331).<br>Kein Arzneimittel. Die Verwendung erfolgt auf eigene Gefahr.<\/p>\n\n\n\n<h3 class=\"wp-block-heading\">Verwenden Sie<\/h3>\n\n\n\n<p>Nur als Duftzerst\u00e4uber oder Reinigungsmittel gedacht.<br>Nicht f\u00fcr den menschlichen Verzehr geeignet und sollte nicht eingeatmet werden.<\/p>\n\n\n\n<h3 class=\"wp-block-heading\">Lagerung<\/h3>\n\n\n\n<p>An einem k\u00fchlen und trockenen Ort aufbewahren. Au\u00dferhalb der Reichweite von Kindern aufbewahren.<\/p>\n\n\n\n<h3 class=\"wp-block-heading\">Herkunftsland<\/h3>\n\n\n\n<p>Frankreich.<\/p>\n\n\n\n<p><\/p>","protected":false},"excerpt":{"rendered":"<p><strong><br \/>KOMPATIBLES ZUBEH\u00d6R:<\/strong><\/p>\n<ul>\n<li><a href=\"https:\/\/poppersparadise.eu\/de\/produktkategorie\/zubehor\/schnuffler-gros\/\">Schn\u00fcffler Gro\u00df<\/a><\/li>\n<li><a href=\"https:\/\/poppersparadise.eu\/de\/produkt\/xtrm-poppers-halter-gros-2\/\">XTRM Poppers Halterung Gro\u00df<\/a><\/li>\n<li><a href=\"https:\/\/poppersparadise.eu\/de\/produkt\/xtrm-poppers-keeper-gros-24ml\/\">XTRM Poppers Keeper gro\u00df<\/a><\/li>\n<\/ul>","protected":false},"featured_media":17709,"comment_status":"open","ping_status":"closed","template":"","meta":{"_acf_changed":false},"product_brand":[772],"product_cat":[35],"product_tag":[],"class_list":{"0":"post-17707","1":"product","2":"type-product","3":"status-publish","4":"has-post-thumbnail","6":"product_brand-lockerroom-jj","7":"product_cat-grote-flesjes-poppers","9":"first","10":"instock","11":"taxable","12":"shipping-taxable","13":"purchasable","14":"product-type-simple"},"acf":[],"df_price":6.95,"df_sale_price":"","df_regular_price":6.95,"df_image_link":"https:\/\/poppersparadise.eu\/wp-content\/uploads\/2025\/05\/Blond-Amsterdam-26ml-1-300x300.jpg","_links":{"self":[{"href":"https:\/\/poppersparadise.eu\/de\/wp-json\/wp\/v2\/product\/17707","targetHints":{"allow":["GET"]}}],"collection":[{"href":"https:\/\/poppersparadise.eu\/de\/wp-json\/wp\/v2\/product"}],"about":[{"href":"https:\/\/poppersparadise.eu\/de\/wp-json\/wp\/v2\/types\/product"}],"replies":[{"embeddable":true,"href":"https:\/\/poppersparadise.eu\/de\/wp-json\/wp\/v2\/comments?post=17707"}],"wp:featuredmedia":[{"embeddable":true,"href":"https:\/\/poppersparadise.eu\/de\/wp-json\/wp\/v2\/media\/17709"}],"wp:attachment":[{"href":"https:\/\/poppersparadise.eu\/de\/wp-json\/wp\/v2\/media?parent=17707"}],"wp:term":[{"taxonomy":"product_brand","embeddable":true,"href":"https:\/\/poppersparadise.eu\/de\/wp-json\/wp\/v2\/product_brand?post=17707"},{"taxonomy":"product_cat","embeddable":true,"href":"https:\/\/poppersparadise.eu\/de\/wp-json\/wp\/v2\/product_cat?post=17707"},{"taxonomy":"product_tag","embeddable":true,"href":"https:\/\/poppersparadise.eu\/de\/wp-json\/wp\/v2\/product_tag?post=17707"}],"curies":[{"name":"wp","href":"https:\/\/api.w.org\/{rel}","templated":true}]}}