{"id":17192,"date":"2025-05-19T21:32:40","date_gmt":"2025-05-19T19:32:40","guid":{"rendered":"https:\/\/poppersparadise.eu\/?post_type=product&#038;p=17192"},"modified":"2026-04-15T14:44:27","modified_gmt":"2026-04-15T12:44:27","slug":"twisted-beast-gold-24ml-knallbonbons","status":"publish","type":"product","link":"https:\/\/poppersparadise.eu\/de\/product\/twisted-beast-gold-24ml-poppers\/","title":{"rendered":"Twisted Beast Gold 24ml"},"content":{"rendered":"<h2 class=\"wp-block-heading\">Twisted Beast Gold 24ml poppers - Luxus, Kraft und Intensit\u00e4t<\/h2>\n\n\n\n<p>Twisted Beast Gold 24ml poppers ist eine erstklassige Wahl f\u00fcr Liebhaber, die ein starkes und anspruchsvolles Dufterlebnis suchen. Mit einer hochwertigen Isopentylnitrit-Formel und einer eleganten Glasflasche bietet dieses Produkt ein einzigartiges Dufterlebnis, perfekt f\u00fcr abenteuerliche und besondere Momente.<\/p>\n\n\n\n<h3 class=\"wp-block-heading\">Hauptmerkmale von Twisted Beast Gold<\/h3>\n\n\n\n<ul class=\"wp-block-list\">\n<li><strong>Leistungsstarke Formel<\/strong>: Enth\u00e4lt Isopentylnitrit f\u00fcr eine schnelle und intensive Duftverbreitung.<\/li>\n\n\n\n<li><strong>Hochwertige Verpackung<\/strong>Abgef\u00fcllt in Glas, um St\u00e4rke und Frische zu bewahren.<\/li>\n\n\n\n<li><strong>Gro\u00dfz\u00fcgiger Inhalt<\/strong>: Handliche 24-ml-Flasche, ideal f\u00fcr den Langzeitgebrauch.<\/li>\n\n\n\n<li><strong>Vielseitiger Einsatz<\/strong>: Geeignet f\u00fcr gesellschaftliche Anl\u00e4sse oder pers\u00f6nliche Momente.<\/li>\n\n\n\n<li><strong>Perfekt f\u00fcr alle<\/strong>Ob Sie oben, unten oder am Schalter sind, dieses Produkt passt zu jeder Vorliebe.<\/li>\n<\/ul>\n\n\n\n<h3 class=\"wp-block-heading\">Wie verwendet man Twisted Beast Gold?<\/h3>\n\n\n\n<p>Verwenden Sie Twisted Beast Gold nur als Duftzerst\u00e4uber oder Reinigungsmittel. Es ist nicht f\u00fcr den menschlichen Verzehr geeignet und sollte nicht eingeatmet werden. Lagern Sie das Produkt an einem k\u00fchlen, trockenen Ort und verschlie\u00dfen Sie die Flasche nach Gebrauch fest.<\/p>\n\n\n\n<h3 class=\"wp-block-heading\">Warum Twisted Beast Gold ein Favorit ist<\/h3>\n\n\n\n<p>Seine leistungsstarke Formel, die hochwertige Verpackung und seine Vielseitigkeit machen dieses Produkt zu einem Favoriten unter den Liebhabern von Duftdiffusoren. Es bietet ein intensives Dufterlebnis, perfekt f\u00fcr besondere Momente.<\/p>\n\n\n\n<h3 class=\"wp-block-heading\">Warnungen<\/h3>\n\n\n\n<p>Fl\u00fcssigkeit und Dampf leicht entz\u00fcndbar (H225).<br>Verursacht Haut- und Augenreizungen (H315\/H319).<br>Giftig beim Einatmen (H331).<br>Kein Arzneimittel. Die Verwendung erfolgt auf eigene Gefahr.<\/p>\n\n\n\n<h3 class=\"wp-block-heading\">Verwenden Sie<\/h3>\n\n\n\n<p>Nur als Duftzerst\u00e4uber oder Reinigungsmittel gedacht.<br>Nicht f\u00fcr den menschlichen Verzehr geeignet und sollte nicht eingeatmet werden.<\/p>\n\n\n\n<h3 class=\"wp-block-heading\">Lagerung<\/h3>\n\n\n\n<p>An einem k\u00fchlen und trockenen Ort aufbewahren. Au\u00dferhalb der Reichweite von Kindern aufbewahren.<\/p>\n\n\n\n<h3 class=\"wp-block-heading\">Herkunftsland<\/h3>\n\n\n\n<p>Luxemburg.<\/p>\n\n\n\n<p><\/p>","protected":false},"excerpt":{"rendered":"<p><strong><br \/>KOMPATIBLES ZUBEH\u00d6R:<\/strong><\/p>\n<ul>\n<li><a href=\"https:\/\/poppersparadise.eu\/de\/produktkategorie\/zubehor\/schnuffler-klein\/\">Schn\u00fcffler Klein<\/a><\/li>\n<li><a href=\"https:\/\/poppersparadise.eu\/de\/produkt\/xtrm-poppers-halter-oval\/\">XTRM Poppers Halterung Oval<\/a><\/li>\n<li><a href=\"https:\/\/poppersparadise.eu\/de\/produkt\/xtrm-poppers-keeper-gros-24ml\/\">XTRM Poppers Keeper gro\u00df<\/a><\/li>\n<\/ul>","protected":false},"featured_media":17193,"comment_status":"open","ping_status":"closed","template":"","meta":{"_acf_changed":false},"product_brand":[580,789],"product_cat":[35],"product_tag":[],"class_list":{"0":"post-17192","1":"product","2":"type-product","3":"status-publish","4":"has-post-thumbnail","6":"product_brand-twisted-beast","7":"product_brand-uk","8":"product_cat-grote-flesjes-poppers","10":"first","11":"instock","12":"taxable","13":"shipping-taxable","14":"purchasable","15":"product-type-simple"},"acf":[],"df_price":7.5,"df_sale_price":"","df_regular_price":7.5,"df_image_link":"https:\/\/poppersparadise.eu\/wp-content\/uploads\/2025\/05\/gold-24ml-300x300.jpg","_links":{"self":[{"href":"https:\/\/poppersparadise.eu\/de\/wp-json\/wp\/v2\/product\/17192","targetHints":{"allow":["GET"]}}],"collection":[{"href":"https:\/\/poppersparadise.eu\/de\/wp-json\/wp\/v2\/product"}],"about":[{"href":"https:\/\/poppersparadise.eu\/de\/wp-json\/wp\/v2\/types\/product"}],"replies":[{"embeddable":true,"href":"https:\/\/poppersparadise.eu\/de\/wp-json\/wp\/v2\/comments?post=17192"}],"wp:featuredmedia":[{"embeddable":true,"href":"https:\/\/poppersparadise.eu\/de\/wp-json\/wp\/v2\/media\/17193"}],"wp:attachment":[{"href":"https:\/\/poppersparadise.eu\/de\/wp-json\/wp\/v2\/media?parent=17192"}],"wp:term":[{"taxonomy":"product_brand","embeddable":true,"href":"https:\/\/poppersparadise.eu\/de\/wp-json\/wp\/v2\/product_brand?post=17192"},{"taxonomy":"product_cat","embeddable":true,"href":"https:\/\/poppersparadise.eu\/de\/wp-json\/wp\/v2\/product_cat?post=17192"},{"taxonomy":"product_tag","embeddable":true,"href":"https:\/\/poppersparadise.eu\/de\/wp-json\/wp\/v2\/product_tag?post=17192"}],"curies":[{"name":"wp","href":"https:\/\/api.w.org\/{rel}","templated":true}]}}