{"id":15605,"date":"2025-03-26T18:46:24","date_gmt":"2025-03-26T17:46:24","guid":{"rendered":"https:\/\/poppersparadise.eu\/?post_type=product&#038;p=15605"},"modified":"2026-02-26T12:35:25","modified_gmt":"2026-02-26T11:35:25","slug":"eilige-knallbonbons-party-pack-5-x-24ml","status":"publish","type":"product","link":"https:\/\/poppersparadise.eu\/de\/product\/rush-poppers-party-pack-5-x-24ml\/","title":{"rendered":"Rush Party Pack 5 x 24ml + Gratis XTRM SNFFR"},"content":{"rendered":"<h2 class=\"wp-block-heading\">Erstellen Sie Ihr eigenes Rush Party Pack<\/h2>\n\n\n\n<p>Vervollst\u00e4ndigen Sie Ihre Party mit dem <strong>Rush Poppers Party-Pack 5 x 24ml<\/strong>! W\u00e4hlen Sie Ihre eigenen f\u00fcnf Flaschen Rush 24ml aus unserer umfangreichen Liste verschiedener Sorten. Verleihen Sie Ihrer Party eine pers\u00f6nliche Note mit Ihren Lieblingssorten Rush. Profitieren Sie au\u00dferdem von einem kostenlosen <strong><strong><strong><strong>XTRM SNFFR<\/strong><\/strong> <strong>im Wert von \u20ac9,95<\/strong><\/strong><\/strong> mit Ihrem Kauf <strong>UND erhalten Sie 15% extra Rabatt<\/strong> pro Flasche!<\/p>\n\n\n\n<h3 class=\"wp-block-heading\"><strong>W\u00e4hlen Sie aus Ihren Lieblingssorten:<\/strong><\/h3>\n\n\n\n<ul class=\"wp-block-list\">\n<li>Rush Butanol Black Label 24ml<\/li>\n\n\n\n<li>Gold Rush 24ml<\/li>\n\n\n\n<li>Rush 24ml<\/li>\n\n\n\n<li>Rush Imperial Gold 24ml<\/li>\n\n\n\n<li>Rush Amyl 24ml<\/li>\n\n\n\n<li>Rush Butanol 24ml<\/li>\n\n\n\n<li>Super Rush Black Label 24ml<\/li>\n\n\n\n<li>Rush Copper Deluxe 24ml<\/li>\n\n\n\n<li>Super Rush Cosmic Power 24ml<\/li>\n\n\n\n<li>Super Rush 24ml<\/li>\n\n\n\n<li>Rush Zero Red Distilled 24ml<\/li>\n\n\n\n<li>Rush Zero 24ml<\/li>\n\n\n\n<li>Rush Brut Premium 24ml<\/li>\n<\/ul>\n\n\n\n<h3 class=\"wp-block-heading\">Zus\u00e4tzliche Leistungen<\/h3>\n\n\n\n<ul class=\"wp-block-list\">\n<li><strong>Extras inklusive:<\/strong> XTRM SNFFR gratis zu Ihrer Bestellung.<\/li>\n\n\n\n<li><strong>Einzigartiger Rabatt:<\/strong> Sie erhalten 15% zus\u00e4tzlichen Rabatt pro Flasche, wenn Sie dieses Produkt kaufen.<\/li>\n<\/ul>\n\n\n\n<h3 class=\"wp-block-heading\">Wie funktioniert das?<\/h3>\n\n\n\n<p>W\u00e4hlen Sie einfach zehn Flaschen aus der Liste aus und stellen Sie Ihr pers\u00f6nliches Paket zusammen. Perfekt, um es zu teilen oder in besonderen Momenten selbst zu genie\u00dfen.<\/p>\n\n\n\n<h3 class=\"wp-block-heading\">Wichtig zu wissen<\/h3>\n\n\n\n<p>Verwenden Sie diese Produkte nur als Duftzerst\u00e4uber oder Reinigungsl\u00f6ser. Sie sind nicht f\u00fcr den menschlichen Verzehr geeignet und sollten nicht eingeatmet werden. Bewahren Sie die Flaschen an einem k\u00fchlen, dunklen Ort auf und verschlie\u00dfen Sie sie nach Gebrauch fest.<\/p>\n\n\n\n<h3 class=\"wp-block-heading\">Warnungen<\/h3>\n\n\n\n<ul class=\"wp-block-list\">\n<li>Fl\u00fcssigkeit und Dampf leicht entz\u00fcndbar (H225).<\/li>\n\n\n\n<li>Verursacht Haut- und Augenreizungen (H315\/H319).<\/li>\n\n\n\n<li>Giftig beim Einatmen (H331).<\/li>\n\n\n\n<li>Nur nach Vorschrift verwenden.<\/li>\n<\/ul>\n\n\n\n<h3 class=\"wp-block-heading\">Lagerung<\/h3>\n\n\n\n<p>An einem k\u00fchlen und trockenen Ort aufbewahren. Au\u00dferhalb der Reichweite von Kindern aufbewahren.<\/p>\n\n\n\n<h3 class=\"wp-block-heading\">Herkunftsland<\/h3>\n\n\n\n<p>EU.<\/p>\n\n\n\n<p>Stellen Sie sich noch heute Ihr eigenes Rush Party Pack zusammen und entdecken Sie die Vielseitigkeit dieser hochwertigen Duftzerst\u00e4uber!<\/p>","protected":false},"excerpt":{"rendered":"<p><strong><br \/>KOMPATIBLES ZUBEH\u00d6R:<\/strong><\/p>\n<ul>\n<li><a href=\"https:\/\/poppersparadise.eu\/de\/produktkategorie\/zubehor\/schnuffler-gros\/\">Schn\u00fcffler Gro\u00df<\/a><\/li>\n<li><a href=\"https:\/\/poppersparadise.eu\/de\/produkt\/xtrm-poppers-halter-gros-2\/\">XTRM Poppers Halterung Gro\u00df<\/a><\/li>\n<li><a href=\"https:\/\/poppersparadise.eu\/de\/produkt\/xtrm-poppers-keeper-gros-24ml\/\">XTRM Poppers Keeper gro\u00df<\/a><\/li>\n<\/ul>","protected":false},"featured_media":15740,"comment_status":"open","ping_status":"closed","template":"","meta":{"_acf_changed":false},"product_brand":[751],"product_cat":[33],"product_tag":[],"class_list":{"0":"post-15605","1":"product","2":"type-product","3":"status-publish","4":"has-post-thumbnail","6":"product_brand-rush","7":"product_cat-party-packs","9":"first","10":"instock","11":"sale","12":"taxable","13":"shipping-taxable","14":"purchasable","15":"product-type-composite"},"acf":[],"df_price":29.95,"df_sale_price":29.95,"df_regular_price":44.7,"df_image_link":"https:\/\/poppersparadise.eu\/wp-content\/uploads\/2025\/03\/5x-Large-Pack-Rush-4-300x300.jpg","_links":{"self":[{"href":"https:\/\/poppersparadise.eu\/de\/wp-json\/wp\/v2\/product\/15605","targetHints":{"allow":["GET"]}}],"collection":[{"href":"https:\/\/poppersparadise.eu\/de\/wp-json\/wp\/v2\/product"}],"about":[{"href":"https:\/\/poppersparadise.eu\/de\/wp-json\/wp\/v2\/types\/product"}],"replies":[{"embeddable":true,"href":"https:\/\/poppersparadise.eu\/de\/wp-json\/wp\/v2\/comments?post=15605"}],"wp:featuredmedia":[{"embeddable":true,"href":"https:\/\/poppersparadise.eu\/de\/wp-json\/wp\/v2\/media\/15740"}],"wp:attachment":[{"href":"https:\/\/poppersparadise.eu\/de\/wp-json\/wp\/v2\/media?parent=15605"}],"wp:term":[{"taxonomy":"product_brand","embeddable":true,"href":"https:\/\/poppersparadise.eu\/de\/wp-json\/wp\/v2\/product_brand?post=15605"},{"taxonomy":"product_cat","embeddable":true,"href":"https:\/\/poppersparadise.eu\/de\/wp-json\/wp\/v2\/product_cat?post=15605"},{"taxonomy":"product_tag","embeddable":true,"href":"https:\/\/poppersparadise.eu\/de\/wp-json\/wp\/v2\/product_tag?post=15605"}],"curies":[{"name":"wp","href":"https:\/\/api.w.org\/{rel}","templated":true}]}}