{"id":12985,"date":"2024-11-26T12:46:56","date_gmt":"2024-11-26T11:46:56","guid":{"rendered":"https:\/\/poppersparadise.eu\/?post_type=product&#038;p=12985"},"modified":"2026-04-19T17:09:00","modified_gmt":"2026-04-19T15:09:00","slug":"berlin-x-hard-poppers-24ml","status":"publish","type":"product","link":"https:\/\/poppersparadise.eu\/de\/product\/berlin-x-hard-poppers-24ml\/","title":{"rendered":"Berlin X-Hard 24ml"},"content":{"rendered":"<h2 class=\"wp-block-heading\">Entfesseln Sie die Kraft mit Berlin X-Hard Poppers 24ml<\/h2>\n\n\n\n<p>Entdecken Sie das einzigartige Dufterlebnis von Berlin X-Hard Poppers 24ml. Mit hochwertigem Propylnitrit formuliert, bietet dieser Duftdiffusor einen intensiven und lang anhaltenden Duft, der perfekt f\u00fcr besondere Anl\u00e4sse ist. Ideal f\u00fcr alle, die ein starkes und unverwechselbares Dufterlebnis suchen.<\/p>\n\n\n\n<h3 class=\"wp-block-heading\">Warum Berlin X-Hard Poppers 24ml?<\/h3>\n\n\n\n<ul class=\"wp-block-list\">\n<li><strong>Kosteng\u00fcnstige Optionen f\u00fcr gro\u00dfe Mengen<\/strong>: Profitieren Sie von attraktiven Rabatten bei gr\u00f6\u00dferen Eink\u00e4ufen.<\/li>\n\n\n\n<li><strong>Einzigartiges Dufterlebnis<\/strong>: Speziell entwickelt, um einen intensiven und lang anhaltenden Duft zu verbreiten.<\/li>\n\n\n\n<li><strong>Ausgezeichneter Wert<\/strong>: Mit einem gro\u00dfz\u00fcgigen Fassungsverm\u00f6gen von 24 ml werden Sie diesen hochwertigen Duftzerst\u00e4uber lange genie\u00dfen k\u00f6nnen.<\/li>\n<\/ul>\n\n\n\n<h3 class=\"wp-block-heading\">Anweisungen f\u00fcr den Gebrauch<\/h3>\n\n\n\n<ul class=\"wp-block-list\">\n<li><strong>Speichern Sie<\/strong>: Vor direkter Sonneneinstrahlung und Hitze sch\u00fctzen, um die Qualit\u00e4t zu erhalten.<\/li>\n\n\n\n<li><strong>Sicherheit<\/strong>: Leicht entz\u00fcndlich, mit Vorsicht zu verwenden.<\/li>\n\n\n\n<li><strong>Nur f\u00fcr Erwachsene<\/strong>: Nicht geeignet f\u00fcr Minderj\u00e4hrige.<\/li>\n\n\n\n<li><strong>Vorsicht bei der Verwendung<\/strong>\u00d6ffnen Sie die Flasche an einem gut bel\u00fcfteten Ort und verschlie\u00dfen Sie sie nach dem Gebrauch wieder fest, um Verdunstung zu vermeiden.<\/li>\n<\/ul>\n\n\n\n<h3 class=\"wp-block-heading\">Wichtig zu wissen<\/h3>\n\n\n\n<p>Dieses Produkt ist nur zur Verwendung als Duftzerst\u00e4uber oder Reinigungsmittel bestimmt. Es ist nicht zum Verzehr oder f\u00fcr den direkten Kontakt mit der Haut geeignet. Lagern Sie das Produkt an einem k\u00fchlen, trockenen Ort und verschlie\u00dfen Sie die Flasche nach Gebrauch fest.<\/p>\n\n\n\n<h3 class=\"wp-block-heading\">Warnungen<\/h3>\n\n\n\n<ul class=\"wp-block-list\">\n<li>Fl\u00fcssigkeit und Dampf leicht entz\u00fcndbar (H225).<\/li>\n\n\n\n<li>Kann Haut- und Augenreizungen verursachen (H315\/H319).<\/li>\n\n\n\n<li>Giftig beim Einatmen (H331).<\/li>\n\n\n\n<li>Keine Medikamente.<\/li>\n\n\n\n<li>Nur nach Vorschrift verwenden.<\/li>\n<\/ul>\n\n\n\n<h3 class=\"wp-block-heading\">Lagerung<\/h3>\n\n\n\n<p>An einem k\u00fchlen und trockenen Ort aufbewahren. Au\u00dferhalb der Reichweite von Kindern aufbewahren.<\/p>\n\n\n\n<h3 class=\"wp-block-heading\">Herkunftsland<\/h3>\n\n\n\n<p>Frankreich<\/p>","protected":false},"excerpt":{"rendered":"<p><strong><br \/>KOMPATIBLES ZUBEH\u00d6R:<\/strong><\/p>\n<ul>\n<li><a href=\"https:\/\/poppersparadise.eu\/de\/produktkategorie\/zubehor\/schnuffler-gros\/\">Schn\u00fcffler Gro\u00df<\/a><\/li>\n<li><a href=\"https:\/\/poppersparadise.eu\/de\/produkt\/xtrm-poppers-halter-gros-2\/\">XTRM Poppers Halterung Gro\u00df<\/a><\/li>\n<li><a href=\"https:\/\/poppersparadise.eu\/de\/produkt\/xtrm-poppers-keeper-gros-24ml\/\">XTRM Poppers Keeper gro\u00df<\/a><\/li>\n<\/ul>","protected":false},"featured_media":12986,"comment_status":"open","ping_status":"closed","template":"","meta":{"_acf_changed":false},"product_brand":[739],"product_cat":[35],"product_tag":[],"class_list":{"0":"post-12985","1":"product","2":"type-product","3":"status-publish","4":"has-post-thumbnail","6":"product_brand-berlin","7":"product_cat-grote-flesjes-poppers","9":"first","10":"instock","11":"taxable","12":"shipping-taxable","13":"purchasable","14":"product-type-simple"},"acf":[],"df_price":6.95,"df_sale_price":"","df_regular_price":6.95,"df_image_link":"https:\/\/poppersparadise.eu\/wp-content\/uploads\/2024\/11\/BH24-300x300.webp","_links":{"self":[{"href":"https:\/\/poppersparadise.eu\/de\/wp-json\/wp\/v2\/product\/12985","targetHints":{"allow":["GET"]}}],"collection":[{"href":"https:\/\/poppersparadise.eu\/de\/wp-json\/wp\/v2\/product"}],"about":[{"href":"https:\/\/poppersparadise.eu\/de\/wp-json\/wp\/v2\/types\/product"}],"replies":[{"embeddable":true,"href":"https:\/\/poppersparadise.eu\/de\/wp-json\/wp\/v2\/comments?post=12985"}],"wp:featuredmedia":[{"embeddable":true,"href":"https:\/\/poppersparadise.eu\/de\/wp-json\/wp\/v2\/media\/12986"}],"wp:attachment":[{"href":"https:\/\/poppersparadise.eu\/de\/wp-json\/wp\/v2\/media?parent=12985"}],"wp:term":[{"taxonomy":"product_brand","embeddable":true,"href":"https:\/\/poppersparadise.eu\/de\/wp-json\/wp\/v2\/product_brand?post=12985"},{"taxonomy":"product_cat","embeddable":true,"href":"https:\/\/poppersparadise.eu\/de\/wp-json\/wp\/v2\/product_cat?post=12985"},{"taxonomy":"product_tag","embeddable":true,"href":"https:\/\/poppersparadise.eu\/de\/wp-json\/wp\/v2\/product_tag?post=12985"}],"curies":[{"name":"wp","href":"https:\/\/api.w.org\/{rel}","templated":true}]}}