{"id":12977,"date":"2024-11-25T12:41:32","date_gmt":"2024-11-25T11:41:32","guid":{"rendered":"https:\/\/poppersparadise.eu\/?post_type=product&#038;p=12977"},"modified":"2026-02-26T12:35:14","modified_gmt":"2026-02-26T11:35:14","slug":"rush-imperial-gold-poppers-10ml","status":"publish","type":"product","link":"https:\/\/poppersparadise.eu\/de\/product\/rush-imperial-gold-poppers-10ml\/","title":{"rendered":"Rush Imperial Gold 10ml"},"content":{"rendered":"<h2 class=\"wp-block-heading\">Rush Imperial Gold Poppers 10ml<\/h2>\n\n\n\n<p>Entfesseln Sie belebende Aromen mit Rush Imperial Gold Poppers 10ml - ein Tor zu unvergleichlicher Entspannung und verbesserten sozialen Erfahrungen. Mit einem Fassungsverm\u00f6gen von 10 ml bietet dieser Flakon einen einfachen Zugang zu einer Welt der Ruhe und des Komforts, egal ob Sie sich nach einem anstrengenden Tag entspannen oder sich auf eine energiegeladene Nacht einstimmen m\u00f6chten.<\/p>\n\n\n\n<h3 class=\"wp-block-heading\">Produktspezifikationen<\/h3>\n\n\n\n<ul class=\"wp-block-list\">\n<li><strong>Aktiver Inhaltsstoff<\/strong>: Isopentylnitrit<\/li>\n\n\n\n<li><strong>Band<\/strong>: 10ml<\/li>\n<\/ul>\n\n\n\n<h3 class=\"wp-block-heading\">Vorteile und Merkmale<\/h3>\n\n\n\n<ul class=\"wp-block-list\">\n<li><strong>Schnell wirkend<\/strong>Lang anhaltende Duftdiffusion f\u00fcr sofortige Linderung.<\/li>\n\n\n\n<li><strong>Belebende Aromen<\/strong>: Eine einzigartige Mischung f\u00fcr jede Vorliebe.<\/li>\n\n\n\n<li><strong>Entspannung und Interaktion<\/strong>Erh\u00f6ht den Komfort und die soziale Interaktion.<\/li>\n\n\n\n<li><strong>Beruhigend<\/strong>: F\u00f6rdert eine stressfreie und ruhige Umgebung.<\/li>\n<\/ul>\n\n\n\n<h3 class=\"wp-block-heading\">Warum w\u00e4hlen Sie Rush Imperial Gold Poppers 10ml?<\/h3>\n\n\n\n<p>Diese Popper wurden f\u00fcr Popper-Liebhaber und Fans des Nachtlebens entwickelt und bieten mehr als nur ein kurzes Vergn\u00fcgen. Sie verbinden Innovation mit Tradition, inspiriert durch den legend\u00e4ren PWD Rush Popper. Egal, ob Sie auf der Suche nach pers\u00f6nlicher Entspannung oder einem einzigartigen Geschenk f\u00fcr andere Liebhaber sind, diese Popper bieten ein Erlebnis, das es wert ist, geteilt zu werden.<\/p>\n\n\n\n<p>Profitieren Sie von unseren attraktiven Rabatten bei Gro\u00dfeink\u00e4ufen und teilen Sie ein unvergessliches Erlebnis mit Freunden und Familie.<\/p>\n\n\n\n<h3 class=\"wp-block-heading\">Wichtig zu wissen<\/h3>\n\n\n\n<p>Dieses Produkt ist nur f\u00fcr die Verwendung als Duftzerst\u00e4uber oder Reinigungsmittel bestimmt. Es ist nicht f\u00fcr den menschlichen Verzehr oder zum Einatmen geeignet. Lagern Sie das Produkt an einem k\u00fchlen, dunklen Ort und verschlie\u00dfen Sie die Flasche nach Gebrauch fest.<\/p>\n\n\n\n<h3 class=\"wp-block-heading\">Warnungen<\/h3>\n\n\n\n<ul class=\"wp-block-list\">\n<li>Fl\u00fcssigkeit und Dampf leicht entz\u00fcndbar (H225).<\/li>\n\n\n\n<li>Verursacht Haut- und Augenreizungen (H315\/H319).<\/li>\n\n\n\n<li>Giftig beim Einatmen (H331).<\/li>\n\n\n\n<li>Keine Medikamente.<\/li>\n\n\n\n<li>Nur nach Vorschrift verwenden.<\/li>\n<\/ul>\n\n\n\n<h3 class=\"wp-block-heading\">Lagerung<\/h3>\n\n\n\n<p>An einem k\u00fchlen und trockenen Ort aufbewahren. Au\u00dferhalb der Reichweite von Kindern aufbewahren.<\/p>\n\n\n\n<h3 class=\"wp-block-heading\">Herkunftsland<\/h3>\n\n\n\n<p>Frankreich<\/p>","protected":false},"excerpt":{"rendered":"<p><strong><br \/>KOMPATIBLES ZUBEH\u00d6R:<\/strong><\/p>\n<ul>\n<li><a href=\"https:\/\/poppersparadise.eu\/de\/produktkategorie\/zubehor\/schnuffler-klein\/\">Schn\u00fcffler Klein<\/a><\/li>\n<li><a href=\"https:\/\/poppersparadise.eu\/de\/produkt\/xtrm-poppers-houder-zwart-small\/\">XTRM Poppers Halterung Klein<\/a><\/li>\n<li><a href=\"https:\/\/poppersparadise.eu\/de\/produkt\/xtrm-poppers-keeper-klein-10ml\/\">XTRM Poppers Keeper Klein<\/a><\/li>\n<\/ul>","protected":false},"featured_media":12982,"comment_status":"open","ping_status":"closed","template":"","meta":{"_acf_changed":false},"product_brand":[751],"product_cat":[34],"product_tag":[],"class_list":{"0":"post-12977","1":"product","2":"type-product","3":"status-publish","4":"has-post-thumbnail","6":"product_brand-rush","7":"product_cat-kleine-flesjes-poppers","9":"first","10":"instock","11":"taxable","12":"shipping-taxable","13":"purchasable","14":"product-type-simple"},"acf":[],"df_price":5.75,"df_sale_price":"","df_regular_price":5.75,"df_image_link":"https:\/\/poppersparadise.eu\/wp-content\/uploads\/2024\/11\/RIG10-300x300.webp","_links":{"self":[{"href":"https:\/\/poppersparadise.eu\/de\/wp-json\/wp\/v2\/product\/12977","targetHints":{"allow":["GET"]}}],"collection":[{"href":"https:\/\/poppersparadise.eu\/de\/wp-json\/wp\/v2\/product"}],"about":[{"href":"https:\/\/poppersparadise.eu\/de\/wp-json\/wp\/v2\/types\/product"}],"replies":[{"embeddable":true,"href":"https:\/\/poppersparadise.eu\/de\/wp-json\/wp\/v2\/comments?post=12977"}],"wp:featuredmedia":[{"embeddable":true,"href":"https:\/\/poppersparadise.eu\/de\/wp-json\/wp\/v2\/media\/12982"}],"wp:attachment":[{"href":"https:\/\/poppersparadise.eu\/de\/wp-json\/wp\/v2\/media?parent=12977"}],"wp:term":[{"taxonomy":"product_brand","embeddable":true,"href":"https:\/\/poppersparadise.eu\/de\/wp-json\/wp\/v2\/product_brand?post=12977"},{"taxonomy":"product_cat","embeddable":true,"href":"https:\/\/poppersparadise.eu\/de\/wp-json\/wp\/v2\/product_cat?post=12977"},{"taxonomy":"product_tag","embeddable":true,"href":"https:\/\/poppersparadise.eu\/de\/wp-json\/wp\/v2\/product_tag?post=12977"}],"curies":[{"name":"wp","href":"https:\/\/api.w.org\/{rel}","templated":true}]}}