{"id":12961,"date":"2024-11-25T12:05:03","date_gmt":"2024-11-25T11:05:03","guid":{"rendered":"https:\/\/poppersparadise.eu\/?post_type=product&#038;p=12961"},"modified":"2026-04-19T17:08:58","modified_gmt":"2026-04-19T15:08:58","slug":"eisenfaust-schwarzes-etikett-poppers-10ml","status":"publish","type":"product","link":"https:\/\/poppersparadise.eu\/de\/product\/iron-fist-black-label-poppers-10ml\/","title":{"rendered":"Iron Fist Black Label 10ml"},"content":{"rendered":"<h2 class=\"wp-block-heading\">Entdecken Sie die Sensation von Iron Fist Black Label Poppers 10ml<\/h2>\n\n\n\n<p>Machen Sie sich bereit f\u00fcr ein einzigartiges Dufterlebnis mit Iron Fist Black Label Poppers 10ml. Dieser Duftzerst\u00e4uber wurde speziell f\u00fcr diejenigen entwickelt, die ein intensives und anspruchsvolles Ambiente suchen, und bietet ein starkes und lang anhaltendes Dufterlebnis.<\/p>\n\n\n\n<h3 class=\"wp-block-heading\">Was macht die Iron Fist so besonders?<\/h3>\n\n\n\n<ul class=\"wp-block-list\">\n<li><strong>Kraftvoller Mix<\/strong>: Eine einzigartige Kombination aus Pentylnitrit und Isoamylnitrit f\u00fcr ein vielseitiges Dufterlebnis.<\/li>\n\n\n\n<li><strong>Bequemes Format<\/strong>: 10 ml in einer schlanken Metallflasche, ideal f\u00fcr unterwegs.<\/li>\n\n\n\n<li><strong>Schnelle, intensive Duftverbreitung<\/strong>Sp\u00fcren Sie die Wirkung innerhalb weniger Minuten, um die Stimmung zu heben.<\/li>\n\n\n\n<li><strong>Verbessertes Ambiente<\/strong>: Schaffen Sie eine entspannte und besondere Atmosph\u00e4re.<\/li>\n\n\n\n<li><strong>Wirtschaftliche Nutzung<\/strong>Dank der hohen Wirksamkeit von Isoamylnitrit wird nur eine geringe Menge ben\u00f6tigt.<\/li>\n<\/ul>\n\n\n\n<h3 class=\"wp-block-heading\">Ein genauerer Blick auf die Inhaltsstoffe<\/h3>\n\n\n\n<ul class=\"wp-block-list\">\n<li><strong>Isoamylnitrit<\/strong>: Bekannt f\u00fcr seine starke und lang anhaltende Duftverbreitung, ideal f\u00fcr ein intensives Erlebnis.<\/li>\n\n\n\n<li><strong>Pentylnitrit<\/strong>Eine mildere Variante, ideal f\u00fcr Anf\u00e4nger, mit minimalem Risiko von Nebenwirkungen.<\/li>\n<\/ul>\n\n\n\n<h3 class=\"wp-block-heading\">Wichtig zu wissen<\/h3>\n\n\n\n<p>Dieses Produkt ist nur f\u00fcr die Verwendung als Duftzerst\u00e4uber oder Reinigungsmittel bestimmt. Es ist nicht f\u00fcr den menschlichen Verzehr oder zum Einatmen geeignet. Lagern Sie das Produkt an einem k\u00fchlen, dunklen Ort und verschlie\u00dfen Sie die Flasche nach Gebrauch fest.<\/p>\n\n\n\n<h3 class=\"wp-block-heading\">Warnungen<\/h3>\n\n\n\n<ul class=\"wp-block-list\">\n<li>Fl\u00fcssigkeit und Dampf leicht entz\u00fcndbar (H225).<\/li>\n\n\n\n<li>Verursacht Haut- und Augenreizungen (H315\/H319).<\/li>\n\n\n\n<li>Giftig beim Einatmen (H331).<\/li>\n\n\n\n<li>Keine Medikamente.<\/li>\n\n\n\n<li>Nur nach Vorschrift verwenden.<\/li>\n<\/ul>\n\n\n\n<h3 class=\"wp-block-heading\">Lagerung<\/h3>\n\n\n\n<p>An einem k\u00fchlen und trockenen Ort aufbewahren. Au\u00dferhalb der Reichweite von Kindern aufbewahren.<\/p>\n\n\n\n<h3 class=\"wp-block-heading\">Herkunftsland<\/h3>\n\n\n\n<p>Frankreich<\/p>\n\n\n\n<p><\/p>","protected":false},"excerpt":{"rendered":"<p><strong><br \/>KOMPATIBLES ZUBEH\u00d6R:<\/strong><\/p>\n<ul>\n<li><a href=\"https:\/\/poppersparadise.eu\/de\/produktkategorie\/zubehor\/schnuffler-klein\/\">Schn\u00fcffler Klein<\/a><\/li>\n<li><a href=\"https:\/\/poppersparadise.eu\/de\/produkt\/xtrm-poppers-houder-zwart-small\/\">XTRM Poppers Halterung Klein<\/a><\/li>\n<li><a href=\"https:\/\/poppersparadise.eu\/de\/produkt\/xtrm-poppers-keeper-klein-10ml\/\">XTRM Poppers Keeper Klein<\/a><\/li>\n<\/ul>","protected":false},"featured_media":12962,"comment_status":"open","ping_status":"closed","template":"","meta":{"_acf_changed":false},"product_brand":[742],"product_cat":[34],"product_tag":[],"class_list":{"0":"post-12961","1":"product","2":"type-product","3":"status-publish","4":"has-post-thumbnail","6":"product_brand-iron-fist","7":"product_cat-kleine-flesjes-poppers","9":"first","10":"instock","11":"taxable","12":"shipping-taxable","13":"purchasable","14":"product-type-simple"},"acf":[],"df_price":5.75,"df_sale_price":"","df_regular_price":5.75,"df_image_link":"https:\/\/poppersparadise.eu\/wp-content\/uploads\/2024\/11\/IFBL10-300x300.webp","_links":{"self":[{"href":"https:\/\/poppersparadise.eu\/de\/wp-json\/wp\/v2\/product\/12961","targetHints":{"allow":["GET"]}}],"collection":[{"href":"https:\/\/poppersparadise.eu\/de\/wp-json\/wp\/v2\/product"}],"about":[{"href":"https:\/\/poppersparadise.eu\/de\/wp-json\/wp\/v2\/types\/product"}],"replies":[{"embeddable":true,"href":"https:\/\/poppersparadise.eu\/de\/wp-json\/wp\/v2\/comments?post=12961"}],"wp:featuredmedia":[{"embeddable":true,"href":"https:\/\/poppersparadise.eu\/de\/wp-json\/wp\/v2\/media\/12962"}],"wp:attachment":[{"href":"https:\/\/poppersparadise.eu\/de\/wp-json\/wp\/v2\/media?parent=12961"}],"wp:term":[{"taxonomy":"product_brand","embeddable":true,"href":"https:\/\/poppersparadise.eu\/de\/wp-json\/wp\/v2\/product_brand?post=12961"},{"taxonomy":"product_cat","embeddable":true,"href":"https:\/\/poppersparadise.eu\/de\/wp-json\/wp\/v2\/product_cat?post=12961"},{"taxonomy":"product_tag","embeddable":true,"href":"https:\/\/poppersparadise.eu\/de\/wp-json\/wp\/v2\/product_tag?post=12961"}],"curies":[{"name":"wp","href":"https:\/\/api.w.org\/{rel}","templated":true}]}}