{"id":12254,"date":"2024-11-05T12:44:54","date_gmt":"2024-11-05T11:44:54","guid":{"rendered":"https:\/\/poppersparadise.eu\/?post_type=product&#038;p=12254"},"modified":"2026-03-30T11:36:28","modified_gmt":"2026-03-30T09:36:28","slug":"rush-imperial-gold-poppers-24ml","status":"publish","type":"product","link":"https:\/\/poppersparadise.eu\/de\/product\/rush-imperial-gold-poppers-24ml\/","title":{"rendered":"Rush Imperial Gold 24ml"},"content":{"rendered":"<h2 class=\"wp-block-heading\">Rush Imperial Gold 24ml<\/h2>\n\n\n\n<p>Entfesseln Sie belebende Aromen mit Rush Imperial Gold 24ml Poppers, einem Duftzerst\u00e4uber, der sich perfekt f\u00fcr alle eignet, die nach Entspannung und einem besseren Ambiente suchen. Mit einer Kapazit\u00e4t von 24 ml bietet dieser Flakon ein lang anhaltendes Dufterlebnis, ideal f\u00fcr ruhige Abende zu Hause.<\/p>\n\n\n\n<h3 class=\"wp-block-heading\">Produktspezifikationen<\/h3>\n\n\n\n<ul class=\"wp-block-list\">\n<li><strong>Aktiver Inhaltsstoff<\/strong>: Isopentylnitrit<\/li>\n\n\n\n<li><strong>Band<\/strong>: 24 ml<\/li>\n<\/ul>\n\n\n\n<h3 class=\"wp-block-heading\">Nutzen und Auswirkungen<\/h3>\n\n\n\n<ul class=\"wp-block-list\">\n<li>Schnell wirkend mit lang anhaltender Geruchsdiffusion<\/li>\n\n\n\n<li>Eine Vielzahl von belebenden Aromen f\u00fcr jede Vorliebe<\/li>\n\n\n\n<li>F\u00f6rdert die Entspannung und eine angenehme Atmosph\u00e4re<\/li>\n<\/ul>\n\n\n\n<h3 class=\"wp-block-heading\">Warum sollte man sich f\u00fcr Rush Imperial Gold 24ml entscheiden?<\/h3>\n\n\n\n<ul class=\"wp-block-list\">\n<li>Speziell f\u00fcr Kenner und Liebhaber von Duftzerst\u00e4ubern entwickelt<\/li>\n\n\n\n<li>Verbindet Innovation mit Tradition, inspiriert durch den legend\u00e4ren PWD Rush Popper<\/li>\n\n\n\n<li>Ideal zur pers\u00f6nlichen Entspannung oder als einzigartiges Geschenk f\u00fcr Freunde und Familie<\/li>\n\n\n\n<li>Erh\u00e4ltlich mit attraktiven Gro\u00dfabnehmerrabatten<\/li>\n<\/ul>\n\n\n\n<h3 class=\"wp-block-heading\">Wichtig zu wissen<\/h3>\n\n\n\n<ul class=\"wp-block-list\">\n<li>Dieses Produkt ist nur zur Verwendung als Duftstoffdiffusor oder Reinigungsmittel bestimmt.<\/li>\n\n\n\n<li>Es ist nicht f\u00fcr den menschlichen Verzehr oder zum Einatmen geeignet.<\/li>\n\n\n\n<li>Vermeiden Sie den Kontakt mit Medikamenten gegen erektile Dysfunktion.<\/li>\n\n\n\n<li>Wegen der \u00e4tzenden Eigenschaften direkten Hautkontakt vermeiden.<\/li>\n\n\n\n<li>An einem k\u00fchlen, dunklen Ort aufbewahren und die Flasche nach Gebrauch fest verschlie\u00dfen.<\/li>\n<\/ul>\n\n\n\n<h3 class=\"wp-block-heading\">Warnungen<\/h3>\n\n\n\n<ul class=\"wp-block-list\">\n<li>Leichtentz\u00fcndliche Fl\u00fcssigkeit und Dampf (H225)<\/li>\n\n\n\n<li>Verursacht Haut- und Augenreizungen (H315\/H319)<\/li>\n\n\n\n<li>Giftig beim Einatmen (H331)<\/li>\n\n\n\n<li>Keine Medikamente<\/li>\n\n\n\n<li>Nur nach Vorschrift verwenden<\/li>\n<\/ul>\n\n\n\n<h3 class=\"wp-block-heading\">Lagerung<\/h3>\n\n\n\n<ul class=\"wp-block-list\">\n<li>K\u00fchl und trocken lagern.<\/li>\n\n\n\n<li>Au\u00dferhalb der Reichweite von Kindern aufbewahren.<\/li>\n<\/ul>\n\n\n\n<h3 class=\"wp-block-heading\">Herkunftsland<\/h3>\n\n\n\n<p>Luxemburg<\/p>","protected":false},"excerpt":{"rendered":"<p><strong><br \/>KOMPATIBLES ZUBEH\u00d6R:<\/strong><\/p>\n<ul>\n<li><a href=\"https:\/\/poppersparadise.eu\/de\/produktkategorie\/zubehor\/schnuffler-gros\/\">Schn\u00fcffler Gro\u00df<\/a><\/li>\n<li><a href=\"https:\/\/poppersparadise.eu\/de\/produkt\/xtrm-poppers-halter-gros-2\/\">XTRM Poppers Halterung Gro\u00df<\/a><\/li>\n<li><a href=\"https:\/\/poppersparadise.eu\/de\/produkt\/xtrm-poppers-keeper-gros-24ml\/\">XTRM Poppers Keeper gro\u00df<\/a><\/li>\n<\/ul>","protected":false},"featured_media":12255,"comment_status":"open","ping_status":"closed","template":"","meta":{"_acf_changed":false},"product_brand":[751],"product_cat":[35],"product_tag":[],"class_list":{"0":"post-12254","1":"product","2":"type-product","3":"status-publish","4":"has-post-thumbnail","6":"product_brand-rush","7":"product_cat-grote-flesjes-poppers","9":"first","10":"instock","11":"taxable","12":"shipping-taxable","13":"purchasable","14":"product-type-simple"},"acf":[],"df_price":6.95,"df_sale_price":"","df_regular_price":6.95,"df_image_link":"https:\/\/poppersparadise.eu\/wp-content\/uploads\/2024\/11\/RIG24-300x300.webp","_links":{"self":[{"href":"https:\/\/poppersparadise.eu\/de\/wp-json\/wp\/v2\/product\/12254","targetHints":{"allow":["GET"]}}],"collection":[{"href":"https:\/\/poppersparadise.eu\/de\/wp-json\/wp\/v2\/product"}],"about":[{"href":"https:\/\/poppersparadise.eu\/de\/wp-json\/wp\/v2\/types\/product"}],"replies":[{"embeddable":true,"href":"https:\/\/poppersparadise.eu\/de\/wp-json\/wp\/v2\/comments?post=12254"}],"wp:featuredmedia":[{"embeddable":true,"href":"https:\/\/poppersparadise.eu\/de\/wp-json\/wp\/v2\/media\/12255"}],"wp:attachment":[{"href":"https:\/\/poppersparadise.eu\/de\/wp-json\/wp\/v2\/media?parent=12254"}],"wp:term":[{"taxonomy":"product_brand","embeddable":true,"href":"https:\/\/poppersparadise.eu\/de\/wp-json\/wp\/v2\/product_brand?post=12254"},{"taxonomy":"product_cat","embeddable":true,"href":"https:\/\/poppersparadise.eu\/de\/wp-json\/wp\/v2\/product_cat?post=12254"},{"taxonomy":"product_tag","embeddable":true,"href":"https:\/\/poppersparadise.eu\/de\/wp-json\/wp\/v2\/product_tag?post=12254"}],"curies":[{"name":"wp","href":"https:\/\/api.w.org\/{rel}","templated":true}]}}