{"id":10,"date":"2024-11-13T09:32:16","date_gmt":"2024-11-13T08:32:16","guid":{"rendered":"https:\/\/poppersparadise.eu\/?page_id=10"},"modified":"2025-09-11T14:02:30","modified_gmt":"2025-09-11T12:02:30","slug":"versand-und-widerrufsrecht","status":"publish","type":"page","link":"https:\/\/poppersparadise.eu\/de\/verzenden-en-herroepingsrecht\/","title":{"rendered":"Versand &amp; Widerrufsrecht"},"content":{"rendered":"<h2 class=\"wp-block-heading\"><\/h2>\n\n\n\n<p>Bei PoppersParadise haben Sie das Recht, einen Artikel innerhalb von 14 Tagen ohne Angabe von Gr\u00fcnden zur\u00fcckzugeben (Widerrufsrecht). Innerhalb dieser Frist k\u00f6nnen Sie den Artikel wie in einem Gesch\u00e4ft besichtigen und bewerten, sofern nicht anders angegeben.\u00a0<br><br><strong>Bitte beachten Sie: Wenn die Verpackungen\/Flaschen nicht verschlossen oder ge\u00f6ffnet wurden und\/oder das Sicherheitsetikett nicht mehr intakt ist, k\u00f6nnen die Produkte aus Hygiene-\/Sicherheitsgr\u00fcnden nicht zur\u00fcckgegeben werden.<\/strong><\/p>\n\n\n\n<p><strong>Achtung!<\/strong> <strong>Kondome, Gleitmittel, Cremes und alle anderen Artikel der Kategorie\u00a0<a href=\"https:\/\/poppersparadise.eu\/de\/produktkategorie\/drogeriemarkt\/\">Chemiker\u00a0<\/a>k\u00f6nnen aus Sicherheitsgr\u00fcnden NIE zur\u00fcckgegeben werden.<\/strong><\/p>\n\n\n\n<p>Um zu stornieren oder zur\u00fcckzugeben (zu widerrufen), k\u00f6nnen Sie auch die\u00a0<strong><strong>R\u00fcckgabeformular \/ Widerrufsformular<\/strong><\/strong>. Sie haben das Recht, Ihren Kauf innerhalb von 14 Tagen zu widerrufen. F\u00fcr alle Bedingungen, lesen Sie bitte weiter unten. Nach dem Widerruf Ihrer Bestellung m\u00fcssen Sie die Artikel innerhalb von 14 Tagen nach Meldung des Widerrufs zur\u00fccksenden. Wenn Sie Ihre R\u00fccksendung im Voraus melden, kann Ihre R\u00fcckgabe schnell bearbeitet werden.<\/p>\n\n\n\n<p>Sowohl Flaschen als auch andere Artikel k\u00f6nnen bei PoppersParadise zur\u00fcckgegeben werden. Wenn Sie Ihre Bestellung zur\u00fccksenden, stellen Sie bitte sicher, dass Ihre R\u00fccksendung die folgenden Bedingungen erf\u00fcllt&nbsp;<strong>Anforderungen<\/strong>&nbsp;erf\u00fcllt:<\/p>\n\n\n\n<ul class=\"wp-block-list\">\n<li>Die Flaschen sind noch unge\u00f6ffnet<\/li>\n\n\n\n<li>Produkt(e) noch in Siegelschicht<\/li>\n\n\n\n<li>Das Produkt befindet sich - soweit m\u00f6glich - in seinem urspr\u00fcnglichen Zustand und in der Originalverpackung.<\/li>\n\n\n\n<li>Das Produkt ist vollst\u00e4ndig<br><\/li>\n<\/ul>\n\n\n\n<p><strong>Wenn eine Bestellung aus einem der folgenden Gr\u00fcnde an uns zur\u00fcckgeschickt wird:<\/strong><\/p>\n\n\n\n<ul class=\"wp-block-list\">\n<li>Der Auftrag wurde nicht von Ihnen bei einer Abholstelle abgeholt.<\/li>\n\n\n\n<li>Sie haben eine falsche Adresse eingegeben.<\/li>\n\n\n\n<li>Andererseits ist es ein Fehler, den Sie selbst verschuldet haben.<br><\/li>\n<\/ul>\n\n\n\n<p>Wir erstatten Ihnen dann den Gesamtbetrag abz\u00fcglich der von Ihnen gezahlten Versandkosten, sobald das Paket wieder in unserem Besitz ist. Wir m\u00fcssen dies leider tun, weil wir bei einer R\u00fccksendung die Versandkosten tragen m\u00fcssen.<br><br>Sie k\u00f6nnen durch Ausf\u00fcllen des Feldes&nbsp;<strong>R\u00fcckgabeformular \/ Widerrufsformular<\/strong> angeben, dass Sie von Ihrem Widerrufsrecht Gebrauch machen wollen. Sie sind jedoch nicht verpflichtet, die&nbsp;<strong><strong>R\u00fcckgabeformular \/ Widerrufsformular<\/strong><\/strong> zu verwenden, da das Widerrufsrecht auch ohne das Formular gilt.<\/p>\n\n\n\n<p><strong>Erstattungsbetrag<\/strong><br>Die Inanspruchnahme des Widerrufsrechts entbindet Sie nicht von Ihrer etwaigen Zahlungsverpflichtung. Sie m\u00fcssen jedoch innerhalb der gesetzten Frist zahlen. Wenn unsere Aufzeichnungen ein Guthaben aufgrund der R\u00fccksendung ausweisen und Sie die Bestellung bei Ideal im Voraus bezahlt haben, erstatten wir Ihnen dieses unverz\u00fcglich. Wenn Sie die gesamte Bestellung zur\u00fccksenden, verfallen die Versandkosten. Wir erstatten Ihnen den Betrag mit der gleichen Zahlungsmethode, mit der Sie uns bezahlt haben.<\/p>\n\n\n\n<p>In der Regel erstatten wir den Kaufpreis sp\u00e4testens 30 Tage nach dem R\u00fccktritt. Die Aufl\u00f6sung erfolgt ab dem Zeitpunkt, an dem Sie uns \u00fcber den R\u00fccktritt vom Kauf informiert haben.<\/p>\n\n\n\n<p><strong>R\u00fcckkehr<\/strong><br>Die Kosten f\u00fcr eine R\u00fccksendung gehen zu Ihren Lasten (gesch\u00e4tzte Versandkosten: von Ihnen bezahlte Versandkosten). Die urspr\u00fcnglichen Versandkosten werden nach Erhalt der R\u00fccksendung von der Rechnung abgezogen, wenn Sie die gesamte Bestellung zur\u00fccksenden.<br>Wenn Sie einen Artikel zur\u00fcckgeben m\u00f6chten, verwenden Sie bitte unser&nbsp;<strong>R\u00fcckgabeformular \/ Widerrufsformular<\/strong>&nbsp;damit wir Ihre R\u00fccksendung schnell bearbeiten k\u00f6nnen.<\/p>\n\n\n\n<p><strong>Recht auf Widerruf<br><\/strong>Wenn Sie von Ihrem Widerrufsrecht Gebrauch machen, wird das Produkt mit allem gelieferten Zubeh\u00f6r und - wenn m\u00f6glich - in seinem urspr\u00fcnglichen Zustand und in der Originalverpackung an den Unternehmer zur\u00fcckgeschickt. Sollte das Produkt besch\u00e4digt sein oder die Verpackung st\u00e4rker besch\u00e4digt sein als f\u00fcr den Verkauf des Produkts erforderlich, k\u00f6nnen wir diese Wertminderung des Produkts an Sie weitergeben. Bitte behandeln Sie das Produkt daher pfleglich und achten Sie bei der R\u00fccksendung auf eine ordnungsgem\u00e4\u00dfe Verpackung.<br><strong><br>Stornierung Ihrer Bestellung<\/strong><br>Jede Bestellung kann ohne Angabe von Gr\u00fcnden storniert werden. Vorausgesetzt, die Bestellung wurde noch nicht versandt. Sobald Ihre Bestellung versandt wurde, erhalten Sie eine Versandbest\u00e4tigung von Erotic-discount. M\u00f6chten Sie Ihre Bestellung stornieren, nachdem Sie eine Auftragsbest\u00e4tigung erhalten haben? Beantworten Sie Ihre Auftragsbest\u00e4tigung oder kontaktieren Sie uns telefonisch oder f\u00fcllen Sie das&nbsp;<strong>R\u00fcckgabeformular \/ Widerrufsformular<\/strong>&nbsp;ein. Die Stornierung der Bestellung wird per E-Mail best\u00e4tigt. Sobald Ihre Stornierungsanfrage von uns best\u00e4tigt wurde, wird PoppersParadise den gezahlten Betrag sp\u00e4testens 14 Tage nach der Stornierung (Widerruf) zur\u00fcckerstatten.<\/p>\n\n\n\n<p>Um zu stornieren (widerrufen), k\u00f6nnen Sie auch die&nbsp;<strong>R\u00fcckgabeformular \/ Widerrufsformular<\/strong>. Sie haben 14 Tage Zeit, um dies zu tun.<\/p>\n\n\n\n<p>Die <strong><strong><strong><a href=\"https:\/\/poppersparadise.eu\/wp-content\/uploads\/2024\/11\/Information-on-returns.pdf\" target=\"_blank\" data-type=\"attachment\" data-id=\"12439\" rel=\"noreferrer noopener\">R\u00fcckgabeformular \/ Widerrufsformular<\/a><\/strong><\/strong><\/strong> k\u00f6nnen Sie hier herunterladen<\/p>\n\n\n\n<p><strong><em>Die Preise sind in Euro inklusive Mehrwertsteuer angegeben. Tippfehler, Korrekturen und Preis\u00e4nderungen sind vorbehalten.&nbsp;<\/em><\/strong><\/p>\n\n\n\n<p><\/p>","protected":false},"excerpt":{"rendered":"<p>Je hebt bij PoppersParadise het recht om binnen 14 dagen, zonder opgave van redenen, een artikel retour te sturen (herroepingsrecht). Binnen deze termijn mag je het artikel bekijken en beoordelen zoals je ook in een winkel doet, tenzij anders vermeld.\u00a0 Let op! indien de verpakking \/ flesjes niet meer geseald of geopend zijn geweest, en\/of [&hellip;]<\/p>\n","protected":false},"author":2,"featured_media":0,"parent":0,"menu_order":0,"comment_status":"closed","ping_status":"closed","template":"","meta":{"_acf_changed":false,"footnotes":""},"class_list":["post-10","page","type-page","status-publish","hentry"],"acf":[],"_links":{"self":[{"href":"https:\/\/poppersparadise.eu\/de\/wp-json\/wp\/v2\/pages\/10","targetHints":{"allow":["GET"]}}],"collection":[{"href":"https:\/\/poppersparadise.eu\/de\/wp-json\/wp\/v2\/pages"}],"about":[{"href":"https:\/\/poppersparadise.eu\/de\/wp-json\/wp\/v2\/types\/page"}],"author":[{"embeddable":true,"href":"https:\/\/poppersparadise.eu\/de\/wp-json\/wp\/v2\/users\/2"}],"replies":[{"embeddable":true,"href":"https:\/\/poppersparadise.eu\/de\/wp-json\/wp\/v2\/comments?post=10"}],"version-history":[{"count":15,"href":"https:\/\/poppersparadise.eu\/de\/wp-json\/wp\/v2\/pages\/10\/revisions"}],"predecessor-version":[{"id":21302,"href":"https:\/\/poppersparadise.eu\/de\/wp-json\/wp\/v2\/pages\/10\/revisions\/21302"}],"wp:attachment":[{"href":"https:\/\/poppersparadise.eu\/de\/wp-json\/wp\/v2\/media?parent=10"}],"curies":[{"name":"wp","href":"https:\/\/api.w.org\/{rel}","templated":true}]}}