{"id":953,"date":"2024-10-08T16:52:38","date_gmt":"2024-10-08T14:52:38","guid":{"rendered":"https:\/\/poppersparadise.eu\/product\/lmfao-pentyl-24ml\/"},"modified":"2026-04-22T12:02:21","modified_gmt":"2026-04-22T10:02:21","slug":"lmfao-pentyl-poppers-24ml","status":"publish","type":"product","link":"https:\/\/poppersparadise.eu\/da\/product\/lmfao-pentyl-poppers-24ml\/","title":{"rendered":"LMFAO Boom Boom Pentyl 24ml"},"content":{"rendered":"<h2 class=\"wp-block-heading\">Oplev LMFAO Boom Boom Pentyl Poppers 24ml<\/h2>\n\n\n\n<p>Oplev de forfriskende aromaer fra LMFAO Boom Boom Pentyl Poppers, en duftspreder, der er perfekt til afslapning og til at skabe et roligt, stressfrit milj\u00f8. Med en kapacitet p\u00e5 24 ml giver denne flaske en langvarig duftoplevelse, der er ideel til dem, der s\u00f8ger fred og komfort.<\/p>\n\n\n\n<h3 class=\"wp-block-heading\">Produktspecifikationer<\/h3>\n\n\n\n<ul class=\"wp-block-list\">\n<li><strong>Aktiv ingrediens<\/strong>: Isopentylnitrit<\/li>\n\n\n\n<li><strong>Volumen<\/strong>: 24 ml<\/li>\n<\/ul>\n\n\n\n<h3 class=\"wp-block-heading\">Fordele og virkninger<\/h3>\n\n\n\n<ul class=\"wp-block-list\">\n<li>Hurtigtvirkende med langvarig lugtspredning<\/li>\n\n\n\n<li>En r\u00e6kke forfriskende aromaer, der passer til enhver smag<\/li>\n\n\n\n<li>Fremmer et roligt, stressfrit milj\u00f8<\/li>\n\n\n\n<li>\u00d8ger afslapning og social interaktion<\/li>\n<\/ul>\n\n\n\n<h3 class=\"wp-block-heading\">Hvorfor v\u00e6lge LMFAO Boom Boom Pentyl Poppers?<\/h3>\n\n\n\n<ul class=\"wp-block-list\">\n<li>Specielt designet til kendere og elskere af duftspredere<\/li>\n\n\n\n<li>Kombinerer innovation med tradition, inspireret af den legendariske PWD Rush Popper<\/li>\n\n\n\n<li>Perfekt til personlig afslapning eller som en unik gave til venner og familie<\/li>\n\n\n\n<li>F\u00e5s med attraktive m\u00e6ngderabatter ved stork\u00f8b<\/li>\n<\/ul>\n\n\n\n<h3 class=\"wp-block-heading\">Vigtige bem\u00e6rkninger<\/h3>\n\n\n\n<ul class=\"wp-block-list\">\n<li>Dette produkt er kun beregnet til brug som duftspreder eller reng\u00f8ringsmiddel.<\/li>\n\n\n\n<li>Det er ikke egnet til indtagelse eller ind\u00e5nding.<\/li>\n\n\n\n<li>M\u00e5 ikke kombineres med medicin mod erektil dysfunktion.<\/li>\n\n\n\n<li>Undg\u00e5 direkte hudkontakt p\u00e5 grund af de \u00e6tsende egenskaber.<\/li>\n\n\n\n<li>Opbevares k\u00f8ligt og m\u00f8rkt, og luk flasken t\u00e6t efter brug.<\/li>\n<\/ul>\n\n\n\n<h3 class=\"wp-block-heading\">Advarsler<\/h3>\n\n\n\n<ul class=\"wp-block-list\">\n<li>Meget brandfarlig v\u00e6ske og damp (H225)<\/li>\n\n\n\n<li>For\u00e5rsager hud- og \u00f8jenirritation (H315\/H319)<\/li>\n\n\n\n<li>Giftig ved ind\u00e5nding (H331)<\/li>\n\n\n\n<li>Ingen medicin<\/li>\n\n\n\n<li>Brug kun som anvist<\/li>\n<\/ul>\n\n\n\n<h3 class=\"wp-block-heading\">Opbevaring<\/h3>\n\n\n\n<ul class=\"wp-block-list\">\n<li>Opbevares k\u00f8ligt og t\u00f8rt.<\/li>\n\n\n\n<li>Opbevares utilg\u00e6ngeligt for b\u00f8rn.<\/li>\n<\/ul>\n\n\n\n<h3 class=\"wp-block-heading\">Oprindelsesland<\/h3>\n\n\n\n<p>Luxembourg<\/p>","protected":false},"excerpt":{"rendered":"<p><strong><br \/>KOMPATIBELT TILBEH\u00d8R:<\/strong><\/p>\n<ul>\n<li><a href=\"https:\/\/poppersparadise.eu\/da\/produktkategori\/tilbehor\/sniffer-lille\/\">Sniffers Small<\/a><\/li>\n<li><a href=\"https:\/\/poppersparadise.eu\/da\/product\/xtrm-poppers-holder-oval-2\/\">XTRM Poppers Holder Oval<\/a><\/li>\n<li><a href=\"https:\/\/poppersparadise.eu\/da\/product\/xtrm-poppers-keeper-large-24ml-2\/\">XTRM Poppers Keeper Large<\/a><\/li>\n<\/ul>","protected":false},"featured_media":12409,"comment_status":"open","ping_status":"closed","template":"","meta":{"_acf_changed":false},"product_brand":[],"product_cat":[35,482],"product_tag":[],"class_list":{"0":"post-953","1":"product","2":"type-product","3":"status-publish","4":"has-post-thumbnail","6":"product_cat-grote-flesjes-poppers","7":"product_cat-aanbiedingen","9":"first","10":"instock","11":"sale","12":"taxable","13":"shipping-taxable","14":"purchasable","15":"product-type-simple"},"acf":[],"df_price":3.5,"df_sale_price":3.5,"df_regular_price":6.95,"df_image_link":"https:\/\/poppersparadise.eu\/wp-content\/uploads\/2024\/10\/LMPN24-300x300.webp","_links":{"self":[{"href":"https:\/\/poppersparadise.eu\/da\/wp-json\/wp\/v2\/product\/953","targetHints":{"allow":["GET"]}}],"collection":[{"href":"https:\/\/poppersparadise.eu\/da\/wp-json\/wp\/v2\/product"}],"about":[{"href":"https:\/\/poppersparadise.eu\/da\/wp-json\/wp\/v2\/types\/product"}],"replies":[{"embeddable":true,"href":"https:\/\/poppersparadise.eu\/da\/wp-json\/wp\/v2\/comments?post=953"}],"wp:featuredmedia":[{"embeddable":true,"href":"https:\/\/poppersparadise.eu\/da\/wp-json\/wp\/v2\/media\/12409"}],"wp:attachment":[{"href":"https:\/\/poppersparadise.eu\/da\/wp-json\/wp\/v2\/media?parent=953"}],"wp:term":[{"taxonomy":"product_brand","embeddable":true,"href":"https:\/\/poppersparadise.eu\/da\/wp-json\/wp\/v2\/product_brand?post=953"},{"taxonomy":"product_cat","embeddable":true,"href":"https:\/\/poppersparadise.eu\/da\/wp-json\/wp\/v2\/product_cat?post=953"},{"taxonomy":"product_tag","embeddable":true,"href":"https:\/\/poppersparadise.eu\/da\/wp-json\/wp\/v2\/product_tag?post=953"}],"curies":[{"name":"wp","href":"https:\/\/api.w.org\/{rel}","templated":true}]}}