{"id":933,"date":"2024-10-08T16:52:33","date_gmt":"2024-10-08T14:52:33","guid":{"rendered":"https:\/\/poppersparadise.eu\/product\/spunk-power-amyl-24ml\/"},"modified":"2026-02-26T12:35:01","modified_gmt":"2026-02-26T11:35:01","slug":"spunk-power-amyl-poppers-24-ml","status":"publish","type":"product","link":"https:\/\/poppersparadise.eu\/da\/product\/spunk-power-amyl-poppers-24ml\/","title":{"rendered":"Spunk Power Amyl 24ml"},"content":{"rendered":"<h3 class=\"wp-block-heading\">Oplev Spunk Power Amyl Poppers 24ml<\/h3>\n\n\n\n<p>Oplev en kraftfuld duftoplevelse med Spunk Power Amyl Poppers 24ml. Dette produkt er specielt designet til kendere og giver en intens og langvarig duftspredning, der er perfekt til at skabe en afslappende og behagelig atmosf\u00e6re.<\/p>\n\n\n\n<h3 class=\"wp-block-heading\">Hvorfor v\u00e6lge Spunk Power Amyl Poppers 24ml?<\/h3>\n\n\n\n<ul class=\"wp-block-list\">\n<li><strong>Kraftfuld formel<\/strong>: Fremstillet med ekstra st\u00e6rk isoamylnitrit for en intens duftoplevelse.<\/li>\n\n\n\n<li><strong>Designet til eksperter<\/strong>: Specielt designet til avancerede brugere, der \u00f8nsker en mere kraftfuld betjening.<\/li>\n\n\n\n<li><strong>Praktisk indpakning<\/strong>: Leveres i en stilfuld 24 ml glasflaske, ideel til nem brug.<\/li>\n<\/ul>\n\n\n\n<h3 class=\"wp-block-heading\">S\u00e6rligt tilbud<\/h3>\n\n\n\n<ul class=\"wp-block-list\">\n<li><strong>M\u00e6ngderabat<\/strong>: K\u00f8b mindst tre flasker og f\u00e5 attraktive rabatter.<\/li>\n<\/ul>\n\n\n\n<h3 class=\"wp-block-heading\">Vigtig brugerinformation<\/h3>\n\n\n\n<ul class=\"wp-block-list\">\n<li>Dette produkt er kun beregnet til brug som duftspreder eller reng\u00f8ringsmiddel.<\/li>\n\n\n\n<li>Det er ikke egnet til indtagelse eller ind\u00e5nding.<\/li>\n\n\n\n<li>Undg\u00e5 direkte hudkontakt p\u00e5 grund af de \u00e6tsende egenskaber.<\/li>\n\n\n\n<li>Opbevares k\u00f8ligt og m\u00f8rkt, og luk flasken t\u00e6t efter brug.<\/li>\n<\/ul>\n\n\n\n<h3 class=\"wp-block-heading\">Advarsler<\/h3>\n\n\n\n<ul class=\"wp-block-list\">\n<li>Meget brandfarlig v\u00e6ske og damp (H225).<\/li>\n\n\n\n<li>For\u00e5rsager hud- og \u00f8jenirritation (H315\/H319).<\/li>\n\n\n\n<li>Giftig ved ind\u00e5nding (H331).<\/li>\n\n\n\n<li>Ikke et l\u00e6gemiddel eller medicinsk produkt.<\/li>\n\n\n\n<li>Brug kun som anvist.<\/li>\n<\/ul>\n\n\n\n<h3 class=\"wp-block-heading\">Opbevaring<\/h3>\n\n\n\n<ul class=\"wp-block-list\">\n<li>Opbevares k\u00f8ligt og t\u00f8rt.<\/li>\n\n\n\n<li>Opbevares utilg\u00e6ngeligt for b\u00f8rn.<\/li>\n<\/ul>\n\n\n\n<h3 class=\"wp-block-heading\">Oprindelsesland<\/h3>\n\n\n\n<ul class=\"wp-block-list\">\n<li>Luxembourg<\/li>\n<\/ul>\n\n\n\n<p>Oplev kraften i Spunk Power Amyl Poppers 24ml og oplev en duftdiffusion, der overg\u00e5r dine forventninger. Bestil i dag, og g\u00f8r hvert \u00f8jeblik til noget s\u00e6rligt!<\/p>\n\n\n\n<p><\/p>","protected":false},"excerpt":{"rendered":"<p><strong><br \/>KOMPATIBELT TILBEH\u00d8R:<\/strong><\/p>\n<ul>\n<li><a href=\"https:\/\/poppersparadise.eu\/da\/produktkategori\/tilbehor\/sniffere-store\/\">Sniffers Large<\/a><\/li>\n<li><a href=\"https:\/\/poppersparadise.eu\/da\/product\/xtrm-poppers-holder-stor\/\">XTRM Poppers Holder stor<\/a><\/li>\n<li><a href=\"https:\/\/poppersparadise.eu\/da\/product\/xtrm-poppers-keeper-large-24ml-2\/\">XTRM Poppers Keeper Large<\/a><\/li>\n<\/ul>","protected":false},"featured_media":450,"comment_status":"open","ping_status":"closed","template":"","meta":{"_acf_changed":false},"product_brand":[736],"product_cat":[35],"product_tag":[],"class_list":{"0":"post-933","1":"product","2":"type-product","3":"status-publish","4":"has-post-thumbnail","6":"product_brand-amyl","7":"product_cat-grote-flesjes-poppers","9":"first","10":"outofstock","11":"taxable","12":"shipping-taxable","13":"purchasable","14":"product-type-simple"},"acf":[],"df_price":6.95,"df_sale_price":"","df_regular_price":6.95,"df_image_link":"https:\/\/poppersparadise.eu\/wp-content\/uploads\/2024\/10\/spunk-300x300.jpg","_links":{"self":[{"href":"https:\/\/poppersparadise.eu\/da\/wp-json\/wp\/v2\/product\/933","targetHints":{"allow":["GET"]}}],"collection":[{"href":"https:\/\/poppersparadise.eu\/da\/wp-json\/wp\/v2\/product"}],"about":[{"href":"https:\/\/poppersparadise.eu\/da\/wp-json\/wp\/v2\/types\/product"}],"replies":[{"embeddable":true,"href":"https:\/\/poppersparadise.eu\/da\/wp-json\/wp\/v2\/comments?post=933"}],"wp:featuredmedia":[{"embeddable":true,"href":"https:\/\/poppersparadise.eu\/da\/wp-json\/wp\/v2\/media\/450"}],"wp:attachment":[{"href":"https:\/\/poppersparadise.eu\/da\/wp-json\/wp\/v2\/media?parent=933"}],"wp:term":[{"taxonomy":"product_brand","embeddable":true,"href":"https:\/\/poppersparadise.eu\/da\/wp-json\/wp\/v2\/product_brand?post=933"},{"taxonomy":"product_cat","embeddable":true,"href":"https:\/\/poppersparadise.eu\/da\/wp-json\/wp\/v2\/product_cat?post=933"},{"taxonomy":"product_tag","embeddable":true,"href":"https:\/\/poppersparadise.eu\/da\/wp-json\/wp\/v2\/product_tag?post=933"}],"curies":[{"name":"wp","href":"https:\/\/api.w.org\/{rel}","templated":true}]}}