{"id":932,"date":"2024-10-08T16:52:32","date_gmt":"2024-10-08T14:52:32","guid":{"rendered":"https:\/\/poppersparadise.eu\/product\/amyl-double-black-24ml\/"},"modified":"2026-04-22T01:30:38","modified_gmt":"2026-04-21T23:30:38","slug":"amyl-double-black-poppers-24ml","status":"publish","type":"product","link":"https:\/\/poppersparadise.eu\/da\/product\/amyl-double-black-poppers-24ml\/","title":{"rendered":"Amyl Double Black 24ml"},"content":{"rendered":"<h2 class=\"wp-block-heading\">Oplev kraften i Amyl Double Black Poppers 24ml<\/h2>\n\n\n\n<p>Oplev en intens duftoplevelse med Amyl Double Black Poppers 24 ml, der er specielt designet til kendere, som \u00f8nsker en kraftig og langvarig duftspredning. Med en avanceret isoamylnitrit-formel giver dette produkt en unik og uforglemmelig oplevelse.<\/p>\n\n\n\n<h3 class=\"wp-block-heading\">Ekstra st\u00e6rk og intenst afslappende<\/h3>\n\n\n\n<ul class=\"wp-block-list\">\n<li><strong>Kraftfuld formel<\/strong>: Fremstillet med isoamylnitrit for hurtig og langvarig virkning.<\/li>\n\n\n\n<li><strong>Designet til erfarne brugere<\/strong>: Ideel til dem, der \u00f8nsker en mere intens duftoplevelse.<\/li>\n<\/ul>\n\n\n\n<h3 class=\"wp-block-heading\">\u00d8ger nydelse og fornemmelser<\/h3>\n\n\n\n<ul class=\"wp-block-list\">\n<li><strong>Unik duftoplevelse<\/strong>: Forbedrer dine sanser og skaber en behagelig atmosf\u00e6re.<\/li>\n\n\n\n<li><strong>Langvarig effekt<\/strong>: En minimal m\u00e6ngde er tilstr\u00e6kkelig til en langvarig effekt.<\/li>\n<\/ul>\n\n\n\n<h3 class=\"wp-block-heading\">\u00d8konomisk og effektiv<\/h3>\n\n\n\n<ul class=\"wp-block-list\">\n<li><strong>B\u00e6redygtig brug<\/strong>: Takket v\u00e6re den st\u00e6rke virkning holder 24 ml-flasken l\u00e6ngere.<\/li>\n\n\n\n<li><strong>Attraktiv m\u00e6ngderabat<\/strong>: Spar penge, n\u00e5r du k\u00f8ber tre eller flere flasker.<\/li>\n<\/ul>\n\n\n\n<h3 class=\"wp-block-heading\">Vigtig brugerinformation<\/h3>\n\n\n\n<ul class=\"wp-block-list\">\n<li>Dette produkt er kun beregnet til brug som duftspreder eller reng\u00f8ringsmiddel.<\/li>\n\n\n\n<li>Det er ikke egnet til indtagelse eller ind\u00e5nding.<\/li>\n\n\n\n<li>Undg\u00e5 direkte hudkontakt p\u00e5 grund af de \u00e6tsende egenskaber.<\/li>\n\n\n\n<li>Opbevares k\u00f8ligt og m\u00f8rkt, og luk flasken t\u00e6t efter brug.<\/li>\n<\/ul>\n\n\n\n<h3 class=\"wp-block-heading\">Advarsler<\/h3>\n\n\n\n<ul class=\"wp-block-list\">\n<li>Meget brandfarlig v\u00e6ske og damp (H225).<\/li>\n\n\n\n<li>For\u00e5rsager hud- og \u00f8jenirritation (H315\/H319).<\/li>\n\n\n\n<li>Giftig ved ind\u00e5nding (H331).<\/li>\n\n\n\n<li>Ikke et l\u00e6gemiddel eller medicinsk produkt.<\/li>\n\n\n\n<li>Brug kun som anvist.<\/li>\n<\/ul>\n\n\n\n<h3 class=\"wp-block-heading\">Opbevaring<\/h3>\n\n\n\n<ul class=\"wp-block-list\">\n<li>Opbevares k\u00f8ligt og t\u00f8rt.<\/li>\n\n\n\n<li>Opbevares utilg\u00e6ngeligt for b\u00f8rn.<\/li>\n<\/ul>\n\n\n\n<h3 class=\"wp-block-heading\">Oprindelsesland<\/h3>\n\n\n\n<ul class=\"wp-block-list\">\n<li>Luxembourg<\/li>\n<\/ul>\n\n\n\n<p>Oplev den unikke duftspredning af Amyl Double Black Poppers 24ml, og oplev den kvalitet og intensitet, den tilbyder. Bestil i dag, og g\u00f8r hvert \u00f8jeblik til noget s\u00e6rligt med disse kraftfulde poppere!<\/p>","protected":false},"excerpt":{"rendered":"<p><strong><br \/>KOMPATIBELT TILBEH\u00d8R:<\/strong><\/p>\n<ul>\n<li><a href=\"https:\/\/poppersparadise.eu\/da\/produktkategori\/tilbehor\/sniffere-store\/\">Sniffers Large<\/a><\/li>\n<li><a href=\"https:\/\/poppersparadise.eu\/da\/product\/xtrm-poppers-holder-stor\/\">XTRM Poppers Holder stor<\/a><\/li>\n<li><a href=\"https:\/\/poppersparadise.eu\/da\/product\/xtrm-poppers-keeper-large-24ml-2\/\">XTRM Poppers Keeper Large<\/a><\/li>\n<\/ul>","protected":false},"featured_media":13015,"comment_status":"open","ping_status":"closed","template":"","meta":{"_acf_changed":false},"product_brand":[736],"product_cat":[35],"product_tag":[],"class_list":{"0":"post-932","1":"product","2":"type-product","3":"status-publish","4":"has-post-thumbnail","6":"product_brand-amyl","7":"product_cat-grote-flesjes-poppers","9":"first","10":"instock","11":"taxable","12":"shipping-taxable","13":"purchasable","14":"product-type-simple"},"acf":[],"df_price":6.95,"df_sale_price":"","df_regular_price":6.95,"df_image_link":"https:\/\/poppersparadise.eu\/wp-content\/uploads\/2024\/10\/AMYDB24-1-300x300.webp","_links":{"self":[{"href":"https:\/\/poppersparadise.eu\/da\/wp-json\/wp\/v2\/product\/932","targetHints":{"allow":["GET"]}}],"collection":[{"href":"https:\/\/poppersparadise.eu\/da\/wp-json\/wp\/v2\/product"}],"about":[{"href":"https:\/\/poppersparadise.eu\/da\/wp-json\/wp\/v2\/types\/product"}],"replies":[{"embeddable":true,"href":"https:\/\/poppersparadise.eu\/da\/wp-json\/wp\/v2\/comments?post=932"}],"wp:featuredmedia":[{"embeddable":true,"href":"https:\/\/poppersparadise.eu\/da\/wp-json\/wp\/v2\/media\/13015"}],"wp:attachment":[{"href":"https:\/\/poppersparadise.eu\/da\/wp-json\/wp\/v2\/media?parent=932"}],"wp:term":[{"taxonomy":"product_brand","embeddable":true,"href":"https:\/\/poppersparadise.eu\/da\/wp-json\/wp\/v2\/product_brand?post=932"},{"taxonomy":"product_cat","embeddable":true,"href":"https:\/\/poppersparadise.eu\/da\/wp-json\/wp\/v2\/product_cat?post=932"},{"taxonomy":"product_tag","embeddable":true,"href":"https:\/\/poppersparadise.eu\/da\/wp-json\/wp\/v2\/product_tag?post=932"}],"curies":[{"name":"wp","href":"https:\/\/api.w.org\/{rel}","templated":true}]}}