{"id":855,"date":"2024-10-08T16:52:10","date_gmt":"2024-10-08T14:52:10","guid":{"rendered":"https:\/\/poppersparadise.eu\/product\/amsterdam-black-label-24ml\/"},"modified":"2026-04-05T18:05:18","modified_gmt":"2026-04-05T16:05:18","slug":"amsterdam-black-label-poppers-24-ml-2","status":"publish","type":"product","link":"https:\/\/poppersparadise.eu\/da\/product\/amsterdam-black-label-poppers-24ml\/","title":{"rendered":"Amsterdam Black Label 24ml"},"content":{"rendered":"<h2 class=\"wp-block-heading\">Amsterdam Black Label Poppers 24ml - Til rigtige entusiaster<\/h2>\n\n\n\n<p>Oplev intensiteten i Amsterdam Black Label Poppers , en duftspreder, der er specielt designet til elskere af kraftige aromaer. Med en st\u00e6rk isoamylnitritformel og en unik emballage i en 24 ml firkantet glasflaske giver dette produkt en duftoplevelse af h\u00f8j kvalitet.<\/p>\n\n\n\n<h3 class=\"wp-block-heading\">Vigtige funktioner<\/h3>\n\n\n\n<ul class=\"wp-block-list\">\n<li><strong>Black Label-variant<\/strong>: Specielt designet til elskere af intens duftspredning.<\/li>\n\n\n\n<li><strong>Kraftig aroma<\/strong>: Baseret p\u00e5 isoamylnitrit for en langvarig duftoplevelse.<\/li>\n\n\n\n<li><strong>Unik indpakning<\/strong>: Stilfuld firkantet glasflaske med en kapacitet p\u00e5 24 ml.<\/li>\n\n\n\n<li><strong>\u00d8konomisk i brug<\/strong>: Takket v\u00e6re den kraftfulde formel beh\u00f8ver du kun en lille m\u00e6ngde.<\/li>\n\n\n\n<li><strong>Personalerabat<\/strong>: Spar mere, n\u00e5r du k\u00f8ber 3 eller flere flasker.<\/li>\n<\/ul>\n\n\n\n<h3 class=\"wp-block-heading\">Vigtig brugerinformation<\/h3>\n\n\n\n<ul class=\"wp-block-list\">\n<li>Dette produkt er kun beregnet til brug som duftspreder eller reng\u00f8ringsmiddel.<\/li>\n\n\n\n<li>Det er ikke egnet til indtagelse eller ind\u00e5nding.<\/li>\n\n\n\n<li>Undg\u00e5 direkte hudkontakt p\u00e5 grund af de \u00e6tsende egenskaber.<\/li>\n\n\n\n<li>Opbevares k\u00f8ligt og m\u00f8rkt, og luk flasken t\u00e6t efter brug.<\/li>\n<\/ul>\n\n\n\n<h3 class=\"wp-block-heading\">Advarsler<\/h3>\n\n\n\n<ul class=\"wp-block-list\">\n<li>Meget brandfarlig v\u00e6ske og damp (H225).<\/li>\n\n\n\n<li>For\u00e5rsager hud- og \u00f8jenirritation (H315\/H319).<\/li>\n\n\n\n<li>Giftig ved ind\u00e5nding (H331).<\/li>\n\n\n\n<li>Ikke et l\u00e6gemiddel eller medicinsk produkt.<\/li>\n\n\n\n<li>Brug kun som anvist.<\/li>\n<\/ul>\n\n\n\n<h3 class=\"wp-block-heading\">Opbevaring<\/h3>\n\n\n\n<ul class=\"wp-block-list\">\n<li>Opbevares k\u00f8ligt og t\u00f8rt.<\/li>\n\n\n\n<li>Opbevares utilg\u00e6ngeligt for b\u00f8rn.<\/li>\n<\/ul>\n\n\n\n<p><strong>Oprindelsesland<\/strong>: Luxembourg<\/p>\n\n\n\n<h3 class=\"wp-block-heading\">Bestil Amsterdam Black Label Poppers i dag<\/h3>\n\n\n\n<p>Med Amsterdam Black Label Poppers f\u00e5r du en kraftfuld duftspreder, der kombinerer kvalitet og funktionalitet. Bestil i dag, og opdag, hvorfor denne variant er s\u00e5 popul\u00e6r blandt duftsprederentusiaster!<\/p>\n\n\n\n<p><\/p>","protected":false},"excerpt":{"rendered":"<p><strong><br \/>KOMPATIBELT TILBEH\u00d8R:<\/strong><\/p>\n<ul>\n<li><a href=\"https:\/\/poppersparadise.eu\/da\/produktkategori\/tilbehor\/sniffere-store\/\">Sniffers Large<\/a><\/li>\n<li><a href=\"https:\/\/poppersparadise.eu\/da\/product\/xtrm-poppers-holder-stor\/\">XTRM Poppers Holder stor<\/a><\/li>\n<li><a href=\"https:\/\/poppersparadise.eu\/da\/product\/xtrm-poppers-keeper-large-24ml-2\/\">XTRM Poppers Keeper Large<\/a><\/li>\n<\/ul>","protected":false},"featured_media":322,"comment_status":"open","ping_status":"closed","template":"","meta":{"_acf_changed":false},"product_brand":[735],"product_cat":[35],"product_tag":[],"class_list":{"0":"post-855","1":"product","2":"type-product","3":"status-publish","4":"has-post-thumbnail","6":"product_brand-amsterdam","7":"product_cat-grote-flesjes-poppers","9":"first","10":"instock","11":"taxable","12":"shipping-taxable","13":"purchasable","14":"product-type-simple"},"acf":[],"df_price":6.95,"df_sale_price":"","df_regular_price":6.95,"df_image_link":"https:\/\/poppersparadise.eu\/wp-content\/uploads\/2024\/10\/ambl24-300x300.jpg","_links":{"self":[{"href":"https:\/\/poppersparadise.eu\/da\/wp-json\/wp\/v2\/product\/855","targetHints":{"allow":["GET"]}}],"collection":[{"href":"https:\/\/poppersparadise.eu\/da\/wp-json\/wp\/v2\/product"}],"about":[{"href":"https:\/\/poppersparadise.eu\/da\/wp-json\/wp\/v2\/types\/product"}],"replies":[{"embeddable":true,"href":"https:\/\/poppersparadise.eu\/da\/wp-json\/wp\/v2\/comments?post=855"}],"wp:featuredmedia":[{"embeddable":true,"href":"https:\/\/poppersparadise.eu\/da\/wp-json\/wp\/v2\/media\/322"}],"wp:attachment":[{"href":"https:\/\/poppersparadise.eu\/da\/wp-json\/wp\/v2\/media?parent=855"}],"wp:term":[{"taxonomy":"product_brand","embeddable":true,"href":"https:\/\/poppersparadise.eu\/da\/wp-json\/wp\/v2\/product_brand?post=855"},{"taxonomy":"product_cat","embeddable":true,"href":"https:\/\/poppersparadise.eu\/da\/wp-json\/wp\/v2\/product_cat?post=855"},{"taxonomy":"product_tag","embeddable":true,"href":"https:\/\/poppersparadise.eu\/da\/wp-json\/wp\/v2\/product_tag?post=855"}],"curies":[{"name":"wp","href":"https:\/\/api.w.org\/{rel}","templated":true}]}}