{"id":28995,"date":"2026-02-28T10:34:53","date_gmt":"2026-02-28T09:34:53","guid":{"rendered":"https:\/\/poppersparadise.eu\/?post_type=product&#038;p=28995"},"modified":"2026-02-28T10:49:55","modified_gmt":"2026-02-28T09:49:55","slug":"xtrm-snffr-dobbelt-stor-orange","status":"publish","type":"product","link":"https:\/\/poppersparadise.eu\/da\/product\/xtrm-snffr-double-large-oranje\/","title":{"rendered":"XTRM SNFFR Double Large Oranje"},"content":{"rendered":"<p><strong>XTRM SNFFR Double Large Oranje er et snusredskab til l\u00e6derrensere<\/strong>. Med dette tilbeh\u00f8r giver snifning dig et helt nyt sus. S\u00e5 intens, s\u00e5 ren, s\u00e5 liderlig med den fedeste hammer high, du aldrig har set.<\/p>\n<p>Med denne XTRM Sniffer-inhalator er din l\u00e6derrens klar til brug med det samme, og du beh\u00f8ver ikke l\u00e6ngere fumle med skruel\u00e5get. Der er ikke brug for vat eller maske, og der er langt mindre risiko for at spilde produktet.<\/p>\n<p><strong>Og det bedste af det hele er, at der ikke er nogen bivirkninger. Ingen ubehagelig hudkontakt med aromaen, ingen hudirritation eller r\u00f8dme.<\/strong><\/p>\n<ul>\n<li>XTRM Sniffer Double attachment: inhalator med dobbeltl\u00f8b for et helt nyt kick<\/li>\n<li>Passer til alle store flasker med l\u00e6derrens<\/li>\n<li>Effekten forst\u00e6rkes mange gange<\/li>\n<li>Ind\u00e5ndingssystemet f\u00e5r et storsl\u00e5et kick fra den mangfoldige cirkulation af aromaen<\/li>\n<li>Ingen hudirritation eller r\u00f8d n\u00e6se<\/li>\n<li>Gamle aromaer genoplives af vores SNFFR og er st\u00e6rke igen som f\u00f8r<\/li>\n<li>Ingen ubehagelig hudkontakt med aromaen, ingen hudirritation eller r\u00f8dme<\/li>\n<li>Sjov lige ved h\u00e5nden, ikke mere besv\u00e6r med skruel\u00e5g<\/li>\n<li>100% fremstillet i \u00d8strig (ikke i Kina eller andre billige lande)<\/li>\n<li>XTRM Sniffer-inhalator er et sniffertilbeh\u00f8r til l\u00e6derrensere. Med dette tilbeh\u00f8r giver snifning dig en helt ny rus. S\u00e5 intens, s\u00e5 ren, s\u00e5 liderlig med den fedeste hammer high, du nogensinde har set.<\/li>\n<li>Med denne XTRM Sniffer-inhalator er din l\u00e6derrens straks klar til brug, og du beh\u00f8ver ikke l\u00e6ngere fumle med skruel\u00e5get. Der er ikke brug for vat eller maske, og der er langt mindre risiko for at spilde produktet.<\/li>\n<li>Og det bedste af det hele er, at der ikke er nogen bivirkninger. Ingen ubehagelig hudkontakt med aromaen, ingen hudirritation eller r\u00f8dme.<\/li>\n<\/ul>\n<p><strong><br \/>Brugervejledning<\/strong>: Sniffer-inhalatoren XTRM kan ikke lide sol, varme, kulde eller skrappe reng\u00f8ringsmidler. Det er bedst at vaske den efter hver brug og l\u00e6gge den tilbage i emballagen.<\/p>\n<h3>\"S\u00e5 mange SNFFR'er - vi m\u00e5tte endelig f\u00e5 styr p\u00e5 vores hus\"<br \/>Fra nu af er der klare st\u00f8rrelser til alle flasker: Vores nye XTRM SNFFR-st\u00f8rrelsesskema viser dig pr\u00e6cis, hvad der passer - intet g\u00e6tv\u00e6rk, ingen fumlen.\"<\/h3>\n\n\n<figure class=\"wp-block-table\"><table class=\"has-fixed-layout\"><thead><tr><th>St\u00f8rrelse<\/th><th>Eksempel&nbsp;<\/th><th>Beskrivelse<\/th><\/tr><\/thead><tbody><tr><td><strong>XXS<\/strong><\/td><td><img decoding=\"async\" src=\"https:\/\/wholesale.xtrm.net\/TAP\/XXS.jpg\" alt=\"XXS Flaske\" title=\"\"><\/td><td>D\u00f8dningehoved 24 ml flasker<\/td><\/tr><tr><td><strong>XS<\/strong><\/td><td><img decoding=\"async\" src=\"https:\/\/wholesale.xtrm.net\/TAP\/XS.jpg\" alt=\"XS Flaske\" title=\"\"><\/td><td>Fransk, Double Scorpio (USA), Everest, OXY - slanke aluminiumsflasker (10-15 ml)<\/td><\/tr><tr><td><strong>S<\/strong><\/td><td><img decoding=\"async\" src=\"https:\/\/wholesale.xtrm.net\/TAP\/SMALL.jpg\" alt=\"S Flaske\" title=\"\"><\/td><td>Rush, Amsterdam, ovale XTRM-flasker, brede Lockerroom-flasker (ikke h\u00f8je), PWD 10 ml, Funline 10 ml<\/td><\/tr><tr><td><strong>M<\/strong><\/td><td><img decoding=\"async\" src=\"https:\/\/wholesale.xtrm.net\/TAP\/M.jpg\" alt=\"M Flaske\" title=\"\"><\/td><td>Nye Lockerroom-h\u00f8jflasker (30 ml) - tidligere \"Small\", nu Medium-st\u00f8rrelse<\/td><\/tr><tr><td><strong>L<\/strong><\/td><td><img decoding=\"async\" src=\"https:\/\/wholesale.xtrm.net\/TAP\/large.jpg\" alt=\"L Flaske\" title=\"\"><\/td><td>Firkantede retroflasker (24-25 ml), f.eks. Belgo, Funline, Lockerroom, nogle amerikanske flasker<\/td><\/tr><tr><td><strong>XL<\/strong><\/td><td><img decoding=\"async\" src=\"https:\/\/wholesale.xtrm.net\/TAP\/xl.jpg\" alt=\"XL-flaske\" title=\"\"><\/td><td>Nye OXY- og Lockerroom-aluminiumflasker (store, runde)<\/td><\/tr><tr><td><strong>2XL<\/strong><\/td><td><img decoding=\"async\" src=\"https:\/\/wholesale.xtrm.net\/TAP\/2xl.jpg\" alt=\"2XL-flaske\" title=\"\"><\/td><td>Ekstra brede 30 ml aluminiumsflasker med stor \u00e5bning<\/td><\/tr><tr><td><strong>3XL<\/strong><\/td><td><img decoding=\"async\" src=\"https:\/\/wholesale.xtrm.net\/TAP\/3xl.jpg\" alt=\"3XL Flaske\" title=\"\"><\/td><td>Isoamyl plastflasker, Everest 30 ml, glasflasker med bred munding<\/td><\/tr><tr><td><strong>4XL<\/strong><\/td><td><img decoding=\"async\" src=\"https:\/\/wholesale.xtrm.net\/TAP\/4xl.jpg\" alt=\"4XL Flaske\" title=\"\"><\/td><td>XTRM flasker 60-100 ml, som XTRM BEAST<\/td><\/tr><\/tbody><\/table><\/figure>","protected":false},"excerpt":{"rendered":"<p>XTRM Sniffer-inhalator er et sniffertilbeh\u00f8r til l\u00e6derrensere. Med dette tilbeh\u00f8r giver snifning dig en helt ny rus. S\u00e5 intens, s\u00e5 ren, s\u00e5 liderlig med den fedeste hammer high, du nogensinde har set.<\/p>","protected":false},"featured_media":29000,"comment_status":"open","ping_status":"closed","template":"","meta":{"_acf_changed":false},"product_brand":[752],"product_cat":[330,530],"product_tag":[528],"class_list":{"0":"post-28995","1":"product","2":"type-product","3":"status-publish","4":"has-post-thumbnail","6":"product_brand-xtrm","7":"product_cat-accessoires","8":"product_cat-sniffers-large","9":"product_tag-largesnnfr","11":"first","12":"instock","13":"sale","14":"taxable","15":"shipping-taxable","16":"purchasable","17":"product-type-simple"},"acf":[],"df_price":12.5,"df_sale_price":12.5,"df_regular_price":16.95,"df_image_link":"https:\/\/poppersparadise.eu\/wp-content\/uploads\/2026\/02\/large-double-snffr-orange-300x300.jpg","_links":{"self":[{"href":"https:\/\/poppersparadise.eu\/da\/wp-json\/wp\/v2\/product\/28995","targetHints":{"allow":["GET"]}}],"collection":[{"href":"https:\/\/poppersparadise.eu\/da\/wp-json\/wp\/v2\/product"}],"about":[{"href":"https:\/\/poppersparadise.eu\/da\/wp-json\/wp\/v2\/types\/product"}],"replies":[{"embeddable":true,"href":"https:\/\/poppersparadise.eu\/da\/wp-json\/wp\/v2\/comments?post=28995"}],"wp:featuredmedia":[{"embeddable":true,"href":"https:\/\/poppersparadise.eu\/da\/wp-json\/wp\/v2\/media\/29000"}],"wp:attachment":[{"href":"https:\/\/poppersparadise.eu\/da\/wp-json\/wp\/v2\/media?parent=28995"}],"wp:term":[{"taxonomy":"product_brand","embeddable":true,"href":"https:\/\/poppersparadise.eu\/da\/wp-json\/wp\/v2\/product_brand?post=28995"},{"taxonomy":"product_cat","embeddable":true,"href":"https:\/\/poppersparadise.eu\/da\/wp-json\/wp\/v2\/product_cat?post=28995"},{"taxonomy":"product_tag","embeddable":true,"href":"https:\/\/poppersparadise.eu\/da\/wp-json\/wp\/v2\/product_tag?post=28995"}],"curies":[{"name":"wp","href":"https:\/\/api.w.org\/{rel}","templated":true}]}}