{"id":25471,"date":"2025-11-26T13:49:59","date_gmt":"2025-11-26T12:49:59","guid":{"rendered":"https:\/\/poppersparadise.eu\/?post_type=product&#038;p=25471"},"modified":"2026-03-29T17:28:22","modified_gmt":"2026-03-29T15:28:22","slug":"twisted-beast-helligt-vand-10-ml-poppers","status":"publish","type":"product","link":"https:\/\/poppersparadise.eu\/da\/product\/twisted-beast-holy-water-10ml-poppers\/","title":{"rendered":"Twisted Beast Holy Water 10ml"},"content":{"rendered":"<h2 class=\"wp-block-heading\">Twisted Beast Holy Water 10ml Poppers<\/h2>\n\n\n\n<p>Twisted Beast Holy Water 10ml Poppers \u2013 er specielt designet til dem, der s\u00f8ger en kraftig og langvarig duftoplevelse. Dette produkt er produceret af det engelske m\u00e6rke Twisted Beast og tilbyder en unik duftoplevelse, der er perfekt til s\u00e6rlige \u00f8jeblikke og eventyrlystne sj\u00e6le.<\/p>\n\n\n\n<h3 class=\"wp-block-heading\">Vigtigste egenskaber ved Twisted Beast Holy Water Poppers<\/h3>\n\n\n\n<ul class=\"wp-block-list\">\n<li><strong>Kraftfuld formel<\/strong>: Designet til en langvarig og intens duftoplevelse.<\/li>\n\n\n\n<li><strong>H\u00f8j kvalitet<\/strong>: Fremstillet af Twisted Beast, et m\u00e6rke, der er kendt for sin p\u00e5lidelighed.<\/li>\n\n\n\n<li><strong>Praktisk format<\/strong>: Fyldt p\u00e5 en 10 ml glasflaske, perfekt til at tage med.<\/li>\n\n\n\n<li><strong>Alsidig brug<\/strong>: Passer til forskellige lejligheder og eventyr.<\/li>\n<\/ul>\n\n\n\n<h3 class=\"wp-block-heading\">Hvordan bruger man Twisted Beast Holy Water Poppers?<\/h3>\n\n\n\n<p>Brug Twisted Beast Holy Water Poppers udelukkende som duftspreder eller reng\u00f8ringsmiddel. Det er ikke egnet til konsum og m\u00e5 ikke ind\u00e5ndes. Opbevar produktet p\u00e5 et k\u00f8ligt, t\u00f8rt sted og luk flasken godt efter brug.<\/p>\n\n\n\n<h3 class=\"wp-block-heading\">Hvorfor Twisted Beast Holy Water Poppers er en favorit<\/h3>\n\n\n\n<p>Den kraftfulde formel og p\u00e5lideligheden af m\u00e6rket Twisted Beast g\u00f8r dette produkt til en favorit blandt elskere af intense duftspredere. Den giver en unik duftoplevelse, der er perfekt til s\u00e6rlige \u00f8jeblikke.<\/p>\n\n\n\n<h3 class=\"wp-block-heading\">Advarsler<\/h3>\n\n\n\n<p>Meget brandfarlig v\u00e6ske og damp (H225).<br>For\u00e5rsager hud- og \u00f8jenirritation (H315\/H319).<br>Giftig ved ind\u00e5nding (H331).<br>Ikke et l\u00e6gemiddel. Brug p\u00e5 egen risiko.<\/p>\n\n\n\n<h3 class=\"wp-block-heading\">Brug<\/h3>\n\n\n\n<p>Kun beregnet som duftspreder eller reng\u00f8ringsmiddel.<br>Ikke egnet til menneskef\u00f8de og b\u00f8r ikke ind\u00e5ndes.<\/p>\n\n\n\n<h3 class=\"wp-block-heading\">Opbevaring<\/h3>\n\n\n\n<p>Opbevares p\u00e5 et k\u00f8ligt og t\u00f8rt sted. Opbevares utilg\u00e6ngeligt for b\u00f8rn.<\/p>\n\n\n\n<h3 class=\"wp-block-heading\">Oprindelsesland<\/h3>\n\n\n\n<p>Luxembourg.<\/p>","protected":false},"excerpt":{"rendered":"<p><strong><br \/>KOMPATIBELT TILBEH\u00d8R:<\/strong><\/p>\n<ul>\n<li><a href=\"https:\/\/poppersparadise.eu\/da\/produktkategori\/tilbehor\/sniffer-lille\/\">Sniffers Small<\/a><\/li>\n<li><a href=\"https:\/\/poppersparadise.eu\/da\/product\/xtrm-poppers-houder-zwart-small\/\">XTRM Poppers Holder Lille<\/a><\/li>\n<li><a href=\"https:\/\/poppersparadise.eu\/da\/product\/xtrm-poppers-keeper-small-10ml-2\/\">XTRM Poppers Keeper Small<\/a><\/li>\n<\/ul>","protected":false},"featured_media":25472,"comment_status":"open","ping_status":"closed","template":"","meta":{"_acf_changed":false},"product_brand":[580,789],"product_cat":[34],"product_tag":[],"class_list":{"0":"post-25471","1":"product","2":"type-product","3":"status-publish","4":"has-post-thumbnail","6":"product_brand-twisted-beast","7":"product_brand-uk","8":"product_cat-kleine-flesjes-poppers","10":"first","11":"instock","12":"taxable","13":"shipping-taxable","14":"purchasable","15":"product-type-simple"},"acf":[],"df_price":6.5,"df_sale_price":"","df_regular_price":6.5,"df_image_link":"https:\/\/poppersparadise.eu\/wp-content\/uploads\/2025\/11\/Holy-Water-10ml-Poppers-300x300.jpg","_links":{"self":[{"href":"https:\/\/poppersparadise.eu\/da\/wp-json\/wp\/v2\/product\/25471","targetHints":{"allow":["GET"]}}],"collection":[{"href":"https:\/\/poppersparadise.eu\/da\/wp-json\/wp\/v2\/product"}],"about":[{"href":"https:\/\/poppersparadise.eu\/da\/wp-json\/wp\/v2\/types\/product"}],"replies":[{"embeddable":true,"href":"https:\/\/poppersparadise.eu\/da\/wp-json\/wp\/v2\/comments?post=25471"}],"wp:featuredmedia":[{"embeddable":true,"href":"https:\/\/poppersparadise.eu\/da\/wp-json\/wp\/v2\/media\/25472"}],"wp:attachment":[{"href":"https:\/\/poppersparadise.eu\/da\/wp-json\/wp\/v2\/media?parent=25471"}],"wp:term":[{"taxonomy":"product_brand","embeddable":true,"href":"https:\/\/poppersparadise.eu\/da\/wp-json\/wp\/v2\/product_brand?post=25471"},{"taxonomy":"product_cat","embeddable":true,"href":"https:\/\/poppersparadise.eu\/da\/wp-json\/wp\/v2\/product_cat?post=25471"},{"taxonomy":"product_tag","embeddable":true,"href":"https:\/\/poppersparadise.eu\/da\/wp-json\/wp\/v2\/product_tag?post=25471"}],"curies":[{"name":"wp","href":"https:\/\/api.w.org\/{rel}","templated":true}]}}