{"id":22663,"date":"2025-10-20T21:12:31","date_gmt":"2025-10-20T19:12:31","guid":{"rendered":"https:\/\/poppersparadise.eu\/?post_type=product&#038;p=22663"},"modified":"2026-04-05T18:05:17","modified_gmt":"2026-04-05T16:05:17","slug":"locker-room-high-rise-extreme-formula-30ml-poppers","status":"publish","type":"product","link":"https:\/\/poppersparadise.eu\/da\/product\/lockerroom-high-rise-extreme-formula-30ml-poppers\/","title":{"rendered":"Highrise Extreme Formula 30ml (JJ)"},"content":{"rendered":"<h2 class=\"wp-block-heading\">Lockerroom Highrise Extreme Formula 30ml Poppers - ikonisk favorit<\/h2>\n\n\n\n<p>Highrise Extreme Formula 30ml Poppers er en ikonisk duftspreder fra Lockerroom Canada, som er elsket af kendere og trends\u00e6ttere. Med sin nye Pentyl-baseformel giver dette produkt en intens duftoplevelse, som har v\u00e6ret en favorit i \u00e5revis. Den store 30 ml-flaske er perfekt til langtidsbrug og ideel til dem, der leder efter en p\u00e5lidelig klassiker.<\/p>\n\n\n\n<h3 class=\"wp-block-heading\">N\u00f8glefunktioner i Highrise Extreme Formula 30ml Poppers<\/h3>\n\n\n\n<p>Flasken har en kapacitet p\u00e5 30 ml og indeholder en omhyggeligt formuleret blanding af Pentylnitrite \/ 1-Pentanol 2-Methyl-1-Butanol 2-Methylbutylnitrite. Denne nye formel er kendt for sin kraftfulde og langvarige duftoplevelse. Produktet er fremstillet af Lockerroom Canada, en f\u00f8rende producent af duftspredere.<\/p>\n\n\n\n<h3 class=\"wp-block-heading\">Hvordan bruger du Highrise Extreme Formula 30ml Poppers?<\/h3>\n\n\n\n<p>Brug kun High Rise New Formula 30ml Poppers som duftspreder eller reng\u00f8ringsmiddel. Det er ikke egnet til menneskef\u00f8de og b\u00f8r ikke ind\u00e5ndes. Opbevar produktet p\u00e5 et k\u00f8ligt, m\u00f8rkt sted for at bevare dets kvalitet, og luk flasken t\u00e6t efter brug p\u00e5 grund af produktets flygtige natur.<\/p>\n\n\n\n<h3 class=\"wp-block-heading\">Hvorfor Highrise Extreme Formula 30ml Poppers er en favorit<\/h3>\n\n\n\n<p>Highrise Extreme Formula 30ml Poppers er et klassisk valg blandt duftspredere. Dens Pentyl-baserede formel og p\u00e5lidelige ydeevne g\u00f8r dette produkt til en favorit for fans, der \u00f8nsker en intens og langvarig duftoplevelse.<\/p>\n\n\n\n<h3 class=\"wp-block-heading\">Advarsler<\/h3>\n\n\n\n<p>Meget brandfarlig v\u00e6ske og damp (H225).<br>For\u00e5rsager hud- og \u00f8jenirritation (H315\/H319).<br>Giftig ved ind\u00e5nding (H331).<br>Ikke et l\u00e6gemiddel. Brug p\u00e5 egen risiko.<\/p>\n\n\n\n<h3 class=\"wp-block-heading\">Brug<\/h3>\n\n\n\n<p>Kun beregnet som duftspreder eller reng\u00f8ringsmiddel.<br>Ikke egnet til menneskef\u00f8de og b\u00f8r ikke ind\u00e5ndes.<\/p>\n\n\n\n<h3 class=\"wp-block-heading\">Opbevaring<\/h3>\n\n\n\n<p>Opbevares p\u00e5 et k\u00f8ligt og t\u00f8rt sted. Opbevares utilg\u00e6ngeligt for b\u00f8rn.<\/p>\n\n\n\n<h3 class=\"wp-block-heading\">Oprindelsesland<\/h3>\n\n\n\n<p>Canada.<\/p>","protected":false},"excerpt":{"rendered":"<p><strong> <br \/>KOMPATIBELT TILBEH\u00d8R:<\/strong><\/p>\n<ul>\n<li><a href=\"https:\/\/poppersparadise.eu\/da\/produktkategori\/tilbehor\/sniffer-medium\/\">Sniffers Medium<\/a><\/li>\n<\/ul>","protected":false},"featured_media":22666,"comment_status":"open","ping_status":"closed","template":"","meta":{"_acf_changed":false},"product_brand":[772],"product_cat":[35],"product_tag":[705],"class_list":{"0":"post-22663","1":"product","2":"type-product","3":"status-publish","4":"has-post-thumbnail","6":"product_brand-lockerroom-jj","7":"product_cat-grote-flesjes-poppers","8":"product_tag-tube","10":"first","11":"instock","12":"taxable","13":"shipping-taxable","14":"purchasable","15":"product-type-simple"},"acf":[],"df_price":8.75,"df_sale_price":"","df_regular_price":8.75,"df_image_link":"https:\/\/poppersparadise.eu\/wp-content\/uploads\/2025\/10\/High-Rise-Extreme-300x300.jpg","_links":{"self":[{"href":"https:\/\/poppersparadise.eu\/da\/wp-json\/wp\/v2\/product\/22663","targetHints":{"allow":["GET"]}}],"collection":[{"href":"https:\/\/poppersparadise.eu\/da\/wp-json\/wp\/v2\/product"}],"about":[{"href":"https:\/\/poppersparadise.eu\/da\/wp-json\/wp\/v2\/types\/product"}],"replies":[{"embeddable":true,"href":"https:\/\/poppersparadise.eu\/da\/wp-json\/wp\/v2\/comments?post=22663"}],"wp:featuredmedia":[{"embeddable":true,"href":"https:\/\/poppersparadise.eu\/da\/wp-json\/wp\/v2\/media\/22666"}],"wp:attachment":[{"href":"https:\/\/poppersparadise.eu\/da\/wp-json\/wp\/v2\/media?parent=22663"}],"wp:term":[{"taxonomy":"product_brand","embeddable":true,"href":"https:\/\/poppersparadise.eu\/da\/wp-json\/wp\/v2\/product_brand?post=22663"},{"taxonomy":"product_cat","embeddable":true,"href":"https:\/\/poppersparadise.eu\/da\/wp-json\/wp\/v2\/product_cat?post=22663"},{"taxonomy":"product_tag","embeddable":true,"href":"https:\/\/poppersparadise.eu\/da\/wp-json\/wp\/v2\/product_tag?post=22663"}],"curies":[{"name":"wp","href":"https:\/\/api.w.org\/{rel}","templated":true}]}}