{"id":21408,"date":"2025-09-16T10:57:36","date_gmt":"2025-09-16T08:57:36","guid":{"rendered":"https:\/\/poppersparadise.eu\/?post_type=product&#038;p=21408"},"modified":"2026-03-29T23:23:21","modified_gmt":"2026-03-29T21:23:21","slug":"the-radikal-by-rush-30-ml-poppers","status":"publish","type":"product","link":"https:\/\/poppersparadise.eu\/da\/product\/the-radikal-by-rush-30ml-poppers\/","title":{"rendered":"Radikal Rush 30ml"},"content":{"rendered":"<h2 class=\"wp-block-heading\">Radikal Rush 30ml Poppers: kraft i en metalflaske<\/h2>\n\n\n\n<p>Radikal Rush 30ml Poppers er en duftspreder, der er designet til direkte og intens duftspredning. Dette premiumprodukt opfylder perfekt forventningerne hos brugere, der s\u00f8ger kraft og \u00f8jeblikkelig effektivitet.<\/p>\n\n\n\n<p>Med sin store st\u00f8rrelse er den et ideelt valg for kunder, der \u00f8nsker at kombinere en kraftig duftspreder med brugervenlighed og b\u00e6rbarhed.<\/p>\n\n\n\n<h3 class=\"wp-block-heading\">Hvorfor v\u00e6lge Radikal Rush 30ml Poppers?<\/h3>\n\n\n\n<ul class=\"wp-block-list\">\n<li><strong>Direkte effekt:<\/strong>&nbsp;Udviklet til hurtig og intens duftspredning.<\/li>\n\n\n\n<li><strong>Stort format:<\/strong>&nbsp;Praktisk og friskere i l\u00e6ngere tid takket v\u00e6re metalemballage.<\/li>\n\n\n\n<li><strong>F\u00f8rsteklasses kvalitet:<\/strong>&nbsp;Specielt designet til brugere, der stiller h\u00f8je krav til deres duftspreder.<\/li>\n<\/ul>\n\n\n\n<h3 class=\"wp-block-heading\">Vigtig brugerinformation<\/h3>\n\n\n\n<ul class=\"wp-block-list\">\n<li>Dette produkt er kun beregnet til brug som duftspreder eller reng\u00f8ringsmiddel.<\/li>\n\n\n\n<li>Det er ikke egnet til indtagelse eller ind\u00e5nding.<\/li>\n\n\n\n<li>Undg\u00e5 direkte hudkontakt p\u00e5 grund af de \u00e6tsende egenskaber.<\/li>\n\n\n\n<li>Opbevares k\u00f8ligt og m\u00f8rkt, og luk flasken t\u00e6t efter brug.<\/li>\n<\/ul>\n\n\n\n<h3 class=\"wp-block-heading\">Advarsler<\/h3>\n\n\n\n<ul class=\"wp-block-list\">\n<li>Meget brandfarlig v\u00e6ske og damp (H225).<\/li>\n\n\n\n<li>For\u00e5rsager hud- og \u00f8jenirritation (H315\/H319).<\/li>\n\n\n\n<li>Giftig ved ind\u00e5nding (H331).<\/li>\n\n\n\n<li>Ikke et l\u00e6gemiddel eller medicinsk produkt.<\/li>\n\n\n\n<li>Brug kun som anvist.<\/li>\n<\/ul>\n\n\n\n<h3 class=\"wp-block-heading\">Opbevaring<\/h3>\n\n\n\n<ul class=\"wp-block-list\">\n<li>Opbevares k\u00f8ligt og t\u00f8rt.<\/li>\n\n\n\n<li>Opbevares utilg\u00e6ngeligt for b\u00f8rn.<\/li>\n<\/ul>\n\n\n\n<h3 class=\"wp-block-heading\">Oprindelsesland<\/h3>\n\n\n\n<p>Frankrig<\/p>\n\n\n\n<h3 class=\"wp-block-heading\">Hvorfor v\u00e6lge Radikal Rush 30ml Poppers?<\/h3>\n\n\n\n<p>Radikal Rush 30ml Poppers kombinerer kraftig duftspredning med et metallisk og praktisk design. Perfekt til kunder, der s\u00f8ger en h\u00f8jkvalitets duftspreder med \u00f8jeblikkelig virkning.<\/p>\n\n\n\n<p>Bestil din flaske Radikal Rush 30ml Poppers i dag og opdag, hvorfor dette produkt er et favorit blandt brugere af duftspredere!<\/p>\n\n\n\n<p><\/p>","protected":false},"excerpt":{"rendered":"<p><strong><br \/>KOMPATIBELT TILBEH\u00d8R:<\/strong><\/p>\n<ul>\n<li><a href=\"https:\/\/poppersparadise.eu\/da\/produktkategori\/tilbehor\/sniffer-lille\/\">Sniffers Small<\/a><\/li>\n<\/ul>","protected":false},"featured_media":21409,"comment_status":"open","ping_status":"closed","template":"","meta":{"_acf_changed":false},"product_brand":[751],"product_cat":[35],"product_tag":[],"class_list":{"0":"post-21408","1":"product","2":"type-product","3":"status-publish","4":"has-post-thumbnail","6":"product_brand-rush","7":"product_cat-grote-flesjes-poppers","9":"first","10":"instock","11":"taxable","12":"shipping-taxable","13":"purchasable","14":"product-type-simple"},"acf":[],"df_price":7.95,"df_sale_price":"","df_regular_price":7.95,"df_image_link":"https:\/\/poppersparadise.eu\/wp-content\/uploads\/2025\/09\/radikal-by-rush-30ml-300x300.jpg","_links":{"self":[{"href":"https:\/\/poppersparadise.eu\/da\/wp-json\/wp\/v2\/product\/21408","targetHints":{"allow":["GET"]}}],"collection":[{"href":"https:\/\/poppersparadise.eu\/da\/wp-json\/wp\/v2\/product"}],"about":[{"href":"https:\/\/poppersparadise.eu\/da\/wp-json\/wp\/v2\/types\/product"}],"replies":[{"embeddable":true,"href":"https:\/\/poppersparadise.eu\/da\/wp-json\/wp\/v2\/comments?post=21408"}],"wp:featuredmedia":[{"embeddable":true,"href":"https:\/\/poppersparadise.eu\/da\/wp-json\/wp\/v2\/media\/21409"}],"wp:attachment":[{"href":"https:\/\/poppersparadise.eu\/da\/wp-json\/wp\/v2\/media?parent=21408"}],"wp:term":[{"taxonomy":"product_brand","embeddable":true,"href":"https:\/\/poppersparadise.eu\/da\/wp-json\/wp\/v2\/product_brand?post=21408"},{"taxonomy":"product_cat","embeddable":true,"href":"https:\/\/poppersparadise.eu\/da\/wp-json\/wp\/v2\/product_cat?post=21408"},{"taxonomy":"product_tag","embeddable":true,"href":"https:\/\/poppersparadise.eu\/da\/wp-json\/wp\/v2\/product_tag?post=21408"}],"curies":[{"name":"wp","href":"https:\/\/api.w.org\/{rel}","templated":true}]}}