{"id":20700,"date":"2025-08-20T16:21:56","date_gmt":"2025-08-20T14:21:56","guid":{"rendered":"https:\/\/poppersparadise.eu\/?post_type=product&#038;p=20700"},"modified":"2026-03-24T08:39:26","modified_gmt":"2026-03-24T07:39:26","slug":"twisted-beast-hypno-max-copy","status":"publish","type":"product","link":"https:\/\/poppersparadise.eu\/da\/product\/twisted-beast-hypno-max-kopieren\/","title":{"rendered":"Twisted Beast Hypno Max 10ml"},"content":{"rendered":"<h2 class=\"wp-block-heading\">Twisted Beast Hypno Max 10ml Poppers - kraft og mystik i \u00e9t<\/h2>\n\n\n\n<p>Twisted Beast Hypno Max 10ml Poppers er et unikt valg for dem, der er p\u00e5 udkig efter en intens og mystisk duftoplevelse. Dette produkt er produceret af det britiske kultm\u00e6rke Twisted Beast og tilbyder en kraftig amylnitritformel i en 10 ml flaske. Perfekt til eventyrlystne, der leder efter noget s\u00e6rligt.<\/p>\n\n\n\n<h3 class=\"wp-block-heading\">N\u00f8glefunktioner i Twisted Beast Hypno Max<\/h3>\n\n\n\n<ul class=\"wp-block-list\">\n<li><strong>Formel af h\u00f8j kvalitet<\/strong>: Indeholder amylnitrit til kraftig duftspredning.<\/li>\n\n\n\n<li><strong>Gener\u00f8st indhold<\/strong>: Aftappet i en 10 ml flaske.<\/li>\n\n\n\n<li><strong>Unikt brand<\/strong>: Produceret af det engelske kultm\u00e6rke Twisted Beast.<\/li>\n\n\n\n<li><strong>Stilfuld pr\u00e6sentation<\/strong>: Et sl\u00e5ende design, der udstr\u00e5ler luksus og mystik.<\/li>\n<\/ul>\n\n\n\n<h3 class=\"wp-block-heading\">Hvordan bruger du Twisted Beast Hypno?<\/h3>\n\n\n\n<p>Brug kun Twisted Beast Hypno som duftspreder eller reng\u00f8ringsmiddel. Det er ikke egnet til menneskef\u00f8de og m\u00e5 ikke ind\u00e5ndes. Opbevar produktet p\u00e5 et k\u00f8ligt, t\u00f8rt sted, og luk flasken t\u00e6t efter brug.<\/p>\n\n\n\n<h3 class=\"wp-block-heading\">Hvorfor Twisted Beast Hypno er en favorit<\/h3>\n\n\n\n<p>Den kraftfulde formel, det gener\u00f8se indhold og det unikke udseende g\u00f8r dette produkt til en favorit blandt duftspredere. Den giver en intens duftoplevelse, der er perfekt til s\u00e6rlige \u00f8jeblikke.<\/p>\n\n\n\n<h3 class=\"wp-block-heading\">Advarsler<\/h3>\n\n\n\n<p>Meget brandfarlig v\u00e6ske og damp (H225).<br>For\u00e5rsager hud- og \u00f8jenirritation (H315\/H319).<br>Giftig ved ind\u00e5nding (H331).<br>Ikke et l\u00e6gemiddel. Brug p\u00e5 egen risiko.<\/p>\n\n\n\n<h3 class=\"wp-block-heading\">Brug<\/h3>\n\n\n\n<p>Kun beregnet som duftspreder eller reng\u00f8ringsmiddel.<br>Ikke egnet til menneskef\u00f8de og b\u00f8r ikke ind\u00e5ndes.<\/p>\n\n\n\n<h3 class=\"wp-block-heading\">Opbevaring<\/h3>\n\n\n\n<p>Opbevares p\u00e5 et k\u00f8ligt og t\u00f8rt sted. Opbevares utilg\u00e6ngeligt for b\u00f8rn.<\/p>\n\n\n\n<h3 class=\"wp-block-heading\">Oprindelsesland<\/h3>\n\n\n\n<p>Luxembourg.<\/p>","protected":false},"excerpt":{"rendered":"<p><strong><br \/>KOMPATIBELT TILBEH\u00d8R:<\/strong><\/p>\n<ul>\n<li><a href=\"https:\/\/poppersparadise.eu\/da\/produktkategori\/tilbehor\/sniffer-lille\/\">Sniffers Small<\/a><\/li>\n<li><a href=\"https:\/\/poppersparadise.eu\/da\/product\/xtrm-poppers-houder-zwart-small\/\">XTRM Poppers Holder Lille<\/a><\/li>\n<li><a href=\"https:\/\/poppersparadise.eu\/da\/product\/xtrm-poppers-keeper-small-10ml-2\/\">XTRM Poppers Keeper Small<\/a><\/li>\n<\/ul>","protected":false},"featured_media":20704,"comment_status":"open","ping_status":"closed","template":"","meta":{"_acf_changed":false},"product_brand":[580,789],"product_cat":[34],"product_tag":[],"class_list":{"0":"post-20700","1":"product","2":"type-product","3":"status-publish","4":"has-post-thumbnail","6":"product_brand-twisted-beast","7":"product_brand-uk","8":"product_cat-kleine-flesjes-poppers","10":"first","11":"instock","12":"taxable","13":"shipping-taxable","14":"purchasable","15":"product-type-simple"},"acf":[],"df_price":5.95,"df_sale_price":"","df_regular_price":5.95,"df_image_link":"https:\/\/poppersparadise.eu\/wp-content\/uploads\/2025\/08\/hypno-max-10ml-300x300.jpg","_links":{"self":[{"href":"https:\/\/poppersparadise.eu\/da\/wp-json\/wp\/v2\/product\/20700","targetHints":{"allow":["GET"]}}],"collection":[{"href":"https:\/\/poppersparadise.eu\/da\/wp-json\/wp\/v2\/product"}],"about":[{"href":"https:\/\/poppersparadise.eu\/da\/wp-json\/wp\/v2\/types\/product"}],"replies":[{"embeddable":true,"href":"https:\/\/poppersparadise.eu\/da\/wp-json\/wp\/v2\/comments?post=20700"}],"wp:featuredmedia":[{"embeddable":true,"href":"https:\/\/poppersparadise.eu\/da\/wp-json\/wp\/v2\/media\/20704"}],"wp:attachment":[{"href":"https:\/\/poppersparadise.eu\/da\/wp-json\/wp\/v2\/media?parent=20700"}],"wp:term":[{"taxonomy":"product_brand","embeddable":true,"href":"https:\/\/poppersparadise.eu\/da\/wp-json\/wp\/v2\/product_brand?post=20700"},{"taxonomy":"product_cat","embeddable":true,"href":"https:\/\/poppersparadise.eu\/da\/wp-json\/wp\/v2\/product_cat?post=20700"},{"taxonomy":"product_tag","embeddable":true,"href":"https:\/\/poppersparadise.eu\/da\/wp-json\/wp\/v2\/product_tag?post=20700"}],"curies":[{"name":"wp","href":"https:\/\/api.w.org\/{rel}","templated":true}]}}