{"id":19153,"date":"2025-06-27T17:37:54","date_gmt":"2025-06-27T15:37:54","guid":{"rendered":"https:\/\/poppersparadise.eu\/product\/starlight-stinger-dildo-l\/"},"modified":"2026-02-26T12:36:57","modified_gmt":"2026-02-26T11:36:57","slug":"starlight-stinger-dildo-l","status":"publish","type":"product","link":"https:\/\/poppersparadise.eu\/da\/product\/starlight-stinger-dildo-l\/","title":{"rendered":"Starlight Stinger Dildo - L"},"content":{"rendered":"<h2>Efter en lang rejse er den kommet: Starlight Stinger Dildo.<\/h2>\n<p>En overjordisk skabning er landet p\u00e5 jorden: Starlight Stinger. Med sine levende farver, materialer af h\u00f8j kvalitet og alsidige design er dette ikke bare endnu en dildo; det er en himmelsk allieret, der giver n\u00e6ring til dine lyster og f\u00e5r dine fantasier til at g\u00e5 i opfyldelse.<\/p>\n<p>If\u00f8lge legenden er Starlight Stinger ikke noget almindeligt objekt. Den stammer fra en fremmed galakse og har en klar mission: at f\u00e5 sine brugere til at opleve uovertruffen nydelse, mens den spreder gl\u00e6de, hvor end den kommer frem. Denne skabelse af h\u00f8j kvalitet er specielt designet til eventyrlystne par og solo-opdagelsesrejsende og er her for at forf\u00f8re, ophidse og engagere p\u00e5 m\u00e5der, du aldrig troede var mulige.<\/p>\n<h3>Hvorfor Starlight Stinger er unik<\/h3>\n<p>Starlight Stinger er fremstillet af den fineste platinsilikone og er designet til at give en overjordisk, men utrolig realistisk oplevelse. Det fascinerende spil af bl\u00e5gr\u00f8nne, gyldne og lilla farver tilf\u00f8jer et visuelt fantastisk element til dine \u00f8jeblikke og stimulerer dine sanser, selv f\u00f8r eventyret begynder.<\/p>\n<p>Med perfekt afbalancerede dimensioner til b\u00e5de vaginal og anal stimulation er dette alsidige leget\u00f8j det perfekte valg for alle, der \u00f8nsker at udforske deres sensualitet. Det er holdbart, kropsvenligt og lavet til dem, der mener, at nydelse ikke har nogen gr\u00e6nser.<\/p>\n<h3>Produktspecifikationer<\/h3>\n<ul>\n<li><b>Samlet l\u00e6ngde<\/b>: 24,0 cm<\/li>\n<li><b>Inds\u00e6tningsl\u00e6ngde<\/b>: 19,4 cm<\/li>\n<li><b>Diameter p\u00e5 spidsen<\/b>: 6,2 cm<\/li>\n<li><b>Akslens diameter<\/b>: 6,8 cm<\/li>\n<li><b>Diameter p\u00e5 basen<\/b>: 14,5 cm<\/li>\n<li><b>V\u00e6gt<\/b>: 1427 g<\/li>\n<li><b>Materiale<\/b>: Platinsilikone af h\u00f8j kvalitet<\/li>\n<li><b>Farve<\/b>: En himmelsk blanding af gr\u00f8n-bl\u00e5, guld og lilla<\/li>\n<li><b>Alsidig brug:<\/b> Ideel til b\u00e5de anal og vaginal stimulation, perfekt til enhver fantasy-elsker<\/li>\n<\/ul>\n<h3>Din ultimative nydelse venter<\/h3>\n<p>Starlight Stinger er til dem, der ikke er bange for at dykke ned i deres mest livlige fantasier. Bring universets ekstraordin\u00e6re energi ind i dit sovev\u00e6relse, og oplev magien ved denne overjordiske ledsager. Perfekt til alle, der kan lide at udforske deres gr\u00e6nser eller tilf\u00f8je et strejf af sp\u00e6nding til deres samling.<\/p>\n<p>Starlight Stinger leveres i diskret, milj\u00f8venlig emballage og sendes med fuld respekt for dit privatliv. Uanset om du g\u00e5r solo eller udforsker med en partner, vil dette kosmiske leget\u00f8j uden tvivl give dig uforglemmelige oplevelser.<\/p>\n<p>Dr\u00f8m ikke bare om gl\u00e6de hinsides denne verden - oplev den.<\/p>","protected":false},"excerpt":{"rendered":"<p>Oplev Starlight Stinger, en premium platin silikone dildo designet til kosmisk nydelse med levende farver og uovertruffen kvalitet.<\/p>","protected":false},"featured_media":19152,"comment_status":"open","ping_status":"closed","template":"","meta":{"_acf_changed":false},"product_brand":[767],"product_cat":[766,787],"product_tag":[],"class_list":{"0":"post-19153","1":"product","2":"type-product","3":"status-publish","4":"has-post-thumbnail","6":"product_brand-giant-space-intruders","7":"product_cat-dildos","8":"product_cat-monster-fantasy-dildos","10":"first","11":"instock","12":"sale","13":"taxable","14":"shipping-taxable","15":"purchasable","16":"product-type-simple"},"acf":[],"df_price":111.99,"df_sale_price":111.99,"df_regular_price":177.99,"df_image_link":"https:\/\/poppersparadise.eu\/wp-content\/uploads\/2025\/06\/01-1-300x300.jpg","_links":{"self":[{"href":"https:\/\/poppersparadise.eu\/da\/wp-json\/wp\/v2\/product\/19153","targetHints":{"allow":["GET"]}}],"collection":[{"href":"https:\/\/poppersparadise.eu\/da\/wp-json\/wp\/v2\/product"}],"about":[{"href":"https:\/\/poppersparadise.eu\/da\/wp-json\/wp\/v2\/types\/product"}],"replies":[{"embeddable":true,"href":"https:\/\/poppersparadise.eu\/da\/wp-json\/wp\/v2\/comments?post=19153"}],"wp:featuredmedia":[{"embeddable":true,"href":"https:\/\/poppersparadise.eu\/da\/wp-json\/wp\/v2\/media\/19152"}],"wp:attachment":[{"href":"https:\/\/poppersparadise.eu\/da\/wp-json\/wp\/v2\/media?parent=19153"}],"wp:term":[{"taxonomy":"product_brand","embeddable":true,"href":"https:\/\/poppersparadise.eu\/da\/wp-json\/wp\/v2\/product_brand?post=19153"},{"taxonomy":"product_cat","embeddable":true,"href":"https:\/\/poppersparadise.eu\/da\/wp-json\/wp\/v2\/product_cat?post=19153"},{"taxonomy":"product_tag","embeddable":true,"href":"https:\/\/poppersparadise.eu\/da\/wp-json\/wp\/v2\/product_tag?post=19153"}],"curies":[{"name":"wp","href":"https:\/\/api.w.org\/{rel}","templated":true}]}}